{"id":3162,"date":"2024-11-08T02:38:15","date_gmt":"2024-11-08T01:38:15","guid":{"rendered":"https:\/\/cosechabags.com\/?post_type=product&#038;p=3162"},"modified":"2025-07-26T21:32:30","modified_gmt":"2025-07-26T19:32:30","slug":"bolso-wayuu-elimar","status":"publish","type":"product","link":"https:\/\/cosechabags.com\/es\/product\/bolso-wayuu-elimar\/","title":{"rendered":"Bolso Wayuu Elimar"},"content":{"rendered":"<h3>T\u00e9cnicas consagradas por el tiempo<\/h3>\n<p>El bolso Wayuu Elimar es una vibrante celebraci\u00f3n del arte Wayuu, que fusiona tradiciones antiguas con un toque moderno. Cada bolso cuenta con un lienzo \u00fanico de varios colores, cuidadosamente elaborado para crear una danza hipn\u00f3tica de color y textura que agrega un toque de elegancia ex\u00f3tica a su vida cotidiana.<\/p>\n<h3>Detalles elegantes del bolso Wayuu Elimar<\/h3>\n<p>Lleva tus accesorios a otro nivel con los impresionantes detalles en oro rosa y cuero aut\u00e9ntico de este bolso, elaborados por expertos para agregar un toque de sofisticaci\u00f3n y glamour. Pero el lujo no termina ah\u00ed: el interior es igualmente extraordinario, con un suntuoso forro que envuelve tus pertenencias con comodidad y estilo, lo que garantiza una experiencia verdaderamente premium.<\/p>\n<h3>Est\u00e9tica adaptable<\/h3>\n<p>La ingeniosa correa ajustable del bolso Wayuu Elimar es la \u00faltima novedad. Con un ajuste r\u00e1pido, puedes cambiar f\u00e1cilmente tu estilo para adaptarlo a tu estado de \u00e1nimo. Ll\u00e9vala cruzada para un look relajado y despreocupado, sostenla en la mano para un aspecto elegante y sofisticado, o envu\u00e9lvela alrededor de tu cintura para una versi\u00f3n fresca y contempor\u00e1nea de la cl\u00e1sica ri\u00f1onera. \u00a1Las posibilidades son infinitas con Elimar!<\/p>\n<h3 class=\"x1yztbdb\"><span class=\"x1lliihq x1plvlek xryxfnj x1n2onr6 x1ji0vk5 x18bv5gf x193iq5w xeuugli x1fj9vlw x13faqbe x1vvkbs x1s928wv xhkezso x1gmr53x x1cpjm7i x1fgarty x1943h6x xt4736n x1havqas x1f0sm9e x12qp5cl xzsf02u x1yc453h xudqn12 x3x7a5m\">Apoyo a las Comunidades:<\/span><\/h3>\n<p class=\"x1yztbdb\"><span class=\"x1lliihq x1plvlek xryxfnj x1n2onr6 x1ji0vk5 x18bv5gf x193iq5w xeuugli x1fj9vlw x13faqbe x1vvkbs x1s928wv xhkezso x1gmr53x x1cpjm7i x1fgarty x1943h6x xt4736n x1havqas x1f0sm9e x12qp5cl xzsf02u x1yc453h xudqn12 x3x7a5m\">Al comprar este producto, apoyas a las familias de nuestros artesanos <a href=\"https:\/\/cosechabags.com\/en\/wayuu-food-and-weaving-authentic-colombian-culture\/\">ind\u00edgenas Wayuu<\/a>, ya que operamos pr\u00e1cticas de comercio justo con estas comunidades.<\/span><\/p>\n<p>Si quieres explorar m\u00e1s cobre la cultura Wayuu, sigue el Instagram de <a href=\"https:\/\/www.instagram.com\/cosechabags\/\" target=\"_blank\" rel=\"noopener\">@cosechabags<\/a>.<\/p>\n","protected":false},"excerpt":{"rendered":"<p>Descubre el encanto \u00e9tnico de nuestro Bolso Wayuu Elimar hecho a mano, tejido con amor y dedicaci\u00f3n por expertos artesanos. Su dise\u00f1o \u00fanico y colorido te llevar\u00e1 a un viaje a trav\u00e9s de la rica cultura latinoamericana. Perfecto para agregar un toque bohemio a tu estilo. Combina materiales de alta calidad para una gran durabilidad. Originalmente tejido en hilo acr\u00edlico de crochet, agregamos detalles de cuero y herrajes dorados. Forrado con tela antifluorescente. Dimensiones: Di\u00e1metro (8.5 in), Profundidad (2 in), Correas ajustables (23-40 in). Usamos herrajes dorados de calidad comprobada. El bolso cuenta con un forro de bolsillo interior. Este bolso vers\u00e1til se puede usar de muchas maneras: como bolso de mano, bolso de hombro o bolso cruzado.<\/p>\n","protected":false},"featured_media":3175,"comment_status":"open","ping_status":"closed","template":"","meta":{"_joinchat":[]},"product_brand":[],"product_cat":[52,55,47],"product_tag":[],"class_list":{"0":"post-3162","1":"product","2":"type-product","3":"status-publish","4":"has-post-thumbnail","6":"product_cat-bolso-wayuu-bandolera","7":"product_cat-bolsos-cruzados-wayuu","8":"product_cat-bolsos-wayuu-medianos","10":"first","11":"instock","12":"shipping-taxable","13":"purchasable","14":"product-type-variable","15":"has-default-attributes"},"_links":{"self":[{"href":"https:\/\/cosechabags.com\/es\/wp-json\/wp\/v2\/product\/3162","targetHints":{"allow":["GET"]}}],"collection":[{"href":"https:\/\/cosechabags.com\/es\/wp-json\/wp\/v2\/product"}],"about":[{"href":"https:\/\/cosechabags.com\/es\/wp-json\/wp\/v2\/types\/product"}],"replies":[{"embeddable":true,"href":"https:\/\/cosechabags.com\/es\/wp-json\/wp\/v2\/comments?post=3162"}],"wp:featuredmedia":[{"embeddable":true,"href":"https:\/\/cosechabags.com\/es\/wp-json\/wp\/v2\/media\/3175"}],"wp:attachment":[{"href":"https:\/\/cosechabags.com\/es\/wp-json\/wp\/v2\/media?parent=3162"}],"wp:term":[{"taxonomy":"product_brand","embeddable":true,"href":"https:\/\/cosechabags.com\/es\/wp-json\/wp\/v2\/product_brand?post=3162"},{"taxonomy":"product_cat","embeddable":true,"href":"https:\/\/cosechabags.com\/es\/wp-json\/wp\/v2\/product_cat?post=3162"},{"taxonomy":"product_tag","embeddable":true,"href":"https:\/\/cosechabags.com\/es\/wp-json\/wp\/v2\/product_tag?post=3162"}],"curies":[{"name":"wp","href":"https:\/\/api.w.org\/{rel}","templated":true}]}}