{"id":3130,"date":"2024-11-08T00:01:51","date_gmt":"2024-11-07T23:01:51","guid":{"rendered":"https:\/\/cosechabags.com\/?post_type=product&#038;p=3130"},"modified":"2025-07-25T17:10:44","modified_gmt":"2025-07-25T15:10:44","slug":"bolso-wayuu-maite","status":"publish","type":"product","link":"https:\/\/cosechabags.com\/es\/product\/bolso-wayuu-maite\/","title":{"rendered":"Bolso Wayuu Maite"},"content":{"rendered":"","protected":false},"excerpt":{"rendered":"<p>Nuestro Bolso Wayuu Maite, es una obra de arte en Movimiento. Con su dise\u00f1o Geometrico y Colores Intensos, es una declaraci\u00f2nde estilo y personalidad. Hecho a mano por Artesanos indigenas Wayuu con Pasi\u00f2n y dedicaci\u00f2n en Hilo Acrilico y cuero autentico de altisima Calidad.<\/p>\n<p>Dimensiones: Diametro: (23 cm \/ 9 Inches), Profundidad: (5 cm, 2 Inches), Asas de largo ajustable: (52-120 cm \/ 20-48 Inches). Utilizamos en su elaboraci\u00f2n herrajes dorados de calidad comprobada. Posee un forro con Bolsillo en tela antifluido.<\/p>\n","protected":false},"featured_media":3148,"comment_status":"open","ping_status":"closed","template":"","meta":{"_joinchat":[]},"product_brand":[],"product_cat":[52,55,47],"product_tag":[],"class_list":{"0":"post-3130","1":"product","2":"type-product","3":"status-publish","4":"has-post-thumbnail","6":"product_cat-bolso-wayuu-bandolera","7":"product_cat-bolsos-cruzados-wayuu","8":"product_cat-bolsos-wayuu-medianos","10":"first","11":"instock","12":"shipping-taxable","13":"purchasable","14":"product-type-simple"},"_links":{"self":[{"href":"https:\/\/cosechabags.com\/es\/wp-json\/wp\/v2\/product\/3130","targetHints":{"allow":["GET"]}}],"collection":[{"href":"https:\/\/cosechabags.com\/es\/wp-json\/wp\/v2\/product"}],"about":[{"href":"https:\/\/cosechabags.com\/es\/wp-json\/wp\/v2\/types\/product"}],"replies":[{"embeddable":true,"href":"https:\/\/cosechabags.com\/es\/wp-json\/wp\/v2\/comments?post=3130"}],"wp:featuredmedia":[{"embeddable":true,"href":"https:\/\/cosechabags.com\/es\/wp-json\/wp\/v2\/media\/3148"}],"wp:attachment":[{"href":"https:\/\/cosechabags.com\/es\/wp-json\/wp\/v2\/media?parent=3130"}],"wp:term":[{"taxonomy":"product_brand","embeddable":true,"href":"https:\/\/cosechabags.com\/es\/wp-json\/wp\/v2\/product_brand?post=3130"},{"taxonomy":"product_cat","embeddable":true,"href":"https:\/\/cosechabags.com\/es\/wp-json\/wp\/v2\/product_cat?post=3130"},{"taxonomy":"product_tag","embeddable":true,"href":"https:\/\/cosechabags.com\/es\/wp-json\/wp\/v2\/product_tag?post=3130"}],"curies":[{"name":"wp","href":"https:\/\/api.w.org\/{rel}","templated":true}]}}