{"id":2518,"date":"2024-03-18T13:57:31","date_gmt":"2024-03-18T12:57:31","guid":{"rendered":"https:\/\/cosechabags.com\/producto\/bolso-wayuu-salome\/"},"modified":"2025-01-16T13:07:24","modified_gmt":"2025-01-16T12:07:24","slug":"bolso-wayuu-salome","status":"publish","type":"product","link":"https:\/\/cosechabags.com\/es\/product\/bolso-wayuu-salome\/","title":{"rendered":"Bolso Wayuu Salom\u00e9"},"content":{"rendered":"<h3>Patrimonio artesanal<\/h3>\n<p>El bolso Salom\u00e9 Wayuu presenta la esencia de la artesan\u00eda colombiana, una narraci\u00f3n tejida en cada hilo por el pueblo ind\u00edgena wayuu. Meticulosamente elaborados a mano durante varias semanas, cada bolso cuenta una historia de tradici\u00f3n y habilidad transmitida de generaci\u00f3n en generaci\u00f3n.<\/p>\n<h3>Est\u00e9tica artesanal<\/h3>\n<p>Adornado con motivos en forma de diamante, el bolso Salom\u00e9 es un testimonio de la afinidad de la tribu wayuu por el simbolismo y el dise\u00f1o. Elija entre una paleta de colores, cada uno de ellos cuidadosamente seleccionado para complementar el intrincado tejido del bolso. Desde los verdes exuberantes que reflejan los verdes paisajes de Colombia hasta los azules profundos que se hacen eco de sus aguas costeras, cada color narra su cap\u00edtulo de la belleza de la naturaleza.<\/p>\n<h3>Dise\u00f1o reflexivo<\/h3>\n<p>Con unas pr\u00e1cticas medidas de 23 cm de di\u00e1metro y 25 cm de altura, la Salom\u00e9 es la compa\u00f1era perfecta para sus aventuras diarias o sus viajes ex\u00f3ticos. Su correa de 105 cm es muy vers\u00e1til, ya que permite llevarla c\u00f3modamente al hombro o cruzada con estilo. El cierre de cord\u00f3n, rematado con una elegante borla, asegura tus pertenencias al tiempo que a\u00f1ade un toque de sofisticaci\u00f3n.<\/p>\n<h3>Elegancia funcional<\/h3>\n<p>En su interior encontrar\u00e1s un bolsillo expresamente dise\u00f1ado para tus objetos esenciales, ya sean documentos o un smartphone. Salom\u00e9 no se limita a transportar tus objetos, sino que los protege y organiza, permitiendo un acceso fluido en medio de tu ajetreado d\u00eda.<\/p>\n<h3>Conexi\u00f3n cultural<\/h3>\n<p>Al elegir el bolso Salome Wayuu, no s\u00f3lo est\u00e1s eligiendo una moda<\/p>\n","protected":false},"excerpt":{"rendered":"<p>Presentamos el bolso Wayuu Salom\u00e9 de tama\u00f1o mediano, hecho 100% a mano por artesanos ind\u00edgenas colombianos.<\/p>\n<p>Este bolso tiene una base redonda de 20 cm de di\u00e1metro y una altura de 25 cm. Est\u00e1 equipada con una correa de 105 cm, perfecta para llevarla c\u00f3modamente. El cierre es un cord\u00f3n rematado con una borla que a\u00f1ade un toque de elegancia. En el interior, hay un bolsillo ideal para guardar documentos o el m\u00f3vil.<\/p>\n<p>El bolso est\u00e1 disponible en cinco colores: Verde, Mostaza, Lavanda, Azul y Naranja, cada uno de los cuales a\u00f1ade su toque \u00fanico a los intrincados motivos tradicionales en forma de rombo que adornan esta exquisita pieza.<\/p>\n<p>&nbsp;<\/p>\n<p>&nbsp;<\/p>\n","protected":false},"featured_media":2733,"comment_status":"open","ping_status":"closed","template":"","meta":{"_joinchat":[]},"product_brand":[],"product_cat":[52,55,47],"product_tag":[],"class_list":{"0":"post-2518","1":"product","2":"type-product","3":"status-publish","4":"has-post-thumbnail","6":"product_cat-bolso-wayuu-bandolera","7":"product_cat-bolsos-cruzados-wayuu","8":"product_cat-bolsos-wayuu-medianos","10":"first","11":"instock","12":"shipping-taxable","13":"purchasable","14":"product-type-variable"},"_links":{"self":[{"href":"https:\/\/cosechabags.com\/es\/wp-json\/wp\/v2\/product\/2518","targetHints":{"allow":["GET"]}}],"collection":[{"href":"https:\/\/cosechabags.com\/es\/wp-json\/wp\/v2\/product"}],"about":[{"href":"https:\/\/cosechabags.com\/es\/wp-json\/wp\/v2\/types\/product"}],"replies":[{"embeddable":true,"href":"https:\/\/cosechabags.com\/es\/wp-json\/wp\/v2\/comments?post=2518"}],"wp:featuredmedia":[{"embeddable":true,"href":"https:\/\/cosechabags.com\/es\/wp-json\/wp\/v2\/media\/2733"}],"wp:attachment":[{"href":"https:\/\/cosechabags.com\/es\/wp-json\/wp\/v2\/media?parent=2518"}],"wp:term":[{"taxonomy":"product_brand","embeddable":true,"href":"https:\/\/cosechabags.com\/es\/wp-json\/wp\/v2\/product_brand?post=2518"},{"taxonomy":"product_cat","embeddable":true,"href":"https:\/\/cosechabags.com\/es\/wp-json\/wp\/v2\/product_cat?post=2518"},{"taxonomy":"product_tag","embeddable":true,"href":"https:\/\/cosechabags.com\/es\/wp-json\/wp\/v2\/product_tag?post=2518"}],"curies":[{"name":"wp","href":"https:\/\/api.w.org\/{rel}","templated":true}]}}