{"id":2473,"date":"2022-01-22T18:48:54","date_gmt":"2022-01-22T17:48:54","guid":{"rendered":"https:\/\/cosechabags.com\/producto\/bolso-dakota-wayuu\/"},"modified":"2025-01-17T11:34:42","modified_gmt":"2025-01-17T10:34:42","slug":"bolso-dakota-wayuu","status":"publish","type":"product","link":"https:\/\/cosechabags.com\/es\/product\/bolso-dakota-wayuu\/","title":{"rendered":"Bolso Dakota Wayuu"},"content":{"rendered":"<h3>Bolso Dakota Wayuu: Elegancia artesanal redefinida<\/h3>\n<h4>La artesan\u00eda se une a la funcionalidad<\/h4>\n<p>Presentamos el bolso Dakota Wayuu, un testimonio de la maestr\u00eda tejedora de la tribu Wayuu, disponible en exclusiva en Cosecha Bags. Esto no es s\u00f3lo un bolso; es una narraci\u00f3n tejida con los hilos de una antigua herencia colombiana, que cobra vida a trav\u00e9s de un meticuloso proceso 100% artesanal.<\/p>\n<h4>Confort ajustable<\/h4>\n<p>Lleva contigo comodidad y estilo con las correas de piel aut\u00e9ntica de la Dakota, ajustables desde 35 cm (13,8 pulgadas) hasta 60 cm (23,6 pulgadas). Tanto si la llevas en la mano como al hombro, la Dakota se adapta a tus necesidades y a tu look.<\/p>\n<h4>Dise\u00f1ado para la elegancia diaria<\/h4>\n<p>Con su base redonda de 23 cm y su estatura de 27 cm, la Dakota es tan pr\u00e1ctica como elegante. El cierre de cord\u00f3n, adornado con borlas tejidas a mano, asegura tus pertenencias, mientras que el bolsillo interior mantiene tus documentos y tu m\u00f3vil al alcance de la mano.<\/p>\n<h3>Un compromiso con el patrimonio<\/h3>\n<p>Cada Bolso Dakota Wayuu representa un pedazo de la cultura Wayuu, garantizando la supervivencia y el reconocimiento de sus incomparables habilidades textiles. Al elegir la Dakota, no s\u00f3lo est\u00e1s eligiendo una bolsa; est\u00e1s abrazando una historia, un pueblo y un oficio.<\/p>\n","protected":false},"excerpt":{"rendered":"<p>Bolso Dakota Wayuu es un bolso tejido 100% a mano en Wayuu, con un par de correas de cuero aut\u00e9ntico con una longitud ajustable que va de 35 cm (13,8 pulgadas) a 60 cm (23,6 pulgadas), adecuada para llevarla en la mano o al hombro.<\/p>\n<p>Dimensiones: Base redonda con un di\u00e1metro de 9 pulgadas (23 cm) y una altura de 10,6 pulgadas (27 cm). The bag closes with a Drawstring finished in handwoven Tassels. Incluye un bolsillo interior para documentos y\/o el m\u00f3vil.<\/p>\n","protected":false},"featured_media":2799,"comment_status":"open","ping_status":"closed","template":"","meta":{"_joinchat":[]},"product_brand":[],"product_cat":[],"product_tag":[],"class_list":{"0":"post-2473","1":"product","2":"type-product","3":"status-publish","4":"has-post-thumbnail","7":"first","8":"instock","9":"shipping-taxable","10":"purchasable","11":"product-type-variable"},"_links":{"self":[{"href":"https:\/\/cosechabags.com\/es\/wp-json\/wp\/v2\/product\/2473","targetHints":{"allow":["GET"]}}],"collection":[{"href":"https:\/\/cosechabags.com\/es\/wp-json\/wp\/v2\/product"}],"about":[{"href":"https:\/\/cosechabags.com\/es\/wp-json\/wp\/v2\/types\/product"}],"replies":[{"embeddable":true,"href":"https:\/\/cosechabags.com\/es\/wp-json\/wp\/v2\/comments?post=2473"}],"wp:featuredmedia":[{"embeddable":true,"href":"https:\/\/cosechabags.com\/es\/wp-json\/wp\/v2\/media\/2799"}],"wp:attachment":[{"href":"https:\/\/cosechabags.com\/es\/wp-json\/wp\/v2\/media?parent=2473"}],"wp:term":[{"taxonomy":"product_brand","embeddable":true,"href":"https:\/\/cosechabags.com\/es\/wp-json\/wp\/v2\/product_brand?post=2473"},{"taxonomy":"product_cat","embeddable":true,"href":"https:\/\/cosechabags.com\/es\/wp-json\/wp\/v2\/product_cat?post=2473"},{"taxonomy":"product_tag","embeddable":true,"href":"https:\/\/cosechabags.com\/es\/wp-json\/wp\/v2\/product_tag?post=2473"}],"curies":[{"name":"wp","href":"https:\/\/api.w.org\/{rel}","templated":true}]}}