{"id":2469,"date":"2021-01-22T18:43:20","date_gmt":"2021-01-22T17:43:20","guid":{"rendered":"https:\/\/cosechabags.com\/producto\/bolso-wayuu-taroa\/"},"modified":"2025-07-26T21:59:55","modified_gmt":"2025-07-26T19:59:55","slug":"bolso-wayuu-taroa","status":"publish","type":"product","link":"https:\/\/cosechabags.com\/es\/product\/bolso-wayuu-taroa\/","title":{"rendered":"Bolso Wayuu Taroa"},"content":{"rendered":"<h3>Descubre el bolso Wayuu Taroa: Una fusi\u00f3n de patrimonio y elegancia<\/h3>\n<h4>Tradici\u00f3n artesanal<\/h4>\n<p>Te presentamos el bolso Taroa Wayuu, una obra maestra tejida a mano por Cosecha Bags que muestra la extraordinaria artesan\u00eda de la tribu Wayuu. Cada bolso Taroa es un trabajo de amor, cuya creaci\u00f3n lleva m\u00e1s de dos semanas. Este bolso no es s\u00f3lo una declaraci\u00f3n de moda, es una obra de arte que cuenta la historia de una antigua cultura.<\/p>\n<h4>Dise\u00f1o vers\u00e1til<\/h4>\n<p>El Bolso Wayuu Taroa est\u00e1 dise\u00f1ado para la adaptabilidad. Con una base redonda de 23 cm y una altura de 27 cm, esta bolsa es espaciosa y elegante. La correa larga, que mide 105 cm, ofrece la comodidad de llevarla al hombro o cruzada y est\u00e1 acabada con mosquetones para facilitar su desprendimiento. Una correa secundaria de cadena tejida de 58 cm ofrece opciones de transporte adicionales, demostrando que el estilo y la practicidad pueden coexistir maravillosamente.<\/p>\n<h4>Detalles de lujo<\/h4>\n<p>Acentuada con los mejores herrajes dorados y componentes de piel aut\u00e9ntica, la Taroa dice mucho de tu gusto refinado. El bolsillo interior asegura tus objetos esenciales, convirti\u00e9ndola en la compa\u00f1era perfecta tanto para los recados diarios como para las ocasiones especiales.<\/p>\n<h4>Impacto cultural<\/h4>\n<p>Cada compra de un bolso Taroa apoya a los <a href=\"https:\/\/cosechabags.com\/en\/the-wayuu-matrilineal-system\/\"><strong>artesanos Wayuu<\/strong><\/a>, garantizando que sus t\u00e9cnicas ancestrales prosperen en el mundo moderno. Elija entre una gama de colores -verde vivo, azul sereno o rosa alegre- para encontrar la combinaci\u00f3n perfecta para su vestuario y su esp\u00edritu.<\/p>\n<p>Eleva tu juego de accesorios con el Taroa de <a href=\"https:\/\/www.instagram.com\/cosechabags\/\" target=\"_blank\" rel=\"noopener\"><strong>Cosecha Bags<\/strong><\/a>, donde cada puntada cuenta una historia.<\/p>\n","protected":false},"excerpt":{"rendered":"<p>Bolso Wayuu Taroa tejido 100% a mano por la tribu Wayuu.<\/p>\n<p>Dimensiones: Base redonda de 9 pulgadas (23 cm) de di\u00e1metro, altura de 10,6 pulgadas (27 cm). Dispone de una correa larga de 105 cm para llevarla al hombro o cruzada, que termina en unos mosquetones que permiten separarla de la bolsa.<\/p>\n<p>Adem\u00e1s, incluye una correa corta de 58 cm con una cadena tejida y extremos de mosquet\u00f3n, para llevarla en la mano o al hombro, que tambi\u00e9n se puede extraer de la bolsa.<\/p>\n<p>Contiene piezas de cuero aut\u00e9ntico, tambi\u00e9n hechas a mano, y herrajes de oro de la m\u00e1s alta calidad. Dispone de un bolsillo interior para documentos y\/o el m\u00f3vil.<\/p>\n<p>Disponible en tres colores: verde, azul y rosa.<\/p>\n","protected":false},"featured_media":4161,"comment_status":"open","ping_status":"closed","template":"","meta":{"_joinchat":[]},"product_brand":[],"product_cat":[52,55,53,48],"product_tag":[],"class_list":{"0":"post-2469","1":"product","2":"type-product","3":"status-publish","4":"has-post-thumbnail","6":"product_cat-bolso-wayuu-bandolera","7":"product_cat-bolsos-cruzados-wayuu","8":"product_cat-bolsos-wayuu-de-mano","9":"product_cat-bolsos-wayuu-grandes","11":"first","12":"instock","13":"shipping-taxable","14":"purchasable","15":"product-type-variable"},"_links":{"self":[{"href":"https:\/\/cosechabags.com\/es\/wp-json\/wp\/v2\/product\/2469","targetHints":{"allow":["GET"]}}],"collection":[{"href":"https:\/\/cosechabags.com\/es\/wp-json\/wp\/v2\/product"}],"about":[{"href":"https:\/\/cosechabags.com\/es\/wp-json\/wp\/v2\/types\/product"}],"replies":[{"embeddable":true,"href":"https:\/\/cosechabags.com\/es\/wp-json\/wp\/v2\/comments?post=2469"}],"wp:featuredmedia":[{"embeddable":true,"href":"https:\/\/cosechabags.com\/es\/wp-json\/wp\/v2\/media\/4161"}],"wp:attachment":[{"href":"https:\/\/cosechabags.com\/es\/wp-json\/wp\/v2\/media?parent=2469"}],"wp:term":[{"taxonomy":"product_brand","embeddable":true,"href":"https:\/\/cosechabags.com\/es\/wp-json\/wp\/v2\/product_brand?post=2469"},{"taxonomy":"product_cat","embeddable":true,"href":"https:\/\/cosechabags.com\/es\/wp-json\/wp\/v2\/product_cat?post=2469"},{"taxonomy":"product_tag","embeddable":true,"href":"https:\/\/cosechabags.com\/es\/wp-json\/wp\/v2\/product_tag?post=2469"}],"curies":[{"name":"wp","href":"https:\/\/api.w.org\/{rel}","templated":true}]}}