{"id":2466,"date":"2025-01-09T06:51:43","date_gmt":"2025-01-09T05:51:43","guid":{"rendered":"https:\/\/cosechabags.com\/producto\/bolso-wayuu-iris\/"},"modified":"2025-01-16T13:00:24","modified_gmt":"2025-01-16T12:00:24","slug":"bolso-wayuu-iris","status":"publish","type":"product","link":"https:\/\/cosechabags.com\/es\/product\/bolso-wayuu-iris\/","title":{"rendered":"Bolso Wayuu Iris"},"content":{"rendered":"<h3>Elegancia artesanal: El Bolso Wayuu Iris<\/h3>\n<p>Sum\u00e9rgete en las coloridas tradiciones de Colombia con el bolso Iris Wayuu. Esta encantadora pieza no es s\u00f3lo un bolso; es una historia tejida con cada puntada por los apreciados artesanos wayuu.<\/p>\n<h3>Dise\u00f1o artesanal \u00fanico<\/h3>\n<p>El Iris destaca por su base redonda de 23 cm (9 pulgadas) y su estatura de 27 cm (10,6 pulgadas), lo que lo convierte en un accesorio vers\u00e1til para el d\u00eda a d\u00eda o para salidas especiales. Su bolsillo interior es un discreto refugio para sus objetos de valor, garantizando que el estilo se combina con la practicidad.<\/p>\n<h3>Vers\u00e1til y cultural<\/h3>\n<p>Con una correa de 110 cm (41 pulgadas) para llevarla c\u00f3modamente cruzada o al hombro, y una opci\u00f3n m\u00e1s corta para llevarla en la mano, la Iris respeta tanto la tradici\u00f3n como la modernidad. Disponible en mostaza y crema, sus rayas son un testimonio del alma vibrante del bolso.<\/p>\n<h3>Declaraci\u00f3n de moda sostenible<\/h3>\n<p>Tener un Iris no es s\u00f3lo cuesti\u00f3n de moda, sino de sostenibilidad y aprecio cultural. Con cada compra se apoya a la tribu wayuu, guardiana de un patrimonio textil que cuenta historias de un pasado rico y colorido.<\/p>\n<p>En cada hilo, aguarda una mezcla de tradici\u00f3n y estilo contempor\u00e1neo. El bolso Iris Wayuu no es s\u00f3lo un accesorio; es un pedazo del alma colombiana que puedes llevar contigo.<\/p>\n","protected":false},"excerpt":{"rendered":"<p>Bolso artesanal multicolor, tejido a mano por los h\u00e1biles artesanos Wayuu de Colombia.<\/p>\n<p>Este bolso mide 23 cm de di\u00e1metro en su base redonda y 27 cm de altura. Tiene una correa larga de 105 cm para llevarlo cruzado o al hombro, y un par de correas cortas para llevarlo en la mano o en el brazo.<\/p>\n<p>Esta pieza est\u00e1 disponible en dos atractivos colores: mostaza y crema, ambos resaltando las coloridas rayas que rodean el bolso. Un bolsillo interior ofrece un espacio seguro para documentos o el m\u00f3vil.<\/p>\n<p>Esta pieza est\u00e1 disponible en dos atractivos colores: mostaza y crema, ambos resaltando las coloridas rayas que rodean el bolso.<\/p>\n","protected":false},"featured_media":2399,"comment_status":"open","ping_status":"closed","template":"","meta":{"_joinchat":[]},"product_brand":[],"product_cat":[52,55,51,48],"product_tag":[],"class_list":{"0":"post-2466","1":"product","2":"type-product","3":"status-publish","4":"has-post-thumbnail","6":"product_cat-bolso-wayuu-bandolera","7":"product_cat-bolsos-cruzados-wayuu","8":"product_cat-bolsos-cubo-wayuu","9":"product_cat-bolsos-wayuu-grandes","11":"first","12":"instock","13":"shipping-taxable","14":"purchasable","15":"product-type-variable"},"_links":{"self":[{"href":"https:\/\/cosechabags.com\/es\/wp-json\/wp\/v2\/product\/2466","targetHints":{"allow":["GET"]}}],"collection":[{"href":"https:\/\/cosechabags.com\/es\/wp-json\/wp\/v2\/product"}],"about":[{"href":"https:\/\/cosechabags.com\/es\/wp-json\/wp\/v2\/types\/product"}],"replies":[{"embeddable":true,"href":"https:\/\/cosechabags.com\/es\/wp-json\/wp\/v2\/comments?post=2466"}],"wp:featuredmedia":[{"embeddable":true,"href":"https:\/\/cosechabags.com\/es\/wp-json\/wp\/v2\/media\/2399"}],"wp:attachment":[{"href":"https:\/\/cosechabags.com\/es\/wp-json\/wp\/v2\/media?parent=2466"}],"wp:term":[{"taxonomy":"product_brand","embeddable":true,"href":"https:\/\/cosechabags.com\/es\/wp-json\/wp\/v2\/product_brand?post=2466"},{"taxonomy":"product_cat","embeddable":true,"href":"https:\/\/cosechabags.com\/es\/wp-json\/wp\/v2\/product_cat?post=2466"},{"taxonomy":"product_tag","embeddable":true,"href":"https:\/\/cosechabags.com\/es\/wp-json\/wp\/v2\/product_tag?post=2466"}],"curies":[{"name":"wp","href":"https:\/\/api.w.org\/{rel}","templated":true}]}}