{"id":2465,"date":"2024-03-15T14:54:20","date_gmt":"2024-03-15T13:54:20","guid":{"rendered":"https:\/\/cosechabags.com\/producto\/bolso-wayuu-alice\/"},"modified":"2025-01-16T14:39:42","modified_gmt":"2025-01-16T13:39:42","slug":"bolso-wayuu-alice","status":"publish","type":"product","link":"https:\/\/cosechabags.com\/es\/product\/bolso-wayuu-alice\/","title":{"rendered":"Bolso Wayuu Alice"},"content":{"rendered":"<h2><strong>Bolso Wayuu Alice: Un tapiz de tradici\u00f3n y tendencia<\/strong><\/h2>\n<h3><strong>Hecho a mano por los artesanos Wayuu<\/strong><\/h3>\n<p>Ad\u00e9ntrate en el mundo del arte Wayuu con el bolso Alice. Cada puntada encarna el esp\u00edritu de la tribu Wayuu, h\u00e1biles artesanos colombianos que han transmitido sus secretos de tejido a trav\u00e9s de generaciones.<\/p>\n<h3><strong>Armon\u00eda de lunares y pata de gallo<\/strong><\/h3>\n<p>El bolso Alice es toda una declaraci\u00f3n de estilo que combina el ritmo l\u00fadico de los lunares con la elegancia atemporal de la pata de gallo. Testimonio de la versatilidad y la visi\u00f3n de sus creadores, esta bolsa no s\u00f3lo transporta lo esencial, sino tambi\u00e9n una historia.<\/p>\n<h3><strong>Dise\u00f1o y durabilidad<\/strong><\/h3>\n<p>Con unas pr\u00e1cticas medidas de 23 cm en la base y una altura de 27 cm, Alice est\u00e1 dise\u00f1ada para las personas din\u00e1micas. La correa tejida de 115 cm (45 pulgadas) ofrece comodidad como bolso cruzado o bandolera, mientras que las asas ajustables de piel aut\u00e9ntica proporcionan un agarre resistente.<\/p>\n<h3><strong>Sofisticaci\u00f3n sutil<\/strong><\/h3>\n<p>En el interior, la bolsa Alice es igual de cuidada, con un bolsillo interno para guardar tus documentos o tu tel\u00e9fono m\u00f3vil. Es una mezcla armoniosa de artesan\u00eda tradicional y funcionalidad moderna.<\/p>\n<h3><strong>Elija su tono<\/strong><\/h3>\n<p>Disponible en una amplia gama de colores, elija entre un elegante espectro que incluye desde la calidez de los tonos mostaza hasta el frescor del lavanda.<\/p>\n<h3><strong>\u00bfPor qu\u00e9 elegir Alice?<\/strong><\/h3>\n<ul>\n<li><strong>Herencia tejida a mano<\/strong>: Aprecia la artesan\u00eda tejida a mano que hace que cada bolso Alice sea \u00fanico.<\/li>\n<li><strong>Elegancia ajustable<\/strong>: Cambia de bandolera a bolso de mano con facilidad, gracias a las vers\u00e1tiles opciones de correa.<\/li>\n<li><strong>Conexi\u00f3n cultural<\/strong>: Lleva una pieza del patrimonio colombiano que apoye la artesan\u00eda de la tribu Wayuu.<\/li>\n<\/ul>\n<p>Eleva tu vestuario con una pieza que es m\u00e1s que un accesorio: es un tema de conversaci\u00f3n. Abraza el bolso Alice Wayuu, donde convergen cultura, artesan\u00eda y elegancia.<\/p>\n","protected":false},"excerpt":{"rendered":"<p><span data-sheets-root=\"1\" data-sheets-value=\"{\" data-sheets-userformat=\"{\">El bolso Wayuu Alicee es un bolso sofisticado, inspirado en el dise\u00f1o patchwork, que combina ingeniosamente un estampado de lunares con un dise\u00f1o cl\u00e1sico de pata de gallo. <\/span><\/p>\n<p><span data-sheets-root=\"1\" data-sheets-value=\"{\" data-sheets-userformat=\"{\">Las dimensiones son las siguientes: una base de 23 cm (9 inches) y una altura de 27 cm (10.6 inches) It features a 115 cm woven strap for crossbody or shoulder carrying, and a pair of genuine leather handles adjustable between 30 to 60 cm for hand or shoulder carrying. <\/span><\/p>\n<p><span data-sheets-root=\"1\" data-sheets-value=\"{\" data-sheets-userformat=\"{\">El bolso incluye un bolsillo interior, ideal para guardar documentos o el tel\u00e9fono m\u00f3vil.<\/span><\/p>\n","protected":false},"featured_media":2356,"comment_status":"open","ping_status":"closed","template":"","meta":{"_joinchat":[]},"product_brand":[],"product_cat":[52,55,51,48],"product_tag":[],"class_list":{"0":"post-2465","1":"product","2":"type-product","3":"status-publish","4":"has-post-thumbnail","6":"product_cat-bolso-wayuu-bandolera","7":"product_cat-bolsos-cruzados-wayuu","8":"product_cat-bolsos-cubo-wayuu","9":"product_cat-bolsos-wayuu-grandes","11":"first","12":"outofstock","13":"shipping-taxable","14":"purchasable","15":"product-type-simple"},"_links":{"self":[{"href":"https:\/\/cosechabags.com\/es\/wp-json\/wp\/v2\/product\/2465","targetHints":{"allow":["GET"]}}],"collection":[{"href":"https:\/\/cosechabags.com\/es\/wp-json\/wp\/v2\/product"}],"about":[{"href":"https:\/\/cosechabags.com\/es\/wp-json\/wp\/v2\/types\/product"}],"replies":[{"embeddable":true,"href":"https:\/\/cosechabags.com\/es\/wp-json\/wp\/v2\/comments?post=2465"}],"wp:featuredmedia":[{"embeddable":true,"href":"https:\/\/cosechabags.com\/es\/wp-json\/wp\/v2\/media\/2356"}],"wp:attachment":[{"href":"https:\/\/cosechabags.com\/es\/wp-json\/wp\/v2\/media?parent=2465"}],"wp:term":[{"taxonomy":"product_brand","embeddable":true,"href":"https:\/\/cosechabags.com\/es\/wp-json\/wp\/v2\/product_brand?post=2465"},{"taxonomy":"product_cat","embeddable":true,"href":"https:\/\/cosechabags.com\/es\/wp-json\/wp\/v2\/product_cat?post=2465"},{"taxonomy":"product_tag","embeddable":true,"href":"https:\/\/cosechabags.com\/es\/wp-json\/wp\/v2\/product_tag?post=2465"}],"curies":[{"name":"wp","href":"https:\/\/api.w.org\/{rel}","templated":true}]}}