{"id":1633,"date":"2022-12-22T18:59:31","date_gmt":"2022-12-22T17:59:31","guid":{"rendered":"https:\/\/cosechabags.com\/producto\/bolso-isabella-wayuu\/"},"modified":"2025-01-16T14:31:26","modified_gmt":"2025-01-16T13:31:26","slug":"bolso-isabella-wayuu","status":"publish","type":"product","link":"https:\/\/cosechabags.com\/es\/product\/bolso-isabella-wayuu\/","title":{"rendered":"Bolso Isabella Wayuu"},"content":{"rendered":"<h3>Descubra el bolso Isabella Wayuu: El pin\u00e1culo de la innovaci\u00f3n wayuu<\/h3>\n<h4>El dise\u00f1o revolucionario se une a la artesan\u00eda<\/h4>\n<p>Isabella by Cosecha Bags no es s\u00f3lo un bolso; es la reinvenci\u00f3n del estilo tradicional Wayuu. Meticulosamente dise\u00f1ada para llevarse al hombro o en la mano, Isabella combina la belleza duradera de una base de cuero rectangular con el ic\u00f3nico tejido Wayuu.<\/p>\n<h4>Elegancia en cada hilo<\/h4>\n<p>El mango tejido Wayuu es una oda al detalle, presenta una cadena con eslabones tejidos que rezuman lujo. Junto con herrajes dorados de alta calidad y acabados en cuero genuino, Isabella se erige como un s\u00edmbolo de excelencia artesanal.<\/p>\n<h3>Un santuario para lo esencial<\/h3>\n<p>Mire el interior para encontrar un santuario para sus pertenencias: un forro de tela de alta calidad con tres bolsillos garantiza que sus elementos esenciales se lleven de forma segura y elegante.<\/p>\n<h4>Patrimonio artesanal<\/h4>\n<p>Cada bolso Isabella es una narrativa tejida por las h\u00e1biles manos de la tribu Wayuu. Optar por Isabella es elegir una narrativa de resiliencia, habilidad y magnificencia cultural.<\/p>\n<h3>Exclusivamente tuyo<\/h3>\n<p>Isabella est\u00e1 dise\u00f1ada para la persona exigente que valora la combinaci\u00f3n de tradici\u00f3n y elegancia contempor\u00e1nea. No es s\u00f3lo una bolsa; es un accesorio que dice mucho de tu aprecio por el arte artesanal.<\/p>\n<p>Adopte el bolso Isabella Wayuu, donde la artesan\u00eda tradicional se combina con la elegancia contempor\u00e1nea, perfecto para hacer una declaraci\u00f3n de estilo discreta pero impactante.<\/p>\n","protected":false},"excerpt":{"rendered":"<p>El Bolso Isabella Wayuu representa la revoluci\u00f3n del Bolso Wayuu. Es de tipo Cartera para llevar al Hombro o en la mano, presenta una Base de Cuero Rectangular y Tejido Wayuu. El Mango Tejido Wayuu incluye una cadena con eslabones tejidos, acabados en herrajes dorados de alta calidad y Cuero genuino. En el interior encontrar\u00e1s un forro de tela de alta calidad y 3 bolsillos para llevar tus pertenencias de forma segura.<\/p>\n","protected":false},"featured_media":3418,"comment_status":"open","ping_status":"closed","template":"","meta":{"_joinchat":[]},"product_brand":[],"product_cat":[52,53,47],"product_tag":[],"class_list":{"0":"post-1633","1":"product","2":"type-product","3":"status-publish","4":"has-post-thumbnail","6":"product_cat-bolso-wayuu-bandolera","7":"product_cat-bolsos-wayuu-de-mano","8":"product_cat-bolsos-wayuu-medianos","10":"first","11":"instock","12":"shipping-taxable","13":"purchasable","14":"product-type-simple"},"_links":{"self":[{"href":"https:\/\/cosechabags.com\/es\/wp-json\/wp\/v2\/product\/1633","targetHints":{"allow":["GET"]}}],"collection":[{"href":"https:\/\/cosechabags.com\/es\/wp-json\/wp\/v2\/product"}],"about":[{"href":"https:\/\/cosechabags.com\/es\/wp-json\/wp\/v2\/types\/product"}],"replies":[{"embeddable":true,"href":"https:\/\/cosechabags.com\/es\/wp-json\/wp\/v2\/comments?post=1633"}],"wp:featuredmedia":[{"embeddable":true,"href":"https:\/\/cosechabags.com\/es\/wp-json\/wp\/v2\/media\/3418"}],"wp:attachment":[{"href":"https:\/\/cosechabags.com\/es\/wp-json\/wp\/v2\/media?parent=1633"}],"wp:term":[{"taxonomy":"product_brand","embeddable":true,"href":"https:\/\/cosechabags.com\/es\/wp-json\/wp\/v2\/product_brand?post=1633"},{"taxonomy":"product_cat","embeddable":true,"href":"https:\/\/cosechabags.com\/es\/wp-json\/wp\/v2\/product_cat?post=1633"},{"taxonomy":"product_tag","embeddable":true,"href":"https:\/\/cosechabags.com\/es\/wp-json\/wp\/v2\/product_tag?post=1633"}],"curies":[{"name":"wp","href":"https:\/\/api.w.org\/{rel}","templated":true}]}}