{"id":1627,"date":"2023-11-09T11:19:26","date_gmt":"2023-11-09T10:19:26","guid":{"rendered":"https:\/\/cosechabags.com\/producto\/bolso-emma\/"},"modified":"2025-01-16T14:30:10","modified_gmt":"2025-01-16T13:30:10","slug":"bolso-emma","status":"publish","type":"product","link":"https:\/\/cosechabags.com\/es\/product\/bolso-emma\/","title":{"rendered":"Bolso Emma"},"content":{"rendered":"<h2><strong>Bolso Emma Wayuu &#8211; Un Tapiz de Tradici\u00f3n y Estilo<\/strong><\/h2>\n<p>Presentamos \u00abEmma\u00bb, nuestro bolso Wayuu premium, meticulosamente tejido a mano por artesanos ind\u00edgenas de La Guajira, Colombia. Cada bolso Emma es un testimonio de la dedicaci\u00f3n de la tribu Wayuu a su oficio, que cobra vida mediante una t\u00e9cnica de crochet de dos hilos que produce un acabado robusto y texturizado.<\/p>\n<h3>Dise\u00f1o y funcionalidad:<\/h3>\n<ul>\n<li><strong>Est\u00e9tica distintiva:<\/strong> El bolso Emma Wayuu presenta un llamativo patr\u00f3n de cuadros rojos y beige, un dise\u00f1o atrevido y vibrante que complementa cualquier conjunto.<\/li>\n<li><strong>Tama\u00f1o \u00f3ptimo<\/strong>: Con dimensiones perfectamente adecuadas para el uso diario, mide 9 pulgadas de di\u00e1metro y 10,6 pulgadas de altura, un amplio espacio para guardar sus elementos esenciales.<\/li>\n<li><strong>Opciones de transporte vers\u00e1tiles<\/strong>: dise\u00f1ada pensando en su comodidad, Emma viene con dos asas: una correa larga y ajustable de 41 pulgadas para llevarla cruzada o al hombro, y una asa m\u00e1s corta de 70 cm para llevarla en la mano.<\/li>\n<li><strong>Cierre elegante:<\/strong> un cierre de cord\u00f3n, adornado con elegantes borlas drapeadas, asegura tus pertenencias y a\u00f1ade un elemento de elegancia artesanal.<br \/>\nLa comodidad se une a la artesan\u00eda: un bolsillo interno proporciona un espacio seguro para sus documentos o tel\u00e9fono celular, combinando funcionalidad con una artesan\u00eda exquisita.<\/li>\n<\/ul>\n<h3>Paleta de color:<\/h3>\n<p>M\u00e1s all\u00e1 del cl\u00e1sico rojo, el bolso Emma est\u00e1 disponible en una variedad de colores: gris, verde, azul y lavanda, cada uno de ellos combinado con beige para resaltar el intrincado dise\u00f1o del bolso.<\/p>\n<h3>Relevancia cultural:<\/h3>\n<p>Cada puntada cuenta una historia de herencia cultural, y el bolso Emma sirve como puente entre el estilo de vida tradicional Wayuu y la mujer moderna consciente. Este bolso no es s\u00f3lo una declaraci\u00f3n de moda; es un pedazo del alma de Colombia, una narrativa port\u00e1til de compromiso ambiental y orgullo artesanal.<\/p>\n<h3>Sostenibilidad y Moda \u00c9tica:<\/h3>\n<p>En Cosecha Bags creemos en la moda que empodera. El bolso Emma Wayuu es m\u00e1s que una compra; es una inversi\u00f3n en artesan\u00eda \u00e9tica y vida sostenible. Al elegir a Emma, est\u00e1s apoyando a los artesanos wayuu y sus pr\u00e1cticas ecol\u00f3gicas.<\/p>\n<p>El bolso Emma Wayuu de Cosecha Bags no es s\u00f3lo un accesorio; es un compa\u00f1ero de por vida. Es donde la moda se une a la funci\u00f3n, la tradici\u00f3n se une a la tendencia y las historias cobran vida en colores vivos. Abraza el legado Wayuu. Abraza a Emma. Compra ahora y lleva contigo una pieza de patrimonio.<\/p>\n","protected":false},"excerpt":{"rendered":"<p>Bolso Emma Wayuu 100% hecho a mano por Ind\u00edgenas de la etnia Wayuu del estado de la Guajira en Colombia. Esta elaborado en t\u00e9cnica crochet a 2 Hebras. Las medidas son 23 cm de di\u00e1metro en su base, altura de 23 cm.<\/p>\n<p>Cuenta con 2 Asas, una larga de 105 cm para utilizar cruzado o en el hombro y otra corta de 70 cm para ser usada de hombro o de mano. Cierre con cord\u00f3n terminado en flecos (Tassels) que caen de forma lateral. Cuenta con un bolsillo interno para documentos y\/o para tu tel\u00e9fono celular.<\/p>\n<p>Est\u00e1 disponible en:<\/p>\n<ul>\n<li>Gris<\/li>\n<li>Verde<\/li>\n<li>Rojo<\/li>\n<li>Azul<\/li>\n<li>Lavanda<\/li>\n<\/ul>\n","protected":false},"featured_media":1516,"comment_status":"open","ping_status":"closed","template":"","meta":{"_joinchat":[]},"product_brand":[],"product_cat":[52,55,51,48],"product_tag":[],"class_list":{"0":"post-1627","1":"product","2":"type-product","3":"status-publish","4":"has-post-thumbnail","6":"product_cat-bolso-wayuu-bandolera","7":"product_cat-bolsos-cruzados-wayuu","8":"product_cat-bolsos-cubo-wayuu","9":"product_cat-bolsos-wayuu-grandes","11":"first","12":"instock","13":"shipping-taxable","14":"purchasable","15":"product-type-variable"},"_links":{"self":[{"href":"https:\/\/cosechabags.com\/es\/wp-json\/wp\/v2\/product\/1627","targetHints":{"allow":["GET"]}}],"collection":[{"href":"https:\/\/cosechabags.com\/es\/wp-json\/wp\/v2\/product"}],"about":[{"href":"https:\/\/cosechabags.com\/es\/wp-json\/wp\/v2\/types\/product"}],"replies":[{"embeddable":true,"href":"https:\/\/cosechabags.com\/es\/wp-json\/wp\/v2\/comments?post=1627"}],"wp:featuredmedia":[{"embeddable":true,"href":"https:\/\/cosechabags.com\/es\/wp-json\/wp\/v2\/media\/1516"}],"wp:attachment":[{"href":"https:\/\/cosechabags.com\/es\/wp-json\/wp\/v2\/media?parent=1627"}],"wp:term":[{"taxonomy":"product_brand","embeddable":true,"href":"https:\/\/cosechabags.com\/es\/wp-json\/wp\/v2\/product_brand?post=1627"},{"taxonomy":"product_cat","embeddable":true,"href":"https:\/\/cosechabags.com\/es\/wp-json\/wp\/v2\/product_cat?post=1627"},{"taxonomy":"product_tag","embeddable":true,"href":"https:\/\/cosechabags.com\/es\/wp-json\/wp\/v2\/product_tag?post=1627"}],"curies":[{"name":"wp","href":"https:\/\/api.w.org\/{rel}","templated":true}]}}