{"id":1595,"date":"2023-11-14T11:09:58","date_gmt":"2023-11-14T10:09:58","guid":{"rendered":"https:\/\/cosechabags.com\/producto\/bolso-wayuu-turco\/"},"modified":"2025-01-16T14:12:16","modified_gmt":"2025-01-16T13:12:16","slug":"bolso-turkish","status":"publish","type":"product","link":"https:\/\/cosechabags.com\/es\/product\/bolso-turkish\/","title":{"rendered":"Bolso Turkish"},"content":{"rendered":"<p>Presentamos el Bolso Turkish de Cosecha Bags, una maravilla tejida a mano que captura la esencia de las fascinantes vistas en globo aerost\u00e1tico de Capadocia. Cada bolso es un trabajo de amor, cuya elaboraci\u00f3n lleva m\u00e1s de 15 d\u00edas por parte del pueblo ind\u00edgena Wayuu de Colombia, quienes son reconocidos por sus excepcionales habilidades de tejido.<\/p>\n<p>El patr\u00f3n inspirado en globos de este bolso no es solo un dise\u00f1o; es una narrativa tejida en tonos vibrantes de mostaza oscuro y claro. Los tonos c\u00e1lidos y terrosos recuerdan los encantadores cielos de Capadocia al amanecer, ofreci\u00e9ndote una maravilla turca para llevar a diario.<\/p>\n<p>Este accesorio artesanal cuenta con una base redonda robusta de 23 cm (9 pulgadas) de di\u00e1metro y mide 27 cm (10,6 pulgadas) de alto. Su vers\u00e1til correa de 41 pulgadas (105 cm) ofrece un uso c\u00f3modo sobre el hombro o cruzado y se puede ajustar a la mitad de su longitud para un estilo variado.<\/p>\n<p>Asegure sus pertenencias en el bolsillo interno cuidadosamente incluido, de tama\u00f1o perfecto para sus documentos o tel\u00e9fono inteligente. El cierre de cord\u00f3n est\u00e1 adornado con borlas que se balancean con una elegancia divertida, un delicioso gui\u00f1o a las borlas tradicionales de la cultura Wayuu. \u200b<\/p>\n<p>El Bolso Turkish Wayuu no es s\u00f3lo una prenda de moda; es una declaraci\u00f3n de apreciaci\u00f3n cultural y estilo sostenible. Con su patr\u00f3n cautivador y dise\u00f1o \u00fanico, es un accesorio exclusivo que promete ser un iniciador de conversaci\u00f3n. Hazlo tuyo hoy y lleva una historia de tradici\u00f3n y herencia artesanal a donde quiera que vayas.<\/p>\n","protected":false},"excerpt":{"rendered":"<p>Bolso artesanal multicolor, elaborado artesanalmente por el pueblo ind\u00edgena Wayuu de Colombia. Su dise\u00f1o inspirado en globos rinde homenaje a los encantadores cielos de Capadocia, Turqu\u00eda, conocida por sus ic\u00f3nicos globos aerost\u00e1ticos.<\/p>\n<p>El bolso tiene una base redonda con un di\u00e1metro de 23 cm (9 pulgadas), una altura de 27 cm (10,6 pulgadas) y una correa vers\u00e1til de 105 cm (41 pulgadas) que se puede llevar al hombro o cruzado.<\/p>\n<p>La correa tambi\u00e9n se ajusta a la mitad de su longitud para poder llevarla alternativamente al hombro o en la mano. Un bolsillo interno proporciona un espacio seguro para documentos o su tel\u00e9fono celular.<\/p>\n<p>Este bolso viene en dos combinaciones de colores disponibles: mostaza oscura y mostaza clara, cada una de las cuales agrega un tono c\u00e1lido y terroso a esta creaci\u00f3n vibrante con estampado de globos.<\/p>\n","protected":false},"featured_media":1504,"comment_status":"open","ping_status":"closed","template":"","meta":{"_joinchat":[]},"product_brand":[],"product_cat":[52,55,48],"product_tag":[],"class_list":{"0":"post-1595","1":"product","2":"type-product","3":"status-publish","4":"has-post-thumbnail","6":"product_cat-bolso-wayuu-bandolera","7":"product_cat-bolsos-cruzados-wayuu","8":"product_cat-bolsos-wayuu-grandes","10":"first","11":"instock","12":"shipping-taxable","13":"purchasable","14":"product-type-variable"},"_links":{"self":[{"href":"https:\/\/cosechabags.com\/es\/wp-json\/wp\/v2\/product\/1595","targetHints":{"allow":["GET"]}}],"collection":[{"href":"https:\/\/cosechabags.com\/es\/wp-json\/wp\/v2\/product"}],"about":[{"href":"https:\/\/cosechabags.com\/es\/wp-json\/wp\/v2\/types\/product"}],"replies":[{"embeddable":true,"href":"https:\/\/cosechabags.com\/es\/wp-json\/wp\/v2\/comments?post=1595"}],"wp:featuredmedia":[{"embeddable":true,"href":"https:\/\/cosechabags.com\/es\/wp-json\/wp\/v2\/media\/1504"}],"wp:attachment":[{"href":"https:\/\/cosechabags.com\/es\/wp-json\/wp\/v2\/media?parent=1595"}],"wp:term":[{"taxonomy":"product_brand","embeddable":true,"href":"https:\/\/cosechabags.com\/es\/wp-json\/wp\/v2\/product_brand?post=1595"},{"taxonomy":"product_cat","embeddable":true,"href":"https:\/\/cosechabags.com\/es\/wp-json\/wp\/v2\/product_cat?post=1595"},{"taxonomy":"product_tag","embeddable":true,"href":"https:\/\/cosechabags.com\/es\/wp-json\/wp\/v2\/product_tag?post=1595"}],"curies":[{"name":"wp","href":"https:\/\/api.w.org\/{rel}","templated":true}]}}