{"id":1591,"date":"2023-11-14T11:25:10","date_gmt":"2023-11-14T10:25:10","guid":{"rendered":"https:\/\/cosechabags.com\/producto\/bolso-madison-wayuu\/"},"modified":"2025-01-16T14:09:49","modified_gmt":"2025-01-16T13:09:49","slug":"bolso-madison-wayuu","status":"publish","type":"product","link":"https:\/\/cosechabags.com\/es\/product\/bolso-madison-wayuu\/","title":{"rendered":"Bolso Madison"},"content":{"rendered":"<h3>Descubre el bolso Madison: Un triunfo artesanal wayuu<\/h3>\n<p>Emb\u00e1rquese en un viaje de riqueza cultural con Madisson, un bolso donde las t\u00e9cnicas de tejido ancestrales se combinan con el dise\u00f1o contempor\u00e1neo. Esta maravilla tejida a mano es m\u00e1s que un simple accesorio; Es una historia port\u00e1til sobre la herencia de la tribu Wayuu de Colombia.<\/p>\n<h3>Artesan\u00eda intrincada<\/h3>\n<p>Cada bolso Madisson representa un viaje de 15 d\u00edas de intrincada artesan\u00eda. Los h\u00e1biles artesanos wayuu dedican horas para darle vida a cada bolso, asegur\u00e1ndose de que cada puntada encarne el esp\u00edritu de su tradici\u00f3n. La base ovalada mide 23 cm (9 pulgadas) de di\u00e1metro y alcanza una altura de 27 cm (10,6 pulgadas), creando una combinaci\u00f3n armoniosa de forma y funci\u00f3n.<\/p>\n<h3>Detalles de lujo<\/h3>\n<p>Adornando esta obra maestra hay una correa de 43 pulgadas (110 cm) de largo, equipada con puntas de cuero genuino y herrajes dorados de alta calidad, que ofrecen resistencia y un toque de opulencia. Adem\u00e1s, un juego secundario de asas cortas tejidas de 25 cm (10 pulgadas) proporciona una opci\u00f3n de transporte alternativa, lo que aumenta la versatilidad del bolso.<\/p>\n<h3>Elegancia funcional<\/h3>\n<p>M\u00e1s all\u00e1 de su atractivo est\u00e9tico, el Madisson es un modelo de utilidad. Un cierre con cremallera asegura tus elementos esenciales, mientras que un interior forrado con bolsillos garantiza que tus documentos o tel\u00e9fono celular permanezcan organizados y al alcance. The bag&#8217;s dynamic color palette \u2014 available in classic black, serene blue, and neutral cream \u2014 complements its geometric pattern, making it a statement piece suited for any occasion.<\/p>\n<h3>Un tapiz de colores<\/h3>\n<p>Elija entre tres combinaciones de colores vibrantes, cada una meticulosamente seleccionada para resaltar la pasi\u00f3n de la tribu Wayuu por la vida y el arte. Ya sea que prefiera la elegancia atemporal del negro, las vibraciones tranquilas del azul o el equilibrio terroso del color crema, el bolso Madisson es su lienzo para la autoexpresi\u00f3n.<\/p>\n<p>Adopte el bolso Madisson Wayuu, donde cada hilo entrelaza el pasado y el presente, creando un futuro lleno de estilo y narraci\u00f3n de historias.<\/p>\n","protected":false},"excerpt":{"rendered":"<p>Deleite sus ojos con el bolso Madison. Este bolso tejido a mano, una creaci\u00f3n 100% ind\u00edgena wayuu de Colombia, que tard\u00f3 15 d\u00edas en elaborarse minuciosamente. El bolso tiene una base ovalada y una altura de 27 cm (10,6 pulgadas). Una correa de 110 cm de largo, adornada con puntas de cuero genuino y herrajes dorados de alta calidad, ofrece durabilidad y un toque de lujo. Para mayor versatilidad, tambi\u00e9n hay un segundo juego de asas cortas tejidas de 25 cm, perfectas para llevar en la mano. Disponible en tres combinaciones de colores vibrantes.<\/p>\n<p>El bolso Madison cuenta con un cierre de cremallera y un interior forrado con bolsillos para mantener sus documentos o tel\u00e9fono celular organizados y accesibles. El colorido patr\u00f3n geom\u00e9trico y la animada correa aportan una est\u00e9tica divertida pero sofisticada a esta pieza artesanal.<\/p>\n<p>Este bolso viene en tres colores disponibles: negro, azul y crema.<\/p>\n<p>&nbsp;<\/p>\n","protected":false},"featured_media":1501,"comment_status":"open","ping_status":"closed","template":"","meta":{"_joinchat":[]},"product_brand":[],"product_cat":[52,55,53,48],"product_tag":[],"class_list":{"0":"post-1591","1":"product","2":"type-product","3":"status-publish","4":"has-post-thumbnail","6":"product_cat-bolso-wayuu-bandolera","7":"product_cat-bolsos-cruzados-wayuu","8":"product_cat-bolsos-wayuu-de-mano","9":"product_cat-bolsos-wayuu-grandes","11":"first","12":"outofstock","13":"shipping-taxable","14":"purchasable","15":"product-type-variable"},"_links":{"self":[{"href":"https:\/\/cosechabags.com\/es\/wp-json\/wp\/v2\/product\/1591","targetHints":{"allow":["GET"]}}],"collection":[{"href":"https:\/\/cosechabags.com\/es\/wp-json\/wp\/v2\/product"}],"about":[{"href":"https:\/\/cosechabags.com\/es\/wp-json\/wp\/v2\/types\/product"}],"replies":[{"embeddable":true,"href":"https:\/\/cosechabags.com\/es\/wp-json\/wp\/v2\/comments?post=1591"}],"wp:featuredmedia":[{"embeddable":true,"href":"https:\/\/cosechabags.com\/es\/wp-json\/wp\/v2\/media\/1501"}],"wp:attachment":[{"href":"https:\/\/cosechabags.com\/es\/wp-json\/wp\/v2\/media?parent=1591"}],"wp:term":[{"taxonomy":"product_brand","embeddable":true,"href":"https:\/\/cosechabags.com\/es\/wp-json\/wp\/v2\/product_brand?post=1591"},{"taxonomy":"product_cat","embeddable":true,"href":"https:\/\/cosechabags.com\/es\/wp-json\/wp\/v2\/product_cat?post=1591"},{"taxonomy":"product_tag","embeddable":true,"href":"https:\/\/cosechabags.com\/es\/wp-json\/wp\/v2\/product_tag?post=1591"}],"curies":[{"name":"wp","href":"https:\/\/api.w.org\/{rel}","templated":true}]}}