{"id":1590,"date":"2023-11-14T11:34:36","date_gmt":"2023-11-14T10:34:36","guid":{"rendered":"https:\/\/cosechabags.com\/producto\/mary-wayuu-bag\/"},"modified":"2025-01-16T14:07:23","modified_gmt":"2025-01-16T13:07:23","slug":"bolso-mary-wayuu","status":"publish","type":"product","link":"https:\/\/cosechabags.com\/es\/product\/bolso-mary-wayuu\/","title":{"rendered":"Bolso Mary Wayuu"},"content":{"rendered":"<h3>Descubre el Bolso Mary Wayuu<\/h3>\n<p>Sum\u00e9rgete en el encanto vivaz del Bolso Wayuu &#8216;Mary&#8217;, una pieza que se destaca por sus tonos exuberantes y su meticulosa artesan\u00eda, directamente de los h\u00e1biles artesanos Wayuu de Colombia.<\/p>\n<h3>Un lienzo de cultura y color<\/h3>\n<p>En el coraz\u00f3n de cada bolso &#8216;Mary&#8217; se encuentra una historia de herencia, que cobra vida a trav\u00e9s de una paleta vibrante y t\u00e9cnicas tradicionales. Con una base redonda de 23 cm (9 pulgadas) y una altura de 27 cm (10,6 pulgadas), este bolso es una obra maestra de forma y funci\u00f3n.<\/p>\n<h3>Transporte vers\u00e1til, est\u00e9tica divertida<\/h3>\n<p>Dise\u00f1ado para la persona din\u00e1mica, el &#8216;Mary&#8217; cuenta con una correa redonda ajustable que te da la libertad de dise\u00f1arlo como quieras, ya sea en la mano, al hombro o cruzado. Las borlas multicolores de la correa bailan con alegr\u00eda, haciendo eco de cada uno de tus pasos.<\/p>\n<h3>Organizada y elegante<\/h3>\n<p>Dentro de este llamativo bolso, encuentre un bolsillo exclusivo para sus elementos esenciales, lo que garantiza que sus documentos o su tel\u00e9fono celular permanezcan seguros en medio del ajetreo diario. El &#8216;Mary&#8217; no es s\u00f3lo un bolso; es una combinaci\u00f3n perfecta de utilidad y arte extravagante.<\/p>\n<h3>Un emblema del orgullo artesanal<\/h3>\n<p>Cada puntada del bolso &#8216;Mary&#8217; es una promesa al legado perdurable de los Wayuu, una celebraci\u00f3n de una cultura que prospera a trav\u00e9s de sus tejidos. Al elegir el &#8216;Mary&#8217;, llevas m\u00e1s que un simple bolso; llevas una narrativa tejida con pasi\u00f3n y una promesa de sostenibilidad.<\/p>\n<p>Lleva &#8216;Mary&#8217;, lleva una historia, una exclusiva de Cosecha Bags.<\/p>\n","protected":false},"excerpt":{"rendered":"<p>Presentamos el solso Mary Wayuu, un bolso exquisitamente hecho a mano por los artesanos Wayuu de Colombia, esta pieza es una expresi\u00f3n vibrante de personalidad audaz, que encarna un esp\u00edritu de libertad y grandeza.<\/p>\n<p>La bolsa tiene una base redonda con un di\u00e1metro de 9 pulgadas (23 cm) y una altura de 10,6 pulgadas (27 cm). Cuenta con una correa redonda ajustable, lo suficientemente vers\u00e1til como para llevarlo en la mano, al hombro o cruzado. Esta correa se acent\u00faa con borlas multicolores que a\u00f1aden un movimiento divertido a los lados del bolso.<\/p>\n<p>Adem\u00e1s, en el bolso Mary Wayuu hay un bolsillo interno para guardar documentos o su tel\u00e9fono celular de forma segura, combinando funcionalidad con una est\u00e9tica llamativa.<\/p>\n","protected":false},"featured_media":1498,"comment_status":"open","ping_status":"closed","template":"","meta":{"_joinchat":[]},"product_brand":[],"product_cat":[52,53,48],"product_tag":[],"class_list":{"0":"post-1590","1":"product","2":"type-product","3":"status-publish","4":"has-post-thumbnail","6":"product_cat-bolso-wayuu-bandolera","7":"product_cat-bolsos-wayuu-de-mano","8":"product_cat-bolsos-wayuu-grandes","10":"first","11":"instock","12":"shipping-taxable","13":"purchasable","14":"product-type-simple"},"_links":{"self":[{"href":"https:\/\/cosechabags.com\/es\/wp-json\/wp\/v2\/product\/1590","targetHints":{"allow":["GET"]}}],"collection":[{"href":"https:\/\/cosechabags.com\/es\/wp-json\/wp\/v2\/product"}],"about":[{"href":"https:\/\/cosechabags.com\/es\/wp-json\/wp\/v2\/types\/product"}],"replies":[{"embeddable":true,"href":"https:\/\/cosechabags.com\/es\/wp-json\/wp\/v2\/comments?post=1590"}],"wp:featuredmedia":[{"embeddable":true,"href":"https:\/\/cosechabags.com\/es\/wp-json\/wp\/v2\/media\/1498"}],"wp:attachment":[{"href":"https:\/\/cosechabags.com\/es\/wp-json\/wp\/v2\/media?parent=1590"}],"wp:term":[{"taxonomy":"product_brand","embeddable":true,"href":"https:\/\/cosechabags.com\/es\/wp-json\/wp\/v2\/product_brand?post=1590"},{"taxonomy":"product_cat","embeddable":true,"href":"https:\/\/cosechabags.com\/es\/wp-json\/wp\/v2\/product_cat?post=1590"},{"taxonomy":"product_tag","embeddable":true,"href":"https:\/\/cosechabags.com\/es\/wp-json\/wp\/v2\/product_tag?post=1590"}],"curies":[{"name":"wp","href":"https:\/\/api.w.org\/{rel}","templated":true}]}}