{"id":1581,"date":"2023-11-14T11:44:00","date_gmt":"2023-11-14T10:44:00","guid":{"rendered":"https:\/\/cosechabags.com\/producto\/antonella-wayuu-bag\/"},"modified":"2025-01-16T14:03:53","modified_gmt":"2025-01-16T13:03:53","slug":"bolso-wayuu-antonella","status":"publish","type":"product","link":"https:\/\/cosechabags.com\/es\/product\/bolso-wayuu-antonella\/","title":{"rendered":"Bolso Wayuu Antonella"},"content":{"rendered":"<h3>Bolso Wayuu Antonella, Elegancia artesanal<\/h3>\n<p>El bolso Antonella, un tesoro de la tribu Wayuu de Colombia, personifica la fusi\u00f3n de herencia y moda contempor\u00e1nea. Este bolso Wayuu peque\u00f1o, que mide 18 cm (7,1 pulgadas) de alto y tiene una base redonda de 14 cm (5,5 pulgadas), es perfecto para quienes aprecian la delicadeza del arte tejido a mano.<\/p>\n<h3>Funcionalidad de lujo<\/h3>\n<p>Adornado con un cierre de cord\u00f3n con detalles met\u00e1licos niquelados de alta calidad, el bolso Antonella desprende un encanto refinado. Su correa de 41 pulgadas (105 cm), confeccionada con cuero genuino, promete durabilidad y comodidad, ya sea colgada del hombro o cruzada sobre el cuerpo.<\/p>\n<h3>Paleta de estilos vers\u00e1til<\/h3>\n<p>Disponible en ocho colores exquisitos, desde los tonos profundos de Grape y Navy hasta los tonos terrosos de Military y Dark Mustard, hay una Antonella para todos los gustos. Cada color se elige para complementar los patrones intrincados y la estructura robusta del bolso, asegurando que su estilo se acent\u00fae, sin importar la ocasi\u00f3n.<\/p>\n<h3>Calidad duradera<\/h3>\n<p>La Antonella no solo lleva lo esencial; los protege Forrado con tela de alta calidad resistente a l\u00edquidos, est\u00e1 dise\u00f1ado para proteger sus objetos de valor en los a\u00f1os venideros. Ya sea que est\u00e9s navegando por la jungla urbana o explorando paisajes lejanos, este bolso es tu compa\u00f1ero confiable.<\/p>\n","protected":false},"excerpt":{"rendered":"<p>Te presentamos el bolso Wayuu Antonella, este Bolso Wayuu Peque\u00f1o, que mide 18cm de alto y tiene una base redonda de 14cm. Esta pieza compacta presenta un cierre de cord\u00f3n, complementado con herrajes de metal niquelado de alta calidad para darle un toque de elegancia. Viene con una correa de 41 pulgadas (105 cm) hecha de cuero genuino y terminada en cuero genuino donde los cierres de mosquet\u00f3n son sin\u00f3nimo de durabilidad y sensaci\u00f3n de lujo. La bolsa est\u00e1 forrada con un tejido resistente a l\u00edquidos de alta calidad, lo que garantiza la seguridad y la longevidad de sus objetos de valor.<\/p>\n<p>Este bolso est\u00e1 disponible en 8 colores diferentes, permiti\u00e9ndote elegir el que mejor se adapta a tu estilo y preferencias de paleta: Uva, Negro, Mostaza Claro, Azul Marino, Verde Militar, Verde Claro, Verde Oscuro y Mostaza Oscuro.<\/p>\n","protected":false},"featured_media":1495,"comment_status":"open","ping_status":"closed","template":"","meta":{"_joinchat":[]},"product_brand":[],"product_cat":[52,55,56],"product_tag":[],"class_list":{"0":"post-1581","1":"product","2":"type-product","3":"status-publish","4":"has-post-thumbnail","6":"product_cat-bolso-wayuu-bandolera","7":"product_cat-bolsos-cruzados-wayuu","8":"product_cat-mini-bolsos-wayuu","10":"first","11":"instock","12":"shipping-taxable","13":"purchasable","14":"product-type-variable"},"_links":{"self":[{"href":"https:\/\/cosechabags.com\/es\/wp-json\/wp\/v2\/product\/1581","targetHints":{"allow":["GET"]}}],"collection":[{"href":"https:\/\/cosechabags.com\/es\/wp-json\/wp\/v2\/product"}],"about":[{"href":"https:\/\/cosechabags.com\/es\/wp-json\/wp\/v2\/types\/product"}],"replies":[{"embeddable":true,"href":"https:\/\/cosechabags.com\/es\/wp-json\/wp\/v2\/comments?post=1581"}],"wp:featuredmedia":[{"embeddable":true,"href":"https:\/\/cosechabags.com\/es\/wp-json\/wp\/v2\/media\/1495"}],"wp:attachment":[{"href":"https:\/\/cosechabags.com\/es\/wp-json\/wp\/v2\/media?parent=1581"}],"wp:term":[{"taxonomy":"product_brand","embeddable":true,"href":"https:\/\/cosechabags.com\/es\/wp-json\/wp\/v2\/product_brand?post=1581"},{"taxonomy":"product_cat","embeddable":true,"href":"https:\/\/cosechabags.com\/es\/wp-json\/wp\/v2\/product_cat?post=1581"},{"taxonomy":"product_tag","embeddable":true,"href":"https:\/\/cosechabags.com\/es\/wp-json\/wp\/v2\/product_tag?post=1581"}],"curies":[{"name":"wp","href":"https:\/\/api.w.org\/{rel}","templated":true}]}}