{"id":1578,"date":"2023-11-14T11:49:15","date_gmt":"2023-11-14T10:49:15","guid":{"rendered":"https:\/\/cosechabags.com\/producto\/bolso-clau-etnico-wayuu\/"},"modified":"2025-01-16T14:00:04","modified_gmt":"2025-01-16T13:00:04","slug":"bolso-clau","status":"publish","type":"product","link":"https:\/\/cosechabags.com\/es\/product\/bolso-clau\/","title":{"rendered":"Bolso Clau"},"content":{"rendered":"<h3>Esencia Artesanal Tradicional<\/h3>\n<p>El bolso Clau Ethnic Wayuu es un testimonio de la perdurable artesan\u00eda del pueblo ind\u00edgena Wayuu de Colombia. Cada puntada cuenta una historia de tradici\u00f3n, entretejida en un accesorio contempor\u00e1neo que trasciende el tiempo y las tendencias.<\/p>\n<h3>Dise\u00f1ado para la elegancia cotidiana<\/h3>\n<p>Con una base redonda de 20 cm (7,9 pulgadas) y una altura de 24 cm (9,4 pulgadas), el bolso Clau es el ep\u00edtome de la elegancia funcional. La correa larga de 41 pulgadas (105 cm) ofrece comodidad y versatilidad, ya sea colgada del hombro o cruzada sobre el cuerpo.<\/p>\n<h3>Caracter\u00edsticas funcionales<\/h3>\n<p>Los herrajes niquelados no s\u00f3lo realzan el bolso con un toque de lujo moderno sino que tambi\u00e9n garantizan durabilidad. En el interior, un bolsillo exclusivo sirve como refugio seguro para sus elementos esenciales, combinando estilo con practicidad en este exclusivo bolso de tama\u00f1o mediano.<\/p>\n<h3>Colores que hablan<\/h3>\n<p>Disponible en dos combinaciones de colores cl\u00e1sicas, azul marino y negro, cada opci\u00f3n acent\u00faa los patrones \u00e9tnicos distintivos del bolso. Estas paletas de colores han sido cuidadosamente seleccionadas para resaltar los dise\u00f1os caracter\u00edsticos de la tribu Wayuu, haciendo de cada bolso Clau una obra de arte ponible.<\/p>\n","protected":false},"excerpt":{"rendered":"<p>Explora el exclusivo Bolso \u00c9tnico, hecho a mano por el pueblo ind\u00edgena Wayuu de Colombia.<\/p>\n<p>Este bolso de tama\u00f1o mediano tiene una base redonda con un di\u00e1metro de 20 cm y una altura de 24 cm. La correa de 41 pulgadas (105 cm) de largo la hace ideal para transportarla c\u00f3modamente. Los herrajes niquelados a\u00f1aden un toque de lujo a esta exquisita pieza artesanal.<\/p>\n<p>En el interior encontrar\u00e1 un bolsillo adecuado para documentos o su tel\u00e9fono m\u00f3vil, que ofrece estilo y funcionalidad.<\/p>\n<p>Disponible en dos combinaciones de colores cl\u00e1sicas: azul marino y negro, cada uno de los cuales resalta los intrincados patrones tradicionales que son un sello distintivo de la artesan\u00eda Wayuu.<\/p>\n","protected":false},"featured_media":4491,"comment_status":"open","ping_status":"closed","template":"","meta":{"_joinchat":[]},"product_brand":[],"product_cat":[52,55,47],"product_tag":[],"class_list":{"0":"post-1578","1":"product","2":"type-product","3":"status-publish","4":"has-post-thumbnail","6":"product_cat-bolso-wayuu-bandolera","7":"product_cat-bolsos-cruzados-wayuu","8":"product_cat-bolsos-wayuu-medianos","10":"first","11":"instock","12":"shipping-taxable","13":"purchasable","14":"product-type-variable"},"_links":{"self":[{"href":"https:\/\/cosechabags.com\/es\/wp-json\/wp\/v2\/product\/1578","targetHints":{"allow":["GET"]}}],"collection":[{"href":"https:\/\/cosechabags.com\/es\/wp-json\/wp\/v2\/product"}],"about":[{"href":"https:\/\/cosechabags.com\/es\/wp-json\/wp\/v2\/types\/product"}],"replies":[{"embeddable":true,"href":"https:\/\/cosechabags.com\/es\/wp-json\/wp\/v2\/comments?post=1578"}],"wp:featuredmedia":[{"embeddable":true,"href":"https:\/\/cosechabags.com\/es\/wp-json\/wp\/v2\/media\/4491"}],"wp:attachment":[{"href":"https:\/\/cosechabags.com\/es\/wp-json\/wp\/v2\/media?parent=1578"}],"wp:term":[{"taxonomy":"product_brand","embeddable":true,"href":"https:\/\/cosechabags.com\/es\/wp-json\/wp\/v2\/product_brand?post=1578"},{"taxonomy":"product_cat","embeddable":true,"href":"https:\/\/cosechabags.com\/es\/wp-json\/wp\/v2\/product_cat?post=1578"},{"taxonomy":"product_tag","embeddable":true,"href":"https:\/\/cosechabags.com\/es\/wp-json\/wp\/v2\/product_tag?post=1578"}],"curies":[{"name":"wp","href":"https:\/\/api.w.org\/{rel}","templated":true}]}}