{"id":1577,"date":"2023-11-15T11:32:31","date_gmt":"2023-11-15T10:32:31","guid":{"rendered":"https:\/\/cosechabags.com\/producto\/abby-bag\/"},"modified":"2025-01-16T13:58:19","modified_gmt":"2025-01-16T12:58:19","slug":"bolso-abby-wayuu","status":"publish","type":"product","link":"https:\/\/cosechabags.com\/es\/product\/bolso-abby-wayuu\/","title":{"rendered":"Bolso Abby Wayuu"},"content":{"rendered":"<h3>Abby: donde la tradici\u00f3n teje el estilo moderno<\/h3>\n<p>Descubra el bolso Wayuu &#8216;Abby&#8217;, un testimonio del arte de la tribu Wayuu, que cobra vida gracias a manos expertas que tejen no solo hilos, sino tambi\u00e9n historias de herencia y moda contempor\u00e1nea.<\/p>\n<h3>Artesan\u00eda tejida a mano.<\/h3>\n<p>Cada bolso &#8216;Abby&#8217; es un lienzo de tradici\u00f3n, que toma forma a lo largo de d\u00edas de dedicado tejido a mano. La base redonda, de 23 cm (9 pulgadas) de di\u00e1metro, se eleva hasta una altura de 27 cm (10,6 pulgadas), lo que la convierte en un tama\u00f1o ideal para las necesidades diarias.<\/p>\n<h3>Dise\u00f1ado para la versatilidad<\/h3>\n<p>Adaptable y elegante, Abby viene con una correa deslizante que se ajusta de 70 a 115 cm (27,5 a 45 pulgadas) seg\u00fan sus preferencias, acompa\u00f1ada de una correa secundaria de 30 cm (12 pulgadas) para esos momentos en que necesita mantener sus tesoros cerca. a mano.<\/p>\n<h3>La est\u00e9tica se une a la practicidad<\/h3>\n<p>Asegurado con un cord\u00f3n, el bolso presenta un caleidoscopio de borlas multicolores que se balancean juguetonamente con cada movimiento. En el interior, el bolsillo de tela de alta calidad resistente a l\u00edquidos est\u00e1 listo para proteger sus objetos de valor, combinando funcionalidad con elegancia.<\/p>\n<h3>Celebre el patrimonio artesanal<\/h3>\n<p>Cada bolso Abby es un eco del rico tapiz cultural de los Wayuu, un pedazo de historia entrelazado con la vitalidad de la vida moderna. Este bolso no es s\u00f3lo un accesorio; es un puente entre mundos, una declaraci\u00f3n del viaje atemporal de la moda a trav\u00e9s de los tiempos.<\/p>\n<p>Lleve el &#8216;Abby&#8217; y lleve una narrativa de artesan\u00eda aut\u00e9ntica, estilo de vida vibrante y orgullo cultural: un bolso verdaderamente hecho para el individuo exigente.<\/p>\n","protected":false},"excerpt":{"rendered":"<p>Te presentamos el bolso Abby Wayuu, un bolso tejido a mano con amor y tradici\u00f3n, dise\u00f1ado para acentuar tu estilo \u00fanico.<\/p>\n<p>Mide 9 pulgadas (23 cm) de ancho sobre su base redonda y mide 10,6 pulgadas (27 cm) de alto. El bolso cuenta con una correa ajustable vers\u00e1til que var\u00eda de 70 a 115 cm de largo, junto con una segunda correa de 30 cm para llevar en la mano.<\/p>\n<p>Se asegura con un cierre de cord\u00f3n, adornado con hermosas borlas multicolores. En el interior encontrar\u00e1 un bolsillo de tela de alta calidad resistente a l\u00edquidos, perfecto para guardar de forma segura sus objetos m\u00e1s preciados.<\/p>\n","protected":false},"featured_media":1491,"comment_status":"open","ping_status":"closed","template":"","meta":{"_joinchat":[]},"product_brand":[],"product_cat":[52,55,53,48],"product_tag":[],"class_list":{"0":"post-1577","1":"product","2":"type-product","3":"status-publish","4":"has-post-thumbnail","6":"product_cat-bolso-wayuu-bandolera","7":"product_cat-bolsos-cruzados-wayuu","8":"product_cat-bolsos-wayuu-de-mano","9":"product_cat-bolsos-wayuu-grandes","11":"first","12":"instock","13":"shipping-taxable","14":"purchasable","15":"product-type-simple"},"_links":{"self":[{"href":"https:\/\/cosechabags.com\/es\/wp-json\/wp\/v2\/product\/1577","targetHints":{"allow":["GET"]}}],"collection":[{"href":"https:\/\/cosechabags.com\/es\/wp-json\/wp\/v2\/product"}],"about":[{"href":"https:\/\/cosechabags.com\/es\/wp-json\/wp\/v2\/types\/product"}],"replies":[{"embeddable":true,"href":"https:\/\/cosechabags.com\/es\/wp-json\/wp\/v2\/comments?post=1577"}],"wp:featuredmedia":[{"embeddable":true,"href":"https:\/\/cosechabags.com\/es\/wp-json\/wp\/v2\/media\/1491"}],"wp:attachment":[{"href":"https:\/\/cosechabags.com\/es\/wp-json\/wp\/v2\/media?parent=1577"}],"wp:term":[{"taxonomy":"product_brand","embeddable":true,"href":"https:\/\/cosechabags.com\/es\/wp-json\/wp\/v2\/product_brand?post=1577"},{"taxonomy":"product_cat","embeddable":true,"href":"https:\/\/cosechabags.com\/es\/wp-json\/wp\/v2\/product_cat?post=1577"},{"taxonomy":"product_tag","embeddable":true,"href":"https:\/\/cosechabags.com\/es\/wp-json\/wp\/v2\/product_tag?post=1577"}],"curies":[{"name":"wp","href":"https:\/\/api.w.org\/{rel}","templated":true}]}}