{"id":1572,"date":"2023-11-15T11:44:04","date_gmt":"2023-11-15T10:44:04","guid":{"rendered":"https:\/\/cosechabags.com\/producto\/kriss-wayuu-tote-bag\/"},"modified":"2025-01-16T13:55:20","modified_gmt":"2025-01-16T12:55:20","slug":"bolso-kriss","status":"publish","type":"product","link":"https:\/\/cosechabags.com\/es\/product\/bolso-kriss\/","title":{"rendered":"Bolso Kriss"},"content":{"rendered":"<h3>Bolso Kriss, elegancia artesanal<\/h3>\n<p>Del\u00e9itese con la artesan\u00eda excepcional del bolso Kriss Wayuu, un s\u00edmbolo del rico patrimonio cultural de la tribu wayuu colombiana. Cada bolso tarda m\u00e1s de dos semanas en completarse, lo que significa la dedicaci\u00f3n a la calidad y la tradici\u00f3n. Con un di\u00e1metro de base de 9 pulgadas (23 cm) y una altura de 10,6 pulgadas (27 cm), este bolso no solo es elegante sino tambi\u00e9n espacioso.<\/p>\n<h3>Dise\u00f1o vers\u00e1til<\/h3>\n<p>El bolso &#8216;Kriss&#8217; ofrece versatilidad con sus asas dobles: un par c\u00f3modo de 30 cm para llevar en la mano y una correa para el hombro m\u00e1s larga de 41 pulgadas (105 cm), adecuada para llevarlo cruzado. Esta adaptabilidad lo convierte en un compa\u00f1ero ideal para tus recados diarios o en un accesorio elegante para una salida nocturna.<\/p>\n<h3>Caracter\u00edsticas funcionales<\/h3>\n<p>La funcionalidad se une al estilo con el bolsillo interno cuidadosamente incluido del bolso Tote &#8216;Kriss&#8217;, dise\u00f1ado para proteger sus elementos esenciales, como documentos y tel\u00e9fonos celulares. El cierre de cord\u00f3n est\u00e1 elegantemente acentuado con borlas, lo que agrega un toque divertido pero sofisticado al dise\u00f1o general del bolso.<\/p>\n<h3>Patrones de colores vibrantes<\/h3>\n<p>Elija entre cinco llamativos patrones de colores, cada uno de ellos meticulosamente elegido para resaltar el arte del tejido Wayuu:<\/p>\n<ul>\n<li>Trazo rosa-azul<\/li>\n<li>Trazo rosa<\/li>\n<li>Trazo verde mostaza<\/li>\n<li>Trazo azul lavanda<\/li>\n<li>Trazo azul mostaza<\/li>\n<\/ul>\n<p>Cada variante es un testimonio del talento de la tribu Wayuu para combinar tonos vibrantes con patrones intrincados, lo que garantiza que su bolso tote &#8216;Kriss&#8217; se destaque como una pieza llamativa.<\/p>\n","protected":false},"excerpt":{"rendered":"<p>Explora el espacioso bolso Kriss, cuidadosamente elaborado a mano con una base de 9 pulgadas (23 cm) de di\u00e1metro y una altura de 10,6 pulgadas (27 cm).<\/p>\n<p>Cuenta con dos asas: un par de mano de 30 cm y una correa para el hombro de 41 pulgadas (105 cm) que tambi\u00e9n funciona cruzada para un uso vers\u00e1til. En el interior hay un bolsillo perfecto para guardar documentos o tu tel\u00e9fono m\u00f3vil. El bolso se cierra con un cord\u00f3n y se completa con elegantes borlas.<\/p>\n<p>Este bolso viene en cinco patrones de colores distintivos:<\/p>\n<ul>\n<li>Trazo rosa-azul<\/li>\n<li>Trazo rosa<\/li>\n<li>Trazo verde-mostaza<\/li>\n<li>Trazo azul-lavanda<\/li>\n<li>Trazo mostaza-azul<\/li>\n<\/ul>\n<p>Cada combinaci\u00f3n est\u00e1 dise\u00f1ada para complementar el intrincado tejido y la estructura de este bolso hecho a mano, convirti\u00e9ndolo en un accesorio funcional pero elegante para cualquier ocasi\u00f3n.<\/p>\n","protected":false},"featured_media":1486,"comment_status":"open","ping_status":"closed","template":"","meta":{"_joinchat":[]},"product_brand":[],"product_cat":[52,55,53,48],"product_tag":[],"class_list":{"0":"post-1572","1":"product","2":"type-product","3":"status-publish","4":"has-post-thumbnail","6":"product_cat-bolso-wayuu-bandolera","7":"product_cat-bolsos-cruzados-wayuu","8":"product_cat-bolsos-wayuu-de-mano","9":"product_cat-bolsos-wayuu-grandes","11":"first","12":"instock","13":"shipping-taxable","14":"purchasable","15":"product-type-variable"},"_links":{"self":[{"href":"https:\/\/cosechabags.com\/es\/wp-json\/wp\/v2\/product\/1572","targetHints":{"allow":["GET"]}}],"collection":[{"href":"https:\/\/cosechabags.com\/es\/wp-json\/wp\/v2\/product"}],"about":[{"href":"https:\/\/cosechabags.com\/es\/wp-json\/wp\/v2\/types\/product"}],"replies":[{"embeddable":true,"href":"https:\/\/cosechabags.com\/es\/wp-json\/wp\/v2\/comments?post=1572"}],"wp:featuredmedia":[{"embeddable":true,"href":"https:\/\/cosechabags.com\/es\/wp-json\/wp\/v2\/media\/1486"}],"wp:attachment":[{"href":"https:\/\/cosechabags.com\/es\/wp-json\/wp\/v2\/media?parent=1572"}],"wp:term":[{"taxonomy":"product_brand","embeddable":true,"href":"https:\/\/cosechabags.com\/es\/wp-json\/wp\/v2\/product_brand?post=1572"},{"taxonomy":"product_cat","embeddable":true,"href":"https:\/\/cosechabags.com\/es\/wp-json\/wp\/v2\/product_cat?post=1572"},{"taxonomy":"product_tag","embeddable":true,"href":"https:\/\/cosechabags.com\/es\/wp-json\/wp\/v2\/product_tag?post=1572"}],"curies":[{"name":"wp","href":"https:\/\/api.w.org\/{rel}","templated":true}]}}