{"id":1568,"date":"2023-11-15T11:50:06","date_gmt":"2023-11-15T10:50:06","guid":{"rendered":"https:\/\/cosechabags.com\/producto\/bolso-wayuu-amani\/"},"modified":"2025-01-16T14:00:51","modified_gmt":"2025-01-16T13:00:51","slug":"bolso-wayuu-amani","status":"publish","type":"product","link":"https:\/\/cosechabags.com\/es\/product\/bolso-wayuu-amani\/","title":{"rendered":"Bolso Wayuu Amani"},"content":{"rendered":"<h3>Patrimonio Artesanal: El Bolso Wayuu Amani<\/h3>\n<p>Ingrese al mundo de la elegancia artesanal con el bolso Wayuu \u00abAmani\u00bb, su nueva opci\u00f3n de moda sustentable. Cosecha Bags presenta una obra maestra que encarna las intrincadas tradiciones de tejido de la tribu Wayuu, dise\u00f1ada para la mujer consciente del medio ambiente y con inclinaci\u00f3n por la calidad artesanal.<\/p>\n<h3>Espacioso y elegante: dise\u00f1ado para la elegancia cotidiana<\/h3>\n<p>Con su dise\u00f1o contempor\u00e1neo, el dise\u00f1o \u00abAmani\u00bb ofrece un amplio espacio sin comprometer el estilo. Con unas medidas de 23 cm (9 pulgadas) de di\u00e1metro y 27 cm (10,6 pulgadas) de altura, este bolso grande es perfecto para guardar lo esencial del d\u00eda a d\u00eda y mucho m\u00e1s. Las asas ajustables brindan opciones de transporte vers\u00e1tiles, pasando f\u00e1cilmente de un c\u00f3modo bolso de hombro a un c\u00f3modo bolso cruzado.<\/p>\n<h3>Detalles que deslumbran: flecos de borlas y variaciones de color<\/h3>\n<p>Cada bolso \u00abAmani\u00bb est\u00e1 acabado con flecos de borlas, lo que agrega un encanto divertido a la silueta sofisticada. Elige entre tonos rosa, azul y lavanda para complementar tu guardarropa y hacer una declaraci\u00f3n dondequiera que vayas.<\/p>\n<h3>La practicidad se une a la destreza: bolsillo interno y manijas ajustables<\/h3>\n<p>Priorizando la funcionalidad, el \u00abAmani\u00bb cuenta con un bolsillo interno, lo que garantiza que sus documentos y su tel\u00e9fono celular est\u00e9n siempre al alcance. El cierre con cord\u00f3n asegura sus pertenencias, mientras que las asas ajustables (que van desde 23,6 pulgadas hasta 47,2 pulgadas [60 cm &#8211; 120 cm]) se adaptan a su comodidad y preferencia.<\/p>\n<h3>Abrazando la artesan\u00eda wayuu: una historia en cada puntada<\/h3>\n<p>Al elegir el \u00abAmani\u00bb, llevas m\u00e1s que un simple bolso; llevas una historia de patrimonio cultural, meticulosamente tejida a mano durante varias semanas por los artesanos Wayuu. Con cada compra, apoyas pr\u00e1cticas sustentables y celebras el rico tapiz de la artesan\u00eda colombiana.<\/p>\n","protected":false},"excerpt":{"rendered":"<p>Bolso Wayuu Amani\u00a0de Dise\u00f1o Contempor\u00e1neo.<\/p>\n<p>Dimensiones: Base de 9 pulgadas (23 cm) de di\u00e1metro y 10,6 pulgadas (27 cm) de altura. Asas con longitud ajustable (Rango: 23,6 pulgadas &#8211; 47,2 pulgadas [60 cm &#8211; 120 cm]).<\/p>\n<p>El bolso Wayuu Amani cuenta con un cierre de cord\u00f3n rematado con flecos de borla. Incluye un Bolsillo Interno para documentos y\/o tu celular.<\/p>\n<p>Est\u00e1 disponible en rosa, azul y lavanda.<\/p>\n","protected":false},"featured_media":2249,"comment_status":"open","ping_status":"closed","template":"","meta":{"_joinchat":[]},"product_brand":[],"product_cat":[52,55,48],"product_tag":[],"class_list":{"0":"post-1568","1":"product","2":"type-product","3":"status-publish","4":"has-post-thumbnail","6":"product_cat-bolso-wayuu-bandolera","7":"product_cat-bolsos-cruzados-wayuu","8":"product_cat-bolsos-wayuu-grandes","10":"first","11":"instock","12":"shipping-taxable","13":"purchasable","14":"product-type-variable"},"_links":{"self":[{"href":"https:\/\/cosechabags.com\/es\/wp-json\/wp\/v2\/product\/1568","targetHints":{"allow":["GET"]}}],"collection":[{"href":"https:\/\/cosechabags.com\/es\/wp-json\/wp\/v2\/product"}],"about":[{"href":"https:\/\/cosechabags.com\/es\/wp-json\/wp\/v2\/types\/product"}],"replies":[{"embeddable":true,"href":"https:\/\/cosechabags.com\/es\/wp-json\/wp\/v2\/comments?post=1568"}],"wp:featuredmedia":[{"embeddable":true,"href":"https:\/\/cosechabags.com\/es\/wp-json\/wp\/v2\/media\/2249"}],"wp:attachment":[{"href":"https:\/\/cosechabags.com\/es\/wp-json\/wp\/v2\/media?parent=1568"}],"wp:term":[{"taxonomy":"product_brand","embeddable":true,"href":"https:\/\/cosechabags.com\/es\/wp-json\/wp\/v2\/product_brand?post=1568"},{"taxonomy":"product_cat","embeddable":true,"href":"https:\/\/cosechabags.com\/es\/wp-json\/wp\/v2\/product_cat?post=1568"},{"taxonomy":"product_tag","embeddable":true,"href":"https:\/\/cosechabags.com\/es\/wp-json\/wp\/v2\/product_tag?post=1568"}],"curies":[{"name":"wp","href":"https:\/\/api.w.org\/{rel}","templated":true}]}}