{"id":1567,"date":"2023-11-15T11:55:42","date_gmt":"2023-11-15T10:55:42","guid":{"rendered":"https:\/\/cosechabags.com\/producto\/charlotte-wayuu-bag\/"},"modified":"2025-01-16T13:41:25","modified_gmt":"2025-01-16T12:41:25","slug":"bolso-charlotte-wayuu","status":"publish","type":"product","link":"https:\/\/cosechabags.com\/es\/product\/bolso-charlotte-wayuu\/","title":{"rendered":"Bolso Charlotte Wayuu"},"content":{"rendered":"<h3>T\u00e9cnica consagrada: el bolso Charlotte Wayuu<\/h3>\n<p>Descubra el bolso Wayuu \u00abCharlotte\u00bb en Cosecha Bags, donde las antiguas tradiciones de tejido se combinan con la sensibilidad de la moda moderna. Hecho a mano por artesanos Wayuu de Colombia, cada bolso cuenta la historia de una cultura rica en herencia art\u00edstica y artesan\u00eda vibrante.<\/p>\n<h3>Dise\u00f1o din\u00e1mico: una fusi\u00f3n de forma y funci\u00f3n<\/h3>\n<p>La \u00abCharlotte\u00bb no es s\u00f3lo un bolso; es una declaraci\u00f3n. Con una base resistente de 23 cm (9 pulgadas) y una pr\u00e1ctica altura de 27 cm (10,6 pulgadas), este bolso grande est\u00e1 dise\u00f1ado para la persona vanguardista que valora tanto la forma como la funci\u00f3n. El llamativo patr\u00f3n de rayas de colores llamativos sobre un fondo negro capta la atenci\u00f3n y garantiza que este bolso se destaque entre la multitud.<\/p>\n<h3>Comodidad personalizable: ajustable y vers\u00e1til<\/h3>\n<p>La adaptabilidad es clave en el dise\u00f1o de la \u00abCharlotte\u00bb. Las correas redondas se ajustan a su estilo de vida y ofrecen la flexibilidad de usar este bolso cruzado, al hombro o en la mano. El cierre de cord\u00f3n, rematado con divertidas borlas, garantiza que sus pertenencias est\u00e9n seguras y agrega un elemento de diversi\u00f3n al aspecto general del bolso.<\/p>\n<h3>Organizaci\u00f3n con estilo: pr\u00e1cticos bolsillos interiores<\/h3>\n<p>Su comodidad se considera con un bolsillo especialmente dise\u00f1ado dentro del \u00abCharlotte\u00bb, perfecto para resguardar sus documentos o su tel\u00e9fono celular. Cada art\u00edculo tiene su lugar, lo que te permite mantenerte organizado con estilo.<\/p>\n<h3>Lleva un legado: tejido a mano con un prop\u00f3sito<\/h3>\n<p>Al elegir \u00abCharlotte\u00bb, llevas m\u00e1s que un bolso: llevas un legado. Cada compra apoya el sustento de la tribu Wayuu y ayuda a preservar sus habilidades tradicionales. Abrace el car\u00e1cter \u00fanico y la relevancia cultural de esta obra maestra tejida a mano de Cosecha Bags.<\/p>\n","protected":false},"excerpt":{"rendered":"<p>Presentamos el Bolso Charlotte Wayuu, una pieza llamativa que combina la artesan\u00eda tradicional con un dise\u00f1o moderno.<\/p>\n<p>Tiene un di\u00e1metro de base de 9 pulgadas (23 cm) y una altura de 10,6 pulgadas (27 cm). Las correas redondas son ajustables para opciones de transporte vers\u00e1tiles, como bandolera, hombro o mano.<\/p>\n<p>El bolso se cierra con un cord\u00f3n y est\u00e1 adornado con divertidas borlas que a\u00f1aden un estilo din\u00e1mico cuando caen hacia los lados. En el interior, hay un bolsillo especialmente dise\u00f1ado para documentos o su tel\u00e9fono celular, brindando seguridad y comodidad.<\/p>\n<p>El patr\u00f3n del bolso, con rayas de colores llamativos sobre un fondo negro, ofrece una est\u00e9tica llamativa y funcional.<\/p>\n","protected":false},"featured_media":1482,"comment_status":"open","ping_status":"closed","template":"","meta":{"_joinchat":[]},"product_brand":[],"product_cat":[52,55,48],"product_tag":[],"class_list":{"0":"post-1567","1":"product","2":"type-product","3":"status-publish","4":"has-post-thumbnail","6":"product_cat-bolso-wayuu-bandolera","7":"product_cat-bolsos-cruzados-wayuu","8":"product_cat-bolsos-wayuu-grandes","10":"first","11":"instock","12":"shipping-taxable","13":"purchasable","14":"product-type-simple"},"_links":{"self":[{"href":"https:\/\/cosechabags.com\/es\/wp-json\/wp\/v2\/product\/1567","targetHints":{"allow":["GET"]}}],"collection":[{"href":"https:\/\/cosechabags.com\/es\/wp-json\/wp\/v2\/product"}],"about":[{"href":"https:\/\/cosechabags.com\/es\/wp-json\/wp\/v2\/types\/product"}],"replies":[{"embeddable":true,"href":"https:\/\/cosechabags.com\/es\/wp-json\/wp\/v2\/comments?post=1567"}],"wp:featuredmedia":[{"embeddable":true,"href":"https:\/\/cosechabags.com\/es\/wp-json\/wp\/v2\/media\/1482"}],"wp:attachment":[{"href":"https:\/\/cosechabags.com\/es\/wp-json\/wp\/v2\/media?parent=1567"}],"wp:term":[{"taxonomy":"product_brand","embeddable":true,"href":"https:\/\/cosechabags.com\/es\/wp-json\/wp\/v2\/product_brand?post=1567"},{"taxonomy":"product_cat","embeddable":true,"href":"https:\/\/cosechabags.com\/es\/wp-json\/wp\/v2\/product_cat?post=1567"},{"taxonomy":"product_tag","embeddable":true,"href":"https:\/\/cosechabags.com\/es\/wp-json\/wp\/v2\/product_tag?post=1567"}],"curies":[{"name":"wp","href":"https:\/\/api.w.org\/{rel}","templated":true}]}}