{"id":1560,"date":"2023-11-15T12:18:52","date_gmt":"2023-11-15T11:18:52","guid":{"rendered":"https:\/\/cosechabags.com\/producto\/bolso-claire-wayuu\/"},"modified":"2025-01-16T13:51:21","modified_gmt":"2025-01-16T12:51:21","slug":"bolso-claire-wayuu","status":"publish","type":"product","link":"https:\/\/cosechabags.com\/es\/product\/bolso-claire-wayuu\/","title":{"rendered":"Bolso Claire"},"content":{"rendered":"<h3>Artesan\u00eda atemporal<\/h3>\n<p>El bolso Claire Wayuu es un testimonio del arte atemporal de la tribu Wayuu de Colombia, que combina t\u00e9cnicas tradicionales con una est\u00e9tica moderna. Cada bolso es un lienzo de textiles Wayuu de dos tonos, que presenta una perfecta armon\u00eda de color y textura.<\/p>\n<h3>Detalles de lujo<\/h3>\n<p>Mejore su juego de accesorios con los exquisitos herrajes en oro rosa y detalles en cuero genuino del bolso. El interior es igual de impresionante, forrado con una tela suave pero duradera, lo que garantiza que sus pertenencias est\u00e9n envueltas en lujo.<\/p>\n<h3>Estilo adaptativo<\/h3>\n<p>La correa ajustable de Claire ofrece una variedad de opciones de estilo. Mu\u00e9velo cruzado para una apariencia casual, t\u00f3malo en la mano para darle elegancia o \u00e1talo alrededor de tu cintura para darle un estilo de ri\u00f1onera contempor\u00e1nea. La versatilidad es el coraz\u00f3n de Claire.<\/p>\n<h3>Paleta diversa<\/h3>\n<p>Elija entre siete combinaciones de colores cautivadoras para combinar con su estilo \u00fanico. Ya sea el cl\u00e1sico color crema y negro, el vibrante azul y naranja o la discreta elegancia del lavanda, el bolso Claire tiene un tono para cada estado de \u00e1nimo y entorno.<\/p>\n","protected":false},"excerpt":{"rendered":"<p>Conozca nuestro bolso Claire, que eleva el tejido Wayuu a un nuevo nivel, posiblemente la pieza m\u00e1s vers\u00e1til de nuestra colecci\u00f3n.<\/p>\n<p>Presenta una combinaci\u00f3n armoniosa de textiles unicolores Wayuu de dos tonos, complementados con herrajes en oro rosa de alta calidad, detalles en cuero genuino y un interior forrado con tela suave y duradera. El bolso incluye un bolsillo interno del tama\u00f1o perfecto para un tel\u00e9fono m\u00f3vil.<\/p>\n<p>Cuenta con una correa ajustable que se puede dise\u00f1ar de varias maneras para llevarla cruzada, en la mano o incluso como ri\u00f1onera para tener las manos libres.<\/p>\n<p>El Bolso Claire est\u00e1 disponible en 7 combinaciones<\/p>\n<ul>\n<li>Crema y negro<\/li>\n<li>Azul y naranja<\/li>\n<li>Azul y Mostaza<\/li>\n<li>Verde<\/li>\n<li>Vino tinto y Rosa<\/li>\n<li>Lavanda<\/li>\n<li>Azul oscuro y lavanda.<\/li>\n<\/ul>\n","protected":false},"featured_media":1474,"comment_status":"open","ping_status":"closed","template":"","meta":{"_joinchat":[]},"product_brand":[],"product_cat":[52,55,47],"product_tag":[],"class_list":{"0":"post-1560","1":"product","2":"type-product","3":"status-publish","4":"has-post-thumbnail","6":"product_cat-bolso-wayuu-bandolera","7":"product_cat-bolsos-cruzados-wayuu","8":"product_cat-bolsos-wayuu-medianos","10":"first","11":"instock","12":"shipping-taxable","13":"purchasable","14":"product-type-variable"},"_links":{"self":[{"href":"https:\/\/cosechabags.com\/es\/wp-json\/wp\/v2\/product\/1560","targetHints":{"allow":["GET"]}}],"collection":[{"href":"https:\/\/cosechabags.com\/es\/wp-json\/wp\/v2\/product"}],"about":[{"href":"https:\/\/cosechabags.com\/es\/wp-json\/wp\/v2\/types\/product"}],"replies":[{"embeddable":true,"href":"https:\/\/cosechabags.com\/es\/wp-json\/wp\/v2\/comments?post=1560"}],"wp:featuredmedia":[{"embeddable":true,"href":"https:\/\/cosechabags.com\/es\/wp-json\/wp\/v2\/media\/1474"}],"wp:attachment":[{"href":"https:\/\/cosechabags.com\/es\/wp-json\/wp\/v2\/media?parent=1560"}],"wp:term":[{"taxonomy":"product_brand","embeddable":true,"href":"https:\/\/cosechabags.com\/es\/wp-json\/wp\/v2\/product_brand?post=1560"},{"taxonomy":"product_cat","embeddable":true,"href":"https:\/\/cosechabags.com\/es\/wp-json\/wp\/v2\/product_cat?post=1560"},{"taxonomy":"product_tag","embeddable":true,"href":"https:\/\/cosechabags.com\/es\/wp-json\/wp\/v2\/product_tag?post=1560"}],"curies":[{"name":"wp","href":"https:\/\/api.w.org\/{rel}","templated":true}]}}