{"id":1551,"date":"2023-11-15T12:21:33","date_gmt":"2023-11-15T11:21:33","guid":{"rendered":"https:\/\/cosechabags.com\/producto\/milan-wayuu-bolso\/"},"modified":"2025-01-16T13:50:57","modified_gmt":"2025-01-16T12:50:57","slug":"bolso-milan","status":"publish","type":"product","link":"https:\/\/cosechabags.com\/es\/product\/bolso-milan\/","title":{"rendered":"Bolso Milan"},"content":{"rendered":"<h3>Elegancia artesanal<\/h3>\n<p>El bolso Milan Wayuu representa m\u00e1s que una simple declaraci\u00f3n de moda; es una narrativa tejida a mano sobre la rica herencia de la tribu Wayuu. Elaborado con una dedicaci\u00f3n que abarca m\u00e1s de dos semanas, cada bolso cuenta una historia a trav\u00e9s de sus intrincados patrones geom\u00e9tricos y su vibrante paleta de colores.<\/p>\n<h3>Artesan\u00eda Artesanal<\/h3>\n<p>Esta obra maestra artesanal cuenta con una base redonda de 23 cm (9 pulgadas) y una altura de 27 cm (10,6 pulgadas). Su correa alargada de 41 pulgadas (105 cm) ofrece una portabilidad vers\u00e1til, ya sea que prefiera un estilo colgado al hombro o cruzado, lo que garantiza comodidad sin comprometer la elegancia.<\/p>\n<h3>La practicidad se une al estilo<\/h3>\n<p>El bolso Milan Wayuu no es s\u00f3lo un accesorio visualmente impresionante sino tambi\u00e9n un compa\u00f1ero pr\u00e1ctico. El bolsillo interno est\u00e1 cuidadosamente dise\u00f1ado para guardar art\u00edculos esenciales, desde documentos hasta su tel\u00e9fono celular, manteni\u00e9ndolos seguros pero f\u00e1cilmente accesibles. Esta combinaci\u00f3n de funcionalidad y atractivo est\u00e9tico hace del Milan una adici\u00f3n indispensable a su colecci\u00f3n.<\/p>\n<h3>Una paleta para cada personalidad<\/h3>\n<p>Disponible en 8 variaciones de color, Milan ofrece una opci\u00f3n para todos los gustos:<\/p>\n<ul>\n<li>Rosa claro para un toque suave y femenino.<\/li>\n<li>Lavanda para darle un toque de fantas\u00eda<\/li>\n<li>Mostaza oscuro y claro para un toque de tonos terrosos<\/li>\n<li>Celeste, para una elegancia serena<\/li>\n<li>Marr\u00f3n claro para una versatilidad neutra<\/li>\n<li>Melocot\u00f3n para un encanto l\u00fadico<\/li>\n<li>Rosa brillante para hacer una declaraci\u00f3n audaz<\/li>\n<li>Verde, color esperanza<\/li>\n<\/ul>\n<p>Cada color se selecciona cuidadosamente para complementar el sofisticado tejido del bolso, lo que garantiza que el Milan se destaque como una pieza distintiva en cualquier guardarropa.<\/p>\n","protected":false},"excerpt":{"rendered":"<p>Presentamos el bolso Milan, un bolso tejido a mano, creado meticulosamente durante 15 d\u00edas por el pueblo ind\u00edgena Wayuu de Colombia.<\/p>\n<p>Esta pieza artesanal tiene una base redonda de 9 pulgadas (23 cm), mide 10,6 pulgadas (27 cm) de alto y cuenta con una correa de 41 pulgadas (105 cm) de largo para llevar al hombro o cruzada. Incluye un bolsillo interno dise\u00f1ado para guardar documentos o tu m\u00f3vil.<\/p>\n<p>El bolso presenta un llamativo patr\u00f3n geom\u00e9trico, indicativo del estilo Wayuu, y viene en 8 combinaciones de colores:<\/p>\n<ul>\n<li>Rosa claro<\/li>\n<li>Lavanda<\/li>\n<li>Mostaza oscuro<\/li>\n<li>Mostaza claro<\/li>\n<li>Celeste<\/li>\n<li>Marr\u00f3n claro<\/li>\n<li>Melocot\u00f3n<\/li>\n<li>Bright Pink<\/li>\n<li>Verde<\/li>\n<\/ul>\n","protected":false},"featured_media":2423,"comment_status":"open","ping_status":"closed","template":"","meta":{"_joinchat":[]},"product_brand":[],"product_cat":[52,55,48],"product_tag":[],"class_list":{"0":"post-1551","1":"product","2":"type-product","3":"status-publish","4":"has-post-thumbnail","6":"product_cat-bolso-wayuu-bandolera","7":"product_cat-bolsos-cruzados-wayuu","8":"product_cat-bolsos-wayuu-grandes","10":"first","11":"instock","12":"shipping-taxable","13":"purchasable","14":"product-type-variable"},"_links":{"self":[{"href":"https:\/\/cosechabags.com\/es\/wp-json\/wp\/v2\/product\/1551","targetHints":{"allow":["GET"]}}],"collection":[{"href":"https:\/\/cosechabags.com\/es\/wp-json\/wp\/v2\/product"}],"about":[{"href":"https:\/\/cosechabags.com\/es\/wp-json\/wp\/v2\/types\/product"}],"replies":[{"embeddable":true,"href":"https:\/\/cosechabags.com\/es\/wp-json\/wp\/v2\/comments?post=1551"}],"wp:featuredmedia":[{"embeddable":true,"href":"https:\/\/cosechabags.com\/es\/wp-json\/wp\/v2\/media\/2423"}],"wp:attachment":[{"href":"https:\/\/cosechabags.com\/es\/wp-json\/wp\/v2\/media?parent=1551"}],"wp:term":[{"taxonomy":"product_brand","embeddable":true,"href":"https:\/\/cosechabags.com\/es\/wp-json\/wp\/v2\/product_brand?post=1551"},{"taxonomy":"product_cat","embeddable":true,"href":"https:\/\/cosechabags.com\/es\/wp-json\/wp\/v2\/product_cat?post=1551"},{"taxonomy":"product_tag","embeddable":true,"href":"https:\/\/cosechabags.com\/es\/wp-json\/wp\/v2\/product_tag?post=1551"}],"curies":[{"name":"wp","href":"https:\/\/api.w.org\/{rel}","templated":true}]}}