{"id":1548,"date":"2023-11-15T12:44:47","date_gmt":"2023-11-15T11:44:47","guid":{"rendered":"https:\/\/cosechabags.com\/producto\/zoe-wayuu-bolsa-cubo\/"},"modified":"2025-01-16T14:37:37","modified_gmt":"2025-01-16T13:37:37","slug":"bolso-zoe","status":"publish","type":"product","link":"https:\/\/cosechabags.com\/es\/product\/bolso-zoe\/","title":{"rendered":"Bolso Zoe"},"content":{"rendered":"<h3>Artesan\u00eda Aut\u00e9ntica: El Bolso Zoe Wayuu<\/h3>\n<p>Disfrute de la fusi\u00f3n de herencia y modernidad con el bolso tipo cubo Wayuu &#8216;Zoe&#8217;. Tejido a mano por expertos artesanos wayuu de Colombia, este bolso no es s\u00f3lo un accesorio; es una obra de arte que cuenta una historia de tradici\u00f3n y artesan\u00eda meticulosa<\/p>\n<h3>La elegancia cultural se une al estilo moderno<\/h3>\n<p>El &#8216;Zoe&#8217; presenta un patr\u00f3n de coraz\u00f3n distintivo, destacando por su dise\u00f1o vibrante y significado cultural. Su resistente base redonda (9 pulgadas\/23 cm) y su altura (10,6 pulgadas\/27 cm) garantizan un amplio espacio para sus elementos esenciales diarios, mientras que la correa de 27,5 pulgadas (70 cm) ofrece versatilidad para llevarlo al hombro o en la mano.<\/p>\n<h3>Dise\u00f1ado para la funcionalidad diaria<\/h3>\n<p>El bolso Zoe, cerrado con un cord\u00f3n y rematado con divertidos flecos, es tan pr\u00e1ctico como elegante. El bolsillo interno es una adici\u00f3n pensada que brinda almacenamiento seguro para documentos o su tel\u00e9fono celular.<\/p>\n<h3>Expresi\u00f3n colorida en cada hilo<\/h3>\n<p>Disponible exclusivamente en Cosecha Bags, &#8216;Zoe&#8217; es un testimonio de las t\u00e9cnicas de tejido \u00fanicas de la tribu Wayuu. Cada elecci\u00f3n de color y patr\u00f3n se selecciona cuidadosamente para celebrar la vibrante cultura Wayuu, haciendo de cada bolso una declaraci\u00f3n de moda \u00fanica.<\/p>\n<p>Abrace la belleza de la tradici\u00f3n artesanal con el bolso tipo cubo Wayuu &#8216;Zoe&#8217;, donde la moda se une a la cultura.<\/p>\n","protected":false},"excerpt":{"rendered":"<p>Bolso Bucket tejido a mano de dise\u00f1o moderno, con estampado de corazones, elaborado por artesanos de la etnia Wayuu en Colombia.<\/p>\n<p>Dimensiones: Base redonda de 9 pulgadas (23 cm) y una altura de 10,6 pulgadas (27 cm). Incluye Correa de 70 cm para llevar al hombro o en la mano.<\/p>\n<p>Cierre con Cord\u00f3n rematado en Flecos. El bolso tiene un Bolsillo Interno para documentos y\/o tu celular.<\/p>\n","protected":false},"featured_media":1468,"comment_status":"open","ping_status":"closed","template":"","meta":{"_joinchat":[]},"product_brand":[],"product_cat":[52,51,48],"product_tag":[],"class_list":{"0":"post-1548","1":"product","2":"type-product","3":"status-publish","4":"has-post-thumbnail","6":"product_cat-bolso-wayuu-bandolera","7":"product_cat-bolsos-cubo-wayuu","8":"product_cat-bolsos-wayuu-grandes","10":"first","11":"instock","12":"shipping-taxable","13":"purchasable","14":"product-type-variable"},"_links":{"self":[{"href":"https:\/\/cosechabags.com\/es\/wp-json\/wp\/v2\/product\/1548","targetHints":{"allow":["GET"]}}],"collection":[{"href":"https:\/\/cosechabags.com\/es\/wp-json\/wp\/v2\/product"}],"about":[{"href":"https:\/\/cosechabags.com\/es\/wp-json\/wp\/v2\/types\/product"}],"replies":[{"embeddable":true,"href":"https:\/\/cosechabags.com\/es\/wp-json\/wp\/v2\/comments?post=1548"}],"wp:featuredmedia":[{"embeddable":true,"href":"https:\/\/cosechabags.com\/es\/wp-json\/wp\/v2\/media\/1468"}],"wp:attachment":[{"href":"https:\/\/cosechabags.com\/es\/wp-json\/wp\/v2\/media?parent=1548"}],"wp:term":[{"taxonomy":"product_brand","embeddable":true,"href":"https:\/\/cosechabags.com\/es\/wp-json\/wp\/v2\/product_brand?post=1548"},{"taxonomy":"product_cat","embeddable":true,"href":"https:\/\/cosechabags.com\/es\/wp-json\/wp\/v2\/product_cat?post=1548"},{"taxonomy":"product_tag","embeddable":true,"href":"https:\/\/cosechabags.com\/es\/wp-json\/wp\/v2\/product_tag?post=1548"}],"curies":[{"name":"wp","href":"https:\/\/api.w.org\/{rel}","templated":true}]}}