{"id":1545,"date":"2023-12-22T18:57:14","date_gmt":"2023-12-22T17:57:14","guid":{"rendered":"https:\/\/cosechabags.com\/?post_type=product&#038;p=1545"},"modified":"2025-01-16T13:48:30","modified_gmt":"2025-01-16T12:48:30","slug":"bolsa-de-la-compra-tejida-wayuu","status":"publish","type":"product","link":"https:\/\/cosechabags.com\/es\/product\/bolsa-de-la-compra-tejida-wayuu\/","title":{"rendered":"Bolsa de la compra tejida Wayuu"},"content":{"rendered":"<h3>Descubra la espaciosa Bolsa tejida Wayuu<\/h3>\n<h4>Amplio espacio de almacenamiento y artesan\u00eda<\/h4>\n<p>La Shopping Bag de Cosecha Bags es la encarnaci\u00f3n de la artesan\u00eda funcional de la tribu wayuu. Con una generosa base rectangular de 16 x 38 cm (6,3 x 15 pulgadas) y una altura de 32 cm (12,6 pulgadas), esta bolsa est\u00e1 dise\u00f1ada para dar cabida a todos tus objetos esenciales y mucho m\u00e1s.<\/p>\n<h4>Vers\u00e1til y duradero<\/h4>\n<p>No se trata de una bolsa de la compra cualquiera: es un portatodo vers\u00e1til con una correa desmontable de 105 cm que incorpora detalles de piel y mosquetones de alta calidad para una sujeci\u00f3n segura. Tanto si est\u00e1s haciendo recados como disfrutando de un d\u00eda fuera, la Shopping Bag ofrece comodidad y facilidad.<\/p>\n<h3>Transporte personalizable<\/h3>\n<p>Para mayor comodidad, la bolsa viene con un par de correas de cuero aut\u00e9ntico, cuya longitud puede ajustarse para adaptarse a sus preferencias de transporte. Puede colg\u00e1rsela del hombro o cogerla con la mano; la Shopping Bag se adapta a su estilo.<\/p>\n<h4>El tejido wayuu en su m\u00e1xima expresi\u00f3n<\/h4>\n<p>Cada puntada cuenta una historia de herencia y habilidad. Tejido a mano por la tribu wayuu, este bolso no es s\u00f3lo una declaraci\u00f3n cultural, sino tambi\u00e9n un compromiso con la excelencia artesanal.<\/p>\n<h3>Una opci\u00f3n sostenible<\/h3>\n<p>Al elegir la Bolsa de la Compra, est\u00e1s apoyando a los artesanos Wayuu y su ancestral oficio, garantizando que sus historias y tradiciones sigan prosperando en cada hilo.<\/p>\n<p>Aprovecha el d\u00eda con la Shopping Bag de Cosecha Bags, donde el estilo se une a la funcionalidad en una celebraci\u00f3n de la artesan\u00eda colombiana.<\/p>\n","protected":false},"excerpt":{"rendered":"<p>La bolsa de la compra tejida Wayuu, estilo bolsa de la compra, con gran capacidad de almacenamiento.<br \/>\nTama\u00f1o: Base rectangular que mide 16 cm x 38 cm (6,3 pulgadas x 15 pulgadas), y una altura de 32 cm (12,6 pulgadas). Cuenta con una correa de 105 cm (41 pulgadas) que se puede separar de la bolsa, confeccionada con detalles de cuero y mosquetones de alta calidad.<\/p>\n<p>Adem\u00e1s, la bolsa de la compra tejida Wayuu incluye un par de correas de cuero aut\u00e9ntico de longitud ajustable, adecuadas para llevar al hombro o en la mano.<\/p>\n","protected":false},"featured_media":2388,"comment_status":"open","ping_status":"closed","template":"","meta":{"_joinchat":[]},"product_brand":[],"product_cat":[52,57,55,48,54],"product_tag":[],"class_list":{"0":"post-1545","1":"product","2":"type-product","3":"status-publish","4":"has-post-thumbnail","6":"product_cat-bolso-wayuu-bandolera","7":"product_cat-bolso-wayuu-de-mano","8":"product_cat-bolsos-cruzados-wayuu","9":"product_cat-bolsos-wayuu-grandes","10":"product_cat-bolsos-wayuu-para-la-compra","12":"first","13":"outofstock","14":"shipping-taxable","15":"purchasable","16":"product-type-simple"},"_links":{"self":[{"href":"https:\/\/cosechabags.com\/es\/wp-json\/wp\/v2\/product\/1545","targetHints":{"allow":["GET"]}}],"collection":[{"href":"https:\/\/cosechabags.com\/es\/wp-json\/wp\/v2\/product"}],"about":[{"href":"https:\/\/cosechabags.com\/es\/wp-json\/wp\/v2\/types\/product"}],"replies":[{"embeddable":true,"href":"https:\/\/cosechabags.com\/es\/wp-json\/wp\/v2\/comments?post=1545"}],"wp:featuredmedia":[{"embeddable":true,"href":"https:\/\/cosechabags.com\/es\/wp-json\/wp\/v2\/media\/2388"}],"wp:attachment":[{"href":"https:\/\/cosechabags.com\/es\/wp-json\/wp\/v2\/media?parent=1545"}],"wp:term":[{"taxonomy":"product_brand","embeddable":true,"href":"https:\/\/cosechabags.com\/es\/wp-json\/wp\/v2\/product_brand?post=1545"},{"taxonomy":"product_cat","embeddable":true,"href":"https:\/\/cosechabags.com\/es\/wp-json\/wp\/v2\/product_cat?post=1545"},{"taxonomy":"product_tag","embeddable":true,"href":"https:\/\/cosechabags.com\/es\/wp-json\/wp\/v2\/product_tag?post=1545"}],"curies":[{"name":"wp","href":"https:\/\/api.w.org\/{rel}","templated":true}]}}