{"id":1540,"date":"2024-01-22T17:24:21","date_gmt":"2024-01-22T16:24:21","guid":{"rendered":"https:\/\/cosechabags.com\/producto\/bolso-cubo-tejido-sky-wayuu\/"},"modified":"2025-01-16T13:47:01","modified_gmt":"2025-01-16T12:47:01","slug":"bolso-sky","status":"publish","type":"product","link":"https:\/\/cosechabags.com\/es\/product\/bolso-sky\/","title":{"rendered":"Bolso Sky"},"content":{"rendered":"<h3>El bolso Sky Wayuu tejido a mano: Una artesan\u00eda celestial<\/h3>\n<p>Descubre el bolso redondo Wayuu &#8216;Sky&#8217;, donde la artesan\u00eda tradicional colombiana se une al dise\u00f1o contempor\u00e1neo. Este bolso es un testimonio de la rica herencia tejedora de la tribu wayuu, transformada en un accesorio moderno perfecto para las personas que siguen la moda hoy en d\u00eda.<\/p>\n<h3>Dise\u00f1o estelar y tejido artesanal<\/h3>\n<p>Con un cautivador estampado de estrellas, el bolso \u00abSky\u00bb es una obra de arte para llevar puesta. Cada bolso es tejido a mano por artesanos wayuu, lo que garantiza que no haya dos exactamente iguales. Con sus correas de 70 cm (27,6 pulgadas), est\u00e1 dise\u00f1ada para ofrecer comodidad tanto si la llevas al hombro como en la mano.<\/p>\n<h3>Elegancia pr\u00e1ctica para el d\u00eda a d\u00eda<\/h3>\n<p>Sus pertenencias est\u00e1n aseguradas con un elegante cierre de cord\u00f3n, completado con elegantes flecos que a\u00f1aden un toque de alegr\u00eda. En el interior, un bolsillo especial permite tener a mano los documentos y el tel\u00e9fono m\u00f3vil, combinando funcionalidad con un dise\u00f1o exquisito.<\/p>\n<h3>Conexi\u00f3n cultural en cada puntada<\/h3>\n<p>Disponible exclusivamente en Cosecha Bags, el bolso \u00abSky\u00bb no es s\u00f3lo una declaraci\u00f3n de moda, es un puente hacia la cultura wayuu. Cada compra apoya a los artesanos y contribuye a mantener vivas sus antiguas tradiciones.<\/p>\n<p>Con el bolso cil\u00edndrico \u00abSky\u00bb, lleve a todas partes una historia de herencia cultural y artesan\u00eda sin parang\u00f3n.<\/p>\n","protected":false},"excerpt":{"rendered":"<p>El bolso Sky con forma de cubo de dise\u00f1o moderno, con estampado de estrellas, hecho a mano por artesanos de la etnia wayuu de Colombia.<\/p>\n<p>Viene con un par de correas de 70 cm (27,6 pulgadas) para llevarla al hombro o en la mano. Cierre con cord\u00f3n rematado en flecos. Incluye un bolsillo interior para documentos y\/o el celular<\/p>\n","protected":false},"featured_media":2370,"comment_status":"open","ping_status":"closed","template":"","meta":{"_joinchat":[]},"product_brand":[],"product_cat":[52,51,48],"product_tag":[],"class_list":{"0":"post-1540","1":"product","2":"type-product","3":"status-publish","4":"has-post-thumbnail","6":"product_cat-bolso-wayuu-bandolera","7":"product_cat-bolsos-cubo-wayuu","8":"product_cat-bolsos-wayuu-grandes","10":"first","11":"instock","12":"shipping-taxable","13":"purchasable","14":"product-type-variable"},"_links":{"self":[{"href":"https:\/\/cosechabags.com\/es\/wp-json\/wp\/v2\/product\/1540","targetHints":{"allow":["GET"]}}],"collection":[{"href":"https:\/\/cosechabags.com\/es\/wp-json\/wp\/v2\/product"}],"about":[{"href":"https:\/\/cosechabags.com\/es\/wp-json\/wp\/v2\/types\/product"}],"replies":[{"embeddable":true,"href":"https:\/\/cosechabags.com\/es\/wp-json\/wp\/v2\/comments?post=1540"}],"wp:featuredmedia":[{"embeddable":true,"href":"https:\/\/cosechabags.com\/es\/wp-json\/wp\/v2\/media\/2370"}],"wp:attachment":[{"href":"https:\/\/cosechabags.com\/es\/wp-json\/wp\/v2\/media?parent=1540"}],"wp:term":[{"taxonomy":"product_brand","embeddable":true,"href":"https:\/\/cosechabags.com\/es\/wp-json\/wp\/v2\/product_brand?post=1540"},{"taxonomy":"product_cat","embeddable":true,"href":"https:\/\/cosechabags.com\/es\/wp-json\/wp\/v2\/product_cat?post=1540"},{"taxonomy":"product_tag","embeddable":true,"href":"https:\/\/cosechabags.com\/es\/wp-json\/wp\/v2\/product_tag?post=1540"}],"curies":[{"name":"wp","href":"https:\/\/api.w.org\/{rel}","templated":true}]}}