{"id":1537,"date":"2024-01-22T18:17:58","date_gmt":"2024-01-22T17:17:58","guid":{"rendered":"https:\/\/cosechabags.com\/producto\/mochila-sophi-wayuu-bag\/"},"modified":"2025-01-16T13:46:34","modified_gmt":"2025-01-16T12:46:34","slug":"mochila-sophi-wayuu","status":"publish","type":"product","link":"https:\/\/cosechabags.com\/es\/product\/mochila-sophi-wayuu\/","title":{"rendered":"Mochila Sophi Wayuu"},"content":{"rendered":"<h3>Presentaci\u00f3n de la Mochila Sophi Wayuu<\/h3>\n<p><strong>La artesan\u00eda se une a la versatilidad<\/strong><\/p>\n<p>Bienvenido al mundo de Sophi, una mochila en la que las tradicionales t\u00e9cnicas de tejido de la tribu wayuu se combinan con las din\u00e1micas necesidades de la vida moderna. Cada bolso Sophi toma forma a partir de una narraci\u00f3n tejida a mano, contando una historia a trav\u00e9s de sus vibrantes colores e intrincados dibujos.<\/p>\n<p><strong>Un dise\u00f1o que aporta m\u00e1s<\/strong><\/p>\n<p>Sophi no es s\u00f3lo una bolsa; es una compa\u00f1era de viaje dise\u00f1ada para llevar tu mundo contigo. Con unas dimensiones perfectas para los objetos esenciales del d\u00eda a d\u00eda, este bolso combina funcionalidad con un dise\u00f1o de esp\u00edritu libre. Las dos correas ajustables ofrecen una comodidad personalizada, transform\u00e1ndose sin esfuerzo de bolso a mochila para quienes valoran la flexibilidad.<\/p>\n<p><strong>La cima de la tradici\u00f3n wayuu<\/strong><\/p>\n<p>Cada puntada encarna el esp\u00edritu de la cultura wayuu, hecha a mano con precisi\u00f3n y cuidado. La base del bolso es un testimonio de la resistencia y la creatividad de los artesanos wayuu, una pieza que lleva la esencia de Colombia en sus fibras.<\/p>\n<p><strong>Detalles y dimensiones<\/strong><\/p>\n<p>El bolso Sophi presenta un tama\u00f1o pr\u00e1ctico, con una base redonda de 23 cm y una altura que proporciona un amplio espacio sin comprometer el estilo. Los herrajes dorados realzan el bolso con un toque de lujo, garantizando que cada detalle, desde los flecos de borla hasta el bolsillo interior, sea una mezcla de belleza y practicidad.<\/p>\n<p><strong>Elige tu paleta<\/strong><\/p>\n<p>Tanto si le atrae la exuberancia de los colores vivos como el sutil encanto de los tonos pastel, Sophi ofrece una paleta para cada preferencia. Elige tu tono y lleva contigo un trozo del legado Wayuu.<\/p>\n<h3>Moda sostenible con latido cultural<\/h3>\n<p>En Cosecha Bags, creemos en la moda que cuenta una historia. La mochila Sophi es una pieza de arte que se puede llevar puesta y que fomenta las pr\u00e1cticas sostenibles y la apreciaci\u00f3n cultural. Al elegir Sophi, no s\u00f3lo est\u00e1s eligiendo un bolso; est\u00e1s apoyando a un linaje de artesanos y preservando el latido del patrimonio wayuu.<\/p>\n","protected":false},"excerpt":{"rendered":"<p>Mochila Sophi Wayuu tejida a mano con 2 correas ajustables para llevarla a la espalda. Dispone de un bolsillo interior para documentos y\/o el tel\u00e9fono m\u00f3vil.<\/p>\n<p>Se cierra con un par de cordones rematados en flecos de borla. Los herrajes dorados de alta calidad a\u00f1aden un toque de elegancia a tu bolso.<\/p>\n<p>Est\u00e1 disponible en colores brillantes o pastel<\/p>\n","protected":false},"featured_media":1465,"comment_status":"open","ping_status":"closed","template":"","meta":{"_joinchat":[]},"product_brand":[],"product_cat":[48,50],"product_tag":[],"class_list":{"0":"post-1537","1":"product","2":"type-product","3":"status-publish","4":"has-post-thumbnail","6":"product_cat-bolsos-wayuu-grandes","7":"product_cat-mochilas-wayuu","9":"first","10":"outofstock","11":"shipping-taxable","12":"purchasable","13":"product-type-variable"},"_links":{"self":[{"href":"https:\/\/cosechabags.com\/es\/wp-json\/wp\/v2\/product\/1537","targetHints":{"allow":["GET"]}}],"collection":[{"href":"https:\/\/cosechabags.com\/es\/wp-json\/wp\/v2\/product"}],"about":[{"href":"https:\/\/cosechabags.com\/es\/wp-json\/wp\/v2\/types\/product"}],"replies":[{"embeddable":true,"href":"https:\/\/cosechabags.com\/es\/wp-json\/wp\/v2\/comments?post=1537"}],"wp:featuredmedia":[{"embeddable":true,"href":"https:\/\/cosechabags.com\/es\/wp-json\/wp\/v2\/media\/1465"}],"wp:attachment":[{"href":"https:\/\/cosechabags.com\/es\/wp-json\/wp\/v2\/media?parent=1537"}],"wp:term":[{"taxonomy":"product_brand","embeddable":true,"href":"https:\/\/cosechabags.com\/es\/wp-json\/wp\/v2\/product_brand?post=1537"},{"taxonomy":"product_cat","embeddable":true,"href":"https:\/\/cosechabags.com\/es\/wp-json\/wp\/v2\/product_cat?post=1537"},{"taxonomy":"product_tag","embeddable":true,"href":"https:\/\/cosechabags.com\/es\/wp-json\/wp\/v2\/product_tag?post=1537"}],"curies":[{"name":"wp","href":"https:\/\/api.w.org\/{rel}","templated":true}]}}