{"id":1533,"date":"2024-01-22T18:32:45","date_gmt":"2024-01-22T17:32:45","guid":{"rendered":"https:\/\/cosechabags.com\/producto\/bolso-alyssa-wayuu\/"},"modified":"2025-01-16T13:28:08","modified_gmt":"2025-01-16T12:28:08","slug":"bolso-alyssa-wayuu","status":"publish","type":"product","link":"https:\/\/cosechabags.com\/es\/product\/bolso-alyssa-wayuu\/","title":{"rendered":"Bolso Alyssa Wayuu"},"content":{"rendered":"<h3>Elegancia cultural redefinida: Bolso Alyssa Wayuu<\/h3>\n<p><strong>La fusi\u00f3n de tradici\u00f3n y modernidad<\/strong>:Presentamos \u00abAlyssa\u00bb, un bolso bandolera o cruzado que representa la cumbre de la artesan\u00eda wayuu. Este exquisito accesorio no es s\u00f3lo un bolso, sino una historia tejida con cada hilo por las h\u00e1biles manos de la tribu Wayuu de Colombia. Cada bolso toma forma a lo largo de varias semanas, culminando en una pieza que resuena con la vitalidad de la herencia de sus creadores.<\/p>\n<h3>Artesan\u00eda inigualable<\/h3>\n<p><strong>Creaci\u00f3n artesanal con un prop\u00f3sito<\/strong>: el bolso Wayuu \u00abAlyssa\u00bb destaca por su base redonda de 23 cm (9 pulgadas) y su estatura de 27 cm (10,6 pulgadas), que ofrece un amplio espacio envuelto en arte. El cierre de cord\u00f3n, terminado en flecos, asegura tus objetos esenciales, mientras que el asa de 105 cm (41 pulgadas) garantiza un c\u00f3modo transporte, ya sea colgada del hombro o cruzada sobre el cuerpo.<\/p>\n<h3>Artesan\u00eda funcional<\/h3>\n<p><strong>Dise\u00f1ado para el conocedor moderno<\/strong>: M\u00e1s all\u00e1 de su llamativa est\u00e9tica, &#8216;Alyssa&#8217; sirve a sus necesidades diarias con un bolsillo interior, perfecto para salvaguardar documentos y tel\u00e9fonos m\u00f3viles. Disponible en una paleta de verde, azul y lavanda, cada color complementa los motivos geom\u00e9tricos tradicionales, convirti\u00e9ndolo en un accesorio que no s\u00f3lo se integra, sino que destaca.<\/p>\n<h3>Un tapiz de patrimonio<\/h3>\n<p><strong>Lleva un trozo del legado colombiano<\/strong>: Con \u00abAlyssa\u00bb, no s\u00f3lo llevas un bolso; llevas un linaje de la tradici\u00f3n narrativa de la tribu Wayuu. Cada compra apoya a los artesanos y contribuye a mantener vivo y pr\u00f3spero el rico tapiz de su cultura en el mundo moderno.<\/p>\n<p>\u00danase a nosotros en Cosecha Bags para celebrar las cualidades \u00fanicas y el significado cultural de estos tesoros artesanales. Elige \u00abAlyssa\u00bb, donde la moda se une al patrimonio.<\/p>\n","protected":false},"excerpt":{"rendered":"<p>Nuestro tradicional Bolso Alyssa Wayuu de hombro o cruzado es imprescindible.<\/p>\n<p>Dimensiones: Base redonda de 9 pulgadas (23 cm) de di\u00e1metro y 10,6 pulgadas (27 cm) de altura, cierre con cord\u00f3n que termina en flecos. Mango de 105 cm de longitud. Incluye un bolsillo interior para documentos y\/o el m\u00f3vil<\/p>\n<p>Disponible en verde, azul y lavanda.<\/p>\n","protected":false},"featured_media":1464,"comment_status":"open","ping_status":"closed","template":"","meta":{"_joinchat":[]},"product_brand":[],"product_cat":[52,55,48],"product_tag":[],"class_list":{"0":"post-1533","1":"product","2":"type-product","3":"status-publish","4":"has-post-thumbnail","6":"product_cat-bolso-wayuu-bandolera","7":"product_cat-bolsos-cruzados-wayuu","8":"product_cat-bolsos-wayuu-grandes","10":"first","11":"instock","12":"shipping-taxable","13":"purchasable","14":"product-type-variable"},"_links":{"self":[{"href":"https:\/\/cosechabags.com\/es\/wp-json\/wp\/v2\/product\/1533","targetHints":{"allow":["GET"]}}],"collection":[{"href":"https:\/\/cosechabags.com\/es\/wp-json\/wp\/v2\/product"}],"about":[{"href":"https:\/\/cosechabags.com\/es\/wp-json\/wp\/v2\/types\/product"}],"replies":[{"embeddable":true,"href":"https:\/\/cosechabags.com\/es\/wp-json\/wp\/v2\/comments?post=1533"}],"wp:featuredmedia":[{"embeddable":true,"href":"https:\/\/cosechabags.com\/es\/wp-json\/wp\/v2\/media\/1464"}],"wp:attachment":[{"href":"https:\/\/cosechabags.com\/es\/wp-json\/wp\/v2\/media?parent=1533"}],"wp:term":[{"taxonomy":"product_brand","embeddable":true,"href":"https:\/\/cosechabags.com\/es\/wp-json\/wp\/v2\/product_brand?post=1533"},{"taxonomy":"product_cat","embeddable":true,"href":"https:\/\/cosechabags.com\/es\/wp-json\/wp\/v2\/product_cat?post=1533"},{"taxonomy":"product_tag","embeddable":true,"href":"https:\/\/cosechabags.com\/es\/wp-json\/wp\/v2\/product_tag?post=1533"}],"curies":[{"name":"wp","href":"https:\/\/api.w.org\/{rel}","templated":true}]}}