{"id":1529,"date":"2024-01-22T18:53:09","date_gmt":"2024-01-22T17:53:09","guid":{"rendered":"https:\/\/cosechabags.com\/producto\/bolsa-de-playa-jade-wayuu\/"},"modified":"2025-01-16T13:32:11","modified_gmt":"2025-01-16T12:32:11","slug":"bolsa-de-playa-jade-wayuu","status":"publish","type":"product","link":"https:\/\/cosechabags.com\/es\/product\/bolsa-de-playa-jade-wayuu\/","title":{"rendered":"Bolsa de playa Jade"},"content":{"rendered":"<h3>Descubre el Jade: tu compa\u00f1ero de verano<\/h3>\n<h4>Dise\u00f1o listo para la playa<\/h4>\n<p>Conoce la Jade, tu nueva compa\u00f1era de playa favorita de Cosecha Bags. Meticulosamente tejida a mano por la tribu Wayuu de Colombia, la bolsa de estilo playero Jade es una fusi\u00f3n de artesan\u00eda tradicional y est\u00e9tica moderna.<\/p>\n<h4>Vers\u00e1til y pr\u00e1ctico<\/h4>\n<p>Dise\u00f1ada con una base redonda de 23 cm y una altura de 27 cm, la Jade ofrece un amplio espacio para todos tus art\u00edculos de playa. Sus asas dobles permiten llevarla c\u00f3modamente en el hombro o en la mano, para que pueda desplazarse con facilidad a lo largo del d\u00eda.<\/p>\n<h4>Hecho a mano<\/h4>\n<p>Cada bolso de Jade lleva el alma de la herencia Wayuu, y cada tejido cuenta una historia de su creador artesano. Disponible en varios tonos -mostaza claro, mostaza oscuro y lavanda-, cada color complementa el ambiente terroso y natural de la playa.<\/p>\n<h3>Una bolsa para lo esencial<\/h3>\n<p>En su espacioso interior, un bolsillo espec\u00edfico le espera para guardar sus documentos y su tel\u00e9fono m\u00f3vil, combinando la practicidad con la elegancia relajada que s\u00f3lo una pieza artesanal puede ofrecer.<\/p>\n<h3>Una oda a la artesan\u00eda wayuu<\/h3>\n<p>Al elegir el Jade, no s\u00f3lo est\u00e1 eligiendo un bolso; est\u00e1 honrando el arte de la tribu Wayuu y su narrativa cultural, entretejida en cada hebra de esta exquisita pieza.<\/p>\n<p>Actualiza tus salidas playeras o informales con los Bolsos Jade by Cosecha, donde la sostenibilidad se une al estilo y la tradici\u00f3n adquiere un toque contempor\u00e1neo.Actualiza tus salidas playeras o informales con los Bolsos Jade by Cosecha, donde la sostenibilidad se une al estilo y la tradici\u00f3n adquiere un toque contempor\u00e1neo.<\/p>\n","protected":false},"excerpt":{"rendered":"<p>Bolsa de playa Jade\u00a0de estilo playero con asas dobles para llevar al hombro o en la mano.<\/p>\n<p>Dimensiones de la bolsa: Base redonda de 9 pulgadas (23 cm), altura de 10,6 pulgadas (27 cm). Dispone de un bolsillo interior para documentos y\/o el tel\u00e9fono m\u00f3vil.<\/p>\n<p>Disponible en varios tonos: Mostaza claro, Mostaza oscuro, Lavanda.<\/p>\n","protected":false},"featured_media":1462,"comment_status":"open","ping_status":"closed","template":"","meta":{"_joinchat":[]},"product_brand":[],"product_cat":[52,57,48],"product_tag":[],"class_list":{"0":"post-1529","1":"product","2":"type-product","3":"status-publish","4":"has-post-thumbnail","6":"product_cat-bolso-wayuu-bandolera","7":"product_cat-bolso-wayuu-de-mano","8":"product_cat-bolsos-wayuu-grandes","10":"first","11":"instock","12":"shipping-taxable","13":"purchasable","14":"product-type-variable"},"_links":{"self":[{"href":"https:\/\/cosechabags.com\/es\/wp-json\/wp\/v2\/product\/1529","targetHints":{"allow":["GET"]}}],"collection":[{"href":"https:\/\/cosechabags.com\/es\/wp-json\/wp\/v2\/product"}],"about":[{"href":"https:\/\/cosechabags.com\/es\/wp-json\/wp\/v2\/types\/product"}],"replies":[{"embeddable":true,"href":"https:\/\/cosechabags.com\/es\/wp-json\/wp\/v2\/comments?post=1529"}],"wp:featuredmedia":[{"embeddable":true,"href":"https:\/\/cosechabags.com\/es\/wp-json\/wp\/v2\/media\/1462"}],"wp:attachment":[{"href":"https:\/\/cosechabags.com\/es\/wp-json\/wp\/v2\/media?parent=1529"}],"wp:term":[{"taxonomy":"product_brand","embeddable":true,"href":"https:\/\/cosechabags.com\/es\/wp-json\/wp\/v2\/product_brand?post=1529"},{"taxonomy":"product_cat","embeddable":true,"href":"https:\/\/cosechabags.com\/es\/wp-json\/wp\/v2\/product_cat?post=1529"},{"taxonomy":"product_tag","embeddable":true,"href":"https:\/\/cosechabags.com\/es\/wp-json\/wp\/v2\/product_tag?post=1529"}],"curies":[{"name":"wp","href":"https:\/\/api.w.org\/{rel}","templated":true}]}}