{"id":1524,"date":"2024-01-22T18:56:08","date_gmt":"2024-01-22T17:56:08","guid":{"rendered":"https:\/\/cosechabags.com\/producto\/monique-wayuu-bolso-crossbody-tipo-cartera\/"},"modified":"2025-07-26T21:30:32","modified_gmt":"2025-07-26T19:30:32","slug":"bolso-cruzado-monique-diseno-unico","status":"publish","type":"product","link":"https:\/\/cosechabags.com\/es\/product\/bolso-cruzado-monique-diseno-unico\/","title":{"rendered":"Bolso cruzado Monique"},"content":{"rendered":"<h3>Presentamos el Bolso cruzado Monique: Un giro moderno a la artesan\u00eda wayuu<\/h3>\n<h4>La fusi\u00f3n de tradici\u00f3n y modernidad<\/h4>\n<p>El bolso Monique de Cosecha Bags es un testimonio de la evoluci\u00f3n del arte de la tribu wayuu. Este bolso tipo cartera, dise\u00f1ado para llevarlo cruzado o al hombro, muestra la fusi\u00f3n \u00fanica de una robusta base rectangular de cuero con el vibrante <a href=\"https:\/\/cosechabags.com\/en\/wayuu-weaving-techniques-the-art-behind-wayuu-bag\/\">tejido Wayuu.<\/a><\/p>\n<h4>Creado para la comodidad<\/h4>\n<p>Equipada con una correa tejida Wayuu y acentuada con herrajes dorados de alta calidad y piel aut\u00e9ntica, Monique aporta comodidad y elegancia a tus aventuras diarias.<\/p>\n<h3>Organizado y seguro<\/h3>\n<p>En el interior descubrir\u00e1s un forro de tela de alta calidad, con tres bolsillos para mantener tus objetos organizados y seguros. Monique no es s\u00f3lo una bolsa; es un santuario port\u00e1til para tus pertenencias.<\/p>\n<h4>Una paleta de texturas<\/h4>\n<p>Monique est\u00e1 disponible en una gran variedad de texturas, desde las geom\u00e9tricas m\u00e1s atrevidas a las cl\u00e1sicas tradicionales, pasando por el intemporal estampado de pata de gallo. Cada dise\u00f1o est\u00e1 meticulosamente elegido para celebrar el rico tapiz del tejido Wayuu.<\/p>\n<h3>Elegancia cultural<\/h3>\n<p>Cada bolso cruzado Monique es una pieza de arte que se puede llevar puesta, hecha a mano con mimo por la tribu Wayuu de Colombia. Cuando eliges Monique, no est\u00e1s eligiendo s\u00f3lo un bolso: est\u00e1s llevando una historia, una herencia y un pedazo de orgullo cultural.<\/p>\n<p>Adopta la mezcla de cultura y moda contempor\u00e1nea con el bolso Monique, tu compa\u00f1ero perfecto para marcar presencia all\u00e1 donde vayas.<\/p>\n<p>Si quieres conocer m\u00e1s sobre la cultura Wayuu sigue el instagram <a href=\"https:\/\/www.instagram.com\/cosechabags\/\" target=\"_blank\" rel=\"noopener\">@cosechabags.<\/a><\/p>\n","protected":false},"excerpt":{"rendered":"<p>Este bolso se presenta como la revoluci\u00f3n del bolso Wayuu.<\/p>\n<p>Bolso Cruzado Monique es tipo cartera dise\u00f1ado para llevarlo cruzado o al hombro, con una base rectangular de piel y tejido wayuu.<\/p>\n<p>La correa tejida Wayuu est\u00e1 acabada con herrajes dorados de alta calidad y piel aut\u00e9ntica.<\/p>\n<p>En el interior del bolso cruzado Monique encontrar\u00e1s un forro de tela de alta calidad y 3 bolsillos para guardar tus pertenencias de forma segura. Est\u00e1 disponible en varias texturas: geom\u00e9trica, tradicional y pata de gallo<\/p>\n","protected":false},"featured_media":3408,"comment_status":"open","ping_status":"closed","template":"","meta":{"_joinchat":[]},"product_brand":[],"product_cat":[52,55,53,47],"product_tag":[],"class_list":{"0":"post-1524","1":"product","2":"type-product","3":"status-publish","4":"has-post-thumbnail","6":"product_cat-bolso-wayuu-bandolera","7":"product_cat-bolsos-cruzados-wayuu","8":"product_cat-bolsos-wayuu-de-mano","9":"product_cat-bolsos-wayuu-medianos","11":"first","12":"instock","13":"shipping-taxable","14":"purchasable","15":"product-type-simple"},"_links":{"self":[{"href":"https:\/\/cosechabags.com\/es\/wp-json\/wp\/v2\/product\/1524","targetHints":{"allow":["GET"]}}],"collection":[{"href":"https:\/\/cosechabags.com\/es\/wp-json\/wp\/v2\/product"}],"about":[{"href":"https:\/\/cosechabags.com\/es\/wp-json\/wp\/v2\/types\/product"}],"replies":[{"embeddable":true,"href":"https:\/\/cosechabags.com\/es\/wp-json\/wp\/v2\/comments?post=1524"}],"wp:featuredmedia":[{"embeddable":true,"href":"https:\/\/cosechabags.com\/es\/wp-json\/wp\/v2\/media\/3408"}],"wp:attachment":[{"href":"https:\/\/cosechabags.com\/es\/wp-json\/wp\/v2\/media?parent=1524"}],"wp:term":[{"taxonomy":"product_brand","embeddable":true,"href":"https:\/\/cosechabags.com\/es\/wp-json\/wp\/v2\/product_brand?post=1524"},{"taxonomy":"product_cat","embeddable":true,"href":"https:\/\/cosechabags.com\/es\/wp-json\/wp\/v2\/product_cat?post=1524"},{"taxonomy":"product_tag","embeddable":true,"href":"https:\/\/cosechabags.com\/es\/wp-json\/wp\/v2\/product_tag?post=1524"}],"curies":[{"name":"wp","href":"https:\/\/api.w.org\/{rel}","templated":true}]}}