{"id":3592,"date":"2025-03-05T16:27:16","date_gmt":"2025-03-05T15:27:16","guid":{"rendered":"https:\/\/cosechabags.com\/politica-de-envios\/"},"modified":"2025-03-05T16:58:56","modified_gmt":"2025-03-05T15:58:56","slug":"politica-de-envios","status":"publish","type":"page","link":"https:\/\/cosechabags.com\/es\/politica-de-envios\/","title":{"rendered":"Pol\u00edtica de Env\u00edos"},"content":{"rendered":"<p><strong>Pol\u00edtica de Env\u00edos<\/strong><\/p><p>En Cosecha Bags nos esforzamos para que tus compras lleguen de forma r\u00e1pida y segura. A continuaci\u00f3n, te presentamos nuestra pol\u00edtica de env\u00edos: <\/p><p><strong>Plazos de Env\u00edo:<\/strong><\/p><ul class=\"wp-block-list\"><li>Los pedidos son procesados y enviados dentro de las 24-48 horas siguientes a la recepci\u00f3n del pago.<\/li>\n\n<li>Los tiempos de env\u00edo var\u00edan dependiendo de la ubicaci\u00f3n del destinatario:<\/li>\n\n<li>Env\u00edos nacionales (Colombia): 2-3 d\u00edas h\u00e1biles.<\/li>\n\n<li>Estados Unidos, M\u00e9xico y Canad\u00e1: 3-5 d\u00edas laborables.<\/li>\n\n<li>Europa y Asia: 5-7 d\u00edas h\u00e1biles.<\/li>\n\n<li>Nos complace ofrecer ENV\u00cdO GRATUITO en pedidos superiores a 100 USD en Colombia, Estados Unidos, M\u00e9xico y Canad\u00e1. Y un descuento en los gastos de env\u00edo al resto del mundo. <\/li><\/ul><p><strong>M\u00e9todos de Env\u00edo:<\/strong><\/p><ul class=\"wp-block-list\"><li>Utilizamos el servicio FedEx Express.<\/li>\n\n<li>Los costos de env\u00edo var\u00edan dependiendo del peso y volumen del paquete, as\u00ed como de la ubicaci\u00f3n del destinatario.<\/li><\/ul><p><strong>Seguimiento y localizaci\u00f3n:<\/strong><\/p><ul class=\"wp-block-list\"><li>Todos nuestros env\u00edos incluyen seguimiento y localizaci\u00f3n para que puedas controlar en todo momento el estado de tu paquete.<\/li><\/ul><p><strong>Direcciones de env\u00edo:<\/strong><\/p><ul class=\"wp-block-list\"><li>Aseg\u00farese de proporcionar una direcci\u00f3n de env\u00edo v\u00e1lida y completa para evitar retrasos o problemas de entrega.<\/li><\/ul><p><strong>Gastos de env\u00edo:<\/strong><\/p><ul class=\"wp-block-list\"><li>Los gastos de env\u00edo se calculan autom\u00e1ticamente en funci\u00f3n del peso y el volumen del paquete, as\u00ed como de la ubicaci\u00f3n del destinatario.<br\/>Puede consultar los gastos de env\u00edo estimados en nuestra p\u00e1gina de pago.<\/li>\n\n<li>Puede consultar los gastos de env\u00edo estimados en nuestra p\u00e1gina de pago.<\/li><\/ul><p><strong>Costes aduaneros:<\/strong><\/p><p>Entendemos que los distintos pa\u00edses tienen leyes diferentes respecto a la importaci\u00f3n de determinados productos. Por lo tanto, le recomendamos que se ponga en contacto con su oficina de aduanas local para conocer los gastos actuales o que visite sitios web como fedex.com <\/p><p><strong>Devoluciones y reembolsos:<\/strong><\/p><ul class=\"wp-block-list\"><li>Si por alguna raz\u00f3n no recibe su paquete, o si hay alg\u00fan problema con la entrega, por favor p\u00f3ngase en contacto con nosotros en info@cosechabags.com para que podamos ayudarle a resolver el problema.<\/li><\/ul><p>Esperamos que esta pol\u00edtica de env\u00edos sea clara y \u00fatil. Si tiene alguna pregunta o duda, no dude en comunic\u00e1rnoslo. <\/p>","protected":false},"excerpt":{"rendered":"<p>Pol\u00edtica de Env\u00edos En Cosecha Bags nos esforzamos para que tus compras lleguen de forma r\u00e1pida y segura. A continuaci\u00f3n, te presentamos nuestra pol\u00edtica de env\u00edos: Plazos de Env\u00edo: M\u00e9todos de Env\u00edo: Seguimiento y localizaci\u00f3n: Direcciones de env\u00edo: Gastos de env\u00edo: Costes aduaneros: Entendemos que los distintos pa\u00edses tienen leyes diferentes respecto a la importaci\u00f3n [&hellip;]<\/p>\n","protected":false},"author":1,"featured_media":0,"parent":0,"menu_order":0,"comment_status":"closed","ping_status":"closed","template":"","meta":{"_joinchat":[],"footnotes":""},"class_list":["post-3592","page","type-page","status-publish","hentry"],"_links":{"self":[{"href":"https:\/\/cosechabags.com\/es\/wp-json\/wp\/v2\/pages\/3592","targetHints":{"allow":["GET"]}}],"collection":[{"href":"https:\/\/cosechabags.com\/es\/wp-json\/wp\/v2\/pages"}],"about":[{"href":"https:\/\/cosechabags.com\/es\/wp-json\/wp\/v2\/types\/page"}],"author":[{"embeddable":true,"href":"https:\/\/cosechabags.com\/es\/wp-json\/wp\/v2\/users\/1"}],"replies":[{"embeddable":true,"href":"https:\/\/cosechabags.com\/es\/wp-json\/wp\/v2\/comments?post=3592"}],"version-history":[{"count":0,"href":"https:\/\/cosechabags.com\/es\/wp-json\/wp\/v2\/pages\/3592\/revisions"}],"wp:attachment":[{"href":"https:\/\/cosechabags.com\/es\/wp-json\/wp\/v2\/media?parent=3592"}],"curies":[{"name":"wp","href":"https:\/\/api.w.org\/{rel}","templated":true}]}}