{"id":2319,"date":"2024-02-12T14:07:33","date_gmt":"2024-02-12T13:07:33","guid":{"rendered":"https:\/\/cosechabags.com\/tote-bags\/"},"modified":"2025-07-29T18:41:03","modified_gmt":"2025-07-29T16:41:03","slug":"tote-bags","status":"publish","type":"page","link":"https:\/\/cosechabags.com\/es\/tote-bags\/","title":{"rendered":"Bolsos Tote"},"content":{"rendered":"\t\t<div data-elementor-type=\"wp-page\" data-elementor-id=\"2319\" class=\"elementor elementor-2319 elementor-965\" data-elementor-post-type=\"page\">\n\t\t\t\t<div class=\"elementor-element elementor-element-45b218aa e-flex e-con-boxed e-con e-parent\" data-id=\"45b218aa\" data-element_type=\"container\" data-e-type=\"container\">\n\t\t\t\t\t<div class=\"e-con-inner\">\n\t\t\t\t\t<\/div>\n\t\t\t\t<\/div>\n\t\t<div class=\"elementor-element elementor-element-26ff586d e-flex e-con-boxed e-con e-parent\" data-id=\"26ff586d\" data-element_type=\"container\" data-e-type=\"container\">\n\t\t\t\t\t<div class=\"e-con-inner\">\n\t\t\t\t<div class=\"elementor-element elementor-element-7b42e572 elementor-widget elementor-widget-text-editor\" data-id=\"7b42e572\" data-element_type=\"widget\" data-e-type=\"widget\" data-widget_type=\"text-editor.default\">\n\t\t\t\t<div class=\"elementor-widget-container\">\n\t\t\t\t\t\t\t\t\t<p>Sum\u00e9rgete en la distintiva colecci\u00f3n de bolsos tote para mujer de Cosecha Bags, donde las antiguas t\u00e9cnicas Wayuu se combinan con la funcionalidad moderna. Estos bolsos no son s\u00f3lo accesorios; son narrativas tejidas por las manos ind\u00edgenas de las mujeres Wayuu, celebrando con cada hilo su arte atemporal. Nuestra selecci\u00f3n de bolsos encarna el esp\u00edritu de la moda eco-chic, ofreciendo durabilidad para el ajetreo diario y manteniendo un aire de encanto hecho a medida. Como testimonio de una artesan\u00eda sincera, cada bolso muestra los patrones vibrantes y los colores animados de la tradici\u00f3n Wayuu, dise\u00f1ados para la mujer exigente que aprecia tanto el estilo como la integridad cultural.<\/p>\t\t\t\t\t\t\t\t<\/div>\n\t\t\t\t<\/div>\n\t\t\t\t\t<\/div>\n\t\t\t\t<\/div>\n\t\t\t\t<\/div>\n\t\t","protected":false},"excerpt":{"rendered":"<p>Sum\u00e9rgete en la distintiva colecci\u00f3n de bolsos tote para mujer de Cosecha Bags, donde las antiguas t\u00e9cnicas Wayuu se combinan con la funcionalidad moderna. Estos bolsos no son s\u00f3lo accesorios; son narrativas tejidas por las manos ind\u00edgenas de las mujeres Wayuu, celebrando con cada hilo su arte atemporal. Nuestra selecci\u00f3n de bolsos encarna el esp\u00edritu [&hellip;]<\/p>\n","protected":false},"author":1,"featured_media":0,"parent":0,"menu_order":0,"comment_status":"closed","ping_status":"closed","template":"","meta":{"_joinchat":[],"footnotes":""},"class_list":["post-2319","page","type-page","status-publish","hentry"],"_links":{"self":[{"href":"https:\/\/cosechabags.com\/es\/wp-json\/wp\/v2\/pages\/2319","targetHints":{"allow":["GET"]}}],"collection":[{"href":"https:\/\/cosechabags.com\/es\/wp-json\/wp\/v2\/pages"}],"about":[{"href":"https:\/\/cosechabags.com\/es\/wp-json\/wp\/v2\/types\/page"}],"author":[{"embeddable":true,"href":"https:\/\/cosechabags.com\/es\/wp-json\/wp\/v2\/users\/1"}],"replies":[{"embeddable":true,"href":"https:\/\/cosechabags.com\/es\/wp-json\/wp\/v2\/comments?post=2319"}],"version-history":[{"count":1,"href":"https:\/\/cosechabags.com\/es\/wp-json\/wp\/v2\/pages\/2319\/revisions"}],"predecessor-version":[{"id":4934,"href":"https:\/\/cosechabags.com\/es\/wp-json\/wp\/v2\/pages\/2319\/revisions\/4934"}],"wp:attachment":[{"href":"https:\/\/cosechabags.com\/es\/wp-json\/wp\/v2\/media?parent=2319"}],"curies":[{"name":"wp","href":"https:\/\/api.w.org\/{rel}","templated":true}]}}