{"id":2317,"date":"2024-02-12T13:51:53","date_gmt":"2024-02-12T12:51:53","guid":{"rendered":"https:\/\/cosechabags.com\/bolsas-para-la-compra\/"},"modified":"2025-07-29T18:40:45","modified_gmt":"2025-07-29T16:40:45","slug":"bolsas-para-la-compra","status":"publish","type":"page","link":"https:\/\/cosechabags.com\/es\/bolsas-para-la-compra\/","title":{"rendered":"Bolsos para la compra"},"content":{"rendered":"\t\t<div data-elementor-type=\"wp-page\" data-elementor-id=\"2317\" class=\"elementor elementor-2317 elementor-959\" data-elementor-post-type=\"page\">\n\t\t\t\t<div class=\"elementor-element elementor-element-6455487e e-flex e-con-boxed e-con e-parent\" data-id=\"6455487e\" data-element_type=\"container\" data-e-type=\"container\">\n\t\t\t\t\t<div class=\"e-con-inner\">\n\t\t\t\t\t<\/div>\n\t\t\t\t<\/div>\n\t\t<div class=\"elementor-element elementor-element-3384ff7e e-flex e-con-boxed e-con e-parent\" data-id=\"3384ff7e\" data-element_type=\"container\" data-e-type=\"container\">\n\t\t\t\t\t<div class=\"e-con-inner\">\n\t\t\t\t<div class=\"elementor-element elementor-element-1d36ef79 elementor-widget elementor-widget-text-editor\" data-id=\"1d36ef79\" data-element_type=\"widget\" data-e-type=\"widget\" data-widget_type=\"text-editor.default\">\n\t\t\t\t<div class=\"elementor-widget-container\">\n\t\t\t\t\t\t\t\t\t<p>Avent\u00farate en el reino de las bolsas de la compra tejidas a mano de Cosecha Bags, donde cada puntada se entrelaza con el legado de la cultura wayuu. No son simples portadores; son emblemas de la moda \u00e9tica, meticulosamente elaborados por artesanos expertos. Mientras recorres el mercado, deja que tu Bolsa Cosecha sea un faro de estilo ecol\u00f3gico y arte atemporal. Estos espaciosos y resistentes bolsos est\u00e1n dise\u00f1ados para acompa\u00f1arte en cada recado con elegancia y resistencia, convirtiendo las tareas cotidianas en una muestra de conciencia vanguardista. Disfrute de la fusi\u00f3n de la artesan\u00eda aut\u00f3ctona con el dise\u00f1o contempor\u00e1neo y convierta su pr\u00f3xima experiencia de compra en un testimonio de aprecio cultural y excelencia sartorial.<\/p>\t\t\t\t\t\t\t\t<\/div>\n\t\t\t\t<\/div>\n\t\t\t\t\t<\/div>\n\t\t\t\t<\/div>\n\t\t\t\t<\/div>\n\t\t","protected":false},"excerpt":{"rendered":"<p>Avent\u00farate en el reino de las bolsas de la compra tejidas a mano de Cosecha Bags, donde cada puntada se entrelaza con el legado de la cultura wayuu. No son simples portadores; son emblemas de la moda \u00e9tica, meticulosamente elaborados por artesanos expertos. Mientras recorres el mercado, deja que tu Bolsa Cosecha sea un faro [&hellip;]<\/p>\n","protected":false},"author":1,"featured_media":0,"parent":0,"menu_order":0,"comment_status":"closed","ping_status":"closed","template":"","meta":{"_joinchat":[],"footnotes":""},"class_list":["post-2317","page","type-page","status-publish","hentry"],"_links":{"self":[{"href":"https:\/\/cosechabags.com\/es\/wp-json\/wp\/v2\/pages\/2317","targetHints":{"allow":["GET"]}}],"collection":[{"href":"https:\/\/cosechabags.com\/es\/wp-json\/wp\/v2\/pages"}],"about":[{"href":"https:\/\/cosechabags.com\/es\/wp-json\/wp\/v2\/types\/page"}],"author":[{"embeddable":true,"href":"https:\/\/cosechabags.com\/es\/wp-json\/wp\/v2\/users\/1"}],"replies":[{"embeddable":true,"href":"https:\/\/cosechabags.com\/es\/wp-json\/wp\/v2\/comments?post=2317"}],"version-history":[{"count":1,"href":"https:\/\/cosechabags.com\/es\/wp-json\/wp\/v2\/pages\/2317\/revisions"}],"predecessor-version":[{"id":4923,"href":"https:\/\/cosechabags.com\/es\/wp-json\/wp\/v2\/pages\/2317\/revisions\/4923"}],"wp:attachment":[{"href":"https:\/\/cosechabags.com\/es\/wp-json\/wp\/v2\/media?parent=2317"}],"curies":[{"name":"wp","href":"https:\/\/api.w.org\/{rel}","templated":true}]}}