{"id":2284,"date":"2024-02-12T14:22:44","date_gmt":"2024-02-12T13:22:44","guid":{"rendered":"https:\/\/cosechabags.com\/bolsos-de-mano\/"},"modified":"2024-04-18T13:27:00","modified_gmt":"2024-04-18T11:27:00","slug":"bolsos-de-mano","status":"publish","type":"page","link":"https:\/\/cosechabags.com\/es\/bolsos-de-mano\/","title":{"rendered":"Bolsos de mano"},"content":{"rendered":"\t\t<div data-elementor-type=\"wp-page\" data-elementor-id=\"2284\" class=\"elementor elementor-2284 elementor-1013\" data-elementor-post-type=\"page\">\n\t\t\t\t<div class=\"elementor-element elementor-element-57118a3e e-flex e-con-boxed e-con e-parent\" data-id=\"57118a3e\" data-element_type=\"container\" data-e-type=\"container\">\n\t\t\t\t\t<div class=\"e-con-inner\">\n\t\t\t\t\t<\/div>\n\t\t\t\t<\/div>\n\t\t<div class=\"elementor-element elementor-element-226abf8d e-flex e-con-boxed e-con e-parent\" data-id=\"226abf8d\" data-element_type=\"container\" data-e-type=\"container\">\n\t\t\t\t\t<div class=\"e-con-inner\">\n\t\t\t\t<div class=\"elementor-element elementor-element-35bb1389 elementor-widget elementor-widget-text-editor\" data-id=\"35bb1389\" data-element_type=\"widget\" data-e-type=\"widget\" data-widget_type=\"text-editor.default\">\n\t\t\t\t<div class=\"elementor-widget-container\">\n\t\t\t\t\t\t\t\t\t<p>Sum\u00e9rgete en la variedad de Bolsos de Mano Wayuu en Cosecha Bags, donde cada puntada narra la historia de la tradici\u00f3n encontr\u00e1ndose con el dise\u00f1o contempor\u00e1neo. Estos bolsos de mano son m\u00e1s que una declaraci\u00f3n de moda; son el resultado de una artesan\u00eda sostenible y la expresi\u00f3n cultural Wayuu. Cuidadosamente tejidos a mano, nuestros bolsos est\u00e1n dise\u00f1ados para la mujer moderna que valora la unicidad y la moda \u00e9tica. Al elegir uno de nuestros bolsos de mano Wayuu, llevas contigo una obra de arte que apoya la artesan\u00eda ind\u00edgena y a\u00f1ade un toque de lujo artesanal a tu vestuario.<\/p>\n\t\t\t\t\t\t\t\t<\/div>\n\t\t\t\t<\/div>\n\t\t\t\t\t<\/div>\n\t\t\t\t<\/div>\n\t\t\t\t<\/div>\n\t\t","protected":false},"excerpt":{"rendered":"<p>Sum\u00e9rgete en la variedad de Bolsos de Mano Wayuu en Cosecha Bags, donde cada puntada narra la historia de la tradici\u00f3n encontr\u00e1ndose con el dise\u00f1o contempor\u00e1neo. Estos bolsos de mano son m\u00e1s que una declaraci\u00f3n de moda; son el resultado de una artesan\u00eda sostenible y la expresi\u00f3n cultural Wayuu. Cuidadosamente tejidos a mano, nuestros bolsos [&hellip;]<\/p>\n","protected":false},"author":1,"featured_media":0,"parent":0,"menu_order":0,"comment_status":"closed","ping_status":"closed","template":"","meta":{"_joinchat":[],"footnotes":""},"class_list":["post-2284","page","type-page","status-publish","hentry"],"_links":{"self":[{"href":"https:\/\/cosechabags.com\/es\/wp-json\/wp\/v2\/pages\/2284","targetHints":{"allow":["GET"]}}],"collection":[{"href":"https:\/\/cosechabags.com\/es\/wp-json\/wp\/v2\/pages"}],"about":[{"href":"https:\/\/cosechabags.com\/es\/wp-json\/wp\/v2\/types\/page"}],"author":[{"embeddable":true,"href":"https:\/\/cosechabags.com\/es\/wp-json\/wp\/v2\/users\/1"}],"replies":[{"embeddable":true,"href":"https:\/\/cosechabags.com\/es\/wp-json\/wp\/v2\/comments?post=2284"}],"version-history":[{"count":0,"href":"https:\/\/cosechabags.com\/es\/wp-json\/wp\/v2\/pages\/2284\/revisions"}],"wp:attachment":[{"href":"https:\/\/cosechabags.com\/es\/wp-json\/wp\/v2\/media?parent=2284"}],"curies":[{"name":"wp","href":"https:\/\/api.w.org\/{rel}","templated":true}]}}