{"id":2274,"date":"2024-02-12T14:17:48","date_gmt":"2024-02-12T13:17:48","guid":{"rendered":"https:\/\/cosechabags.com\/bolsos-cruzados\/"},"modified":"2025-07-29T18:40:55","modified_gmt":"2025-07-29T16:40:55","slug":"bolsos-cruzados","status":"publish","type":"page","link":"https:\/\/cosechabags.com\/es\/bolsos-cruzados\/","title":{"rendered":"Bolsas cruzadas"},"content":{"rendered":"\t\t<div data-elementor-type=\"wp-page\" data-elementor-id=\"2274\" class=\"elementor elementor-2274 elementor-989\" data-elementor-post-type=\"page\">\n\t\t\t\t<div class=\"elementor-element elementor-element-435ca99 e-flex e-con-boxed e-con e-parent\" data-id=\"435ca99\" data-element_type=\"container\" data-e-type=\"container\">\n\t\t\t\t\t<div class=\"e-con-inner\">\n\t\t\t\t\t<\/div>\n\t\t\t\t<\/div>\n\t\t<div class=\"elementor-element elementor-element-48430941 e-flex e-con-boxed e-con e-parent\" data-id=\"48430941\" data-element_type=\"container\" data-e-type=\"container\">\n\t\t\t\t\t<div class=\"e-con-inner\">\n\t\t\t\t<div class=\"elementor-element elementor-element-71a40f16 elementor-widget elementor-widget-text-editor\" data-id=\"71a40f16\" data-element_type=\"widget\" data-e-type=\"widget\" data-widget_type=\"text-editor.default\">\n\t\t\t\t<div class=\"elementor-widget-container\">\n\t\t\t\t\t\t\t\t\t<p>Sum\u00e9rgete en el mundo ecl\u00e9ctico de los Bolsos Cruzados para Mujer en Cosecha Bags, donde el legado de la artesan\u00eda Wayuu se entrelaza a la perfecci\u00f3n con la esencia de la moda contempor\u00e1nea. Cada bolso cruzado se erige como un faro de elegancia sostenible y precisi\u00f3n tejida a mano, meticulosamente seleccionado para la mujer cosmopolita. Dele\u00edtate con las ricas texturas y los patrones intrincados que cada bolso presenta, ofreciendo no solo una pieza de declaraci\u00f3n, sino un compa\u00f1ero duradero y pr\u00e1ctico para todas las aventuras de la vida. Nuestra gama cuidadosamente seleccionada de bolsos cruzados para mujer equilibra la vivacidad de la cultura Wayuu con las demandas de la utilidad moderna, asegurando que cada bolso que lleves sea una obra de arte ponible que resuene con la historia de su creaci\u00f3n.<\/p>\t\t\t\t\t\t\t\t<\/div>\n\t\t\t\t<\/div>\n\t\t\t\t\t<\/div>\n\t\t\t\t<\/div>\n\t\t\t\t<\/div>\n\t\t","protected":false},"excerpt":{"rendered":"<p>Sum\u00e9rgete en el mundo ecl\u00e9ctico de los Bolsos Cruzados para Mujer en Cosecha Bags, donde el legado de la artesan\u00eda Wayuu se entrelaza a la perfecci\u00f3n con la esencia de la moda contempor\u00e1nea. Cada bolso cruzado se erige como un faro de elegancia sostenible y precisi\u00f3n tejida a mano, meticulosamente seleccionado para la mujer cosmopolita. [&hellip;]<\/p>\n","protected":false},"author":1,"featured_media":0,"parent":0,"menu_order":0,"comment_status":"closed","ping_status":"closed","template":"","meta":{"_joinchat":[],"footnotes":""},"class_list":["post-2274","page","type-page","status-publish","hentry"],"_links":{"self":[{"href":"https:\/\/cosechabags.com\/es\/wp-json\/wp\/v2\/pages\/2274","targetHints":{"allow":["GET"]}}],"collection":[{"href":"https:\/\/cosechabags.com\/es\/wp-json\/wp\/v2\/pages"}],"about":[{"href":"https:\/\/cosechabags.com\/es\/wp-json\/wp\/v2\/types\/page"}],"author":[{"embeddable":true,"href":"https:\/\/cosechabags.com\/es\/wp-json\/wp\/v2\/users\/1"}],"replies":[{"embeddable":true,"href":"https:\/\/cosechabags.com\/es\/wp-json\/wp\/v2\/comments?post=2274"}],"version-history":[{"count":1,"href":"https:\/\/cosechabags.com\/es\/wp-json\/wp\/v2\/pages\/2274\/revisions"}],"predecessor-version":[{"id":4928,"href":"https:\/\/cosechabags.com\/es\/wp-json\/wp\/v2\/pages\/2274\/revisions\/4928"}],"wp:attachment":[{"href":"https:\/\/cosechabags.com\/es\/wp-json\/wp\/v2\/media?parent=2274"}],"curies":[{"name":"wp","href":"https:\/\/api.w.org\/{rel}","templated":true}]}}