{"id":2272,"date":"2024-02-12T14:19:12","date_gmt":"2024-02-12T13:19:12","guid":{"rendered":"https:\/\/cosechabags.com\/carteras-y-monederos\/"},"modified":"2024-03-15T14:31:59","modified_gmt":"2024-03-15T13:31:59","slug":"carteras-y-monederos","status":"publish","type":"page","link":"https:\/\/cosechabags.com\/es\/carteras-y-monederos\/","title":{"rendered":"Carteras y monederos"},"content":{"rendered":"\t\t<div data-elementor-type=\"wp-page\" data-elementor-id=\"2272\" class=\"elementor elementor-2272\" data-elementor-post-type=\"page\">\n\t\t\t\t<div class=\"elementor-element elementor-element-4eb1ecbd e-flex e-con-boxed e-con e-parent\" data-id=\"4eb1ecbd\" data-element_type=\"container\" data-e-type=\"container\">\n\t\t\t\t\t<div class=\"e-con-inner\">\n\t\t\t\t\t<\/div>\n\t\t\t\t<\/div>\n\t\t<div class=\"elementor-element elementor-element-98584d5 e-flex e-con-boxed e-con e-parent\" data-id=\"98584d5\" data-element_type=\"container\" data-e-type=\"container\">\n\t\t\t\t\t<div class=\"e-con-inner\">\n\t\t\t\t<div class=\"elementor-element elementor-element-57886618 elementor-widget elementor-widget-text-editor\" data-id=\"57886618\" data-element_type=\"widget\" data-e-type=\"widget\" data-widget_type=\"text-editor.default\">\n\t\t\t\t<div class=\"elementor-widget-container\">\n\t\t\t\t\t\t\t\t\t<p>Descubra la elegancia de la colecci\u00f3n combinada de mini-monederos y monederos clutch de Cosecha Bags, donde cada pieza es una oda al legado wayuu y a la maestr\u00eda del tejido a mano. Estos accesorios ejemplifican la fusi\u00f3n de la funcionalidad con el toque artesanal, hechos a medida para la mujer moderna con inclinaci\u00f3n por el estilo y la sostenibilidad. Nuestros bolsos ofrecen un lienzo de riqueza cultural, perfecto para la sofisticaci\u00f3n cotidiana, mientras que nuestros clutchs a\u00f1aden un toque de delicadeza artesanal a su conjunto de noche. Del\u00e9itese con una cuidada selecci\u00f3n que promete no s\u00f3lo una declaraci\u00f3n de moda, sino un enfoque sostenible del lujo, con cada estampado y color contando la historia de la artesan\u00eda ancestral de los Wayuu.<\/p>\n\t\t\t\t\t\t\t\t<\/div>\n\t\t\t\t<\/div>\n\t\t\t\t\t<\/div>\n\t\t\t\t<\/div>\n\t\t\t\t<\/div>\n\t\t","protected":false},"excerpt":{"rendered":"<p>Descubra la elegancia de la colecci\u00f3n combinada de mini-monederos y monederos clutch de Cosecha Bags, donde cada pieza es una oda al legado wayuu y a la maestr\u00eda del tejido a mano. Estos accesorios ejemplifican la fusi\u00f3n de la funcionalidad con el toque artesanal, hechos a medida para la mujer moderna con inclinaci\u00f3n por el [&hellip;]<\/p>\n","protected":false},"author":1,"featured_media":0,"parent":0,"menu_order":0,"comment_status":"closed","ping_status":"closed","template":"","meta":{"_joinchat":[],"footnotes":""},"class_list":["post-2272","page","type-page","status-publish","hentry"],"_links":{"self":[{"href":"https:\/\/cosechabags.com\/es\/wp-json\/wp\/v2\/pages\/2272","targetHints":{"allow":["GET"]}}],"collection":[{"href":"https:\/\/cosechabags.com\/es\/wp-json\/wp\/v2\/pages"}],"about":[{"href":"https:\/\/cosechabags.com\/es\/wp-json\/wp\/v2\/types\/page"}],"author":[{"embeddable":true,"href":"https:\/\/cosechabags.com\/es\/wp-json\/wp\/v2\/users\/1"}],"replies":[{"embeddable":true,"href":"https:\/\/cosechabags.com\/es\/wp-json\/wp\/v2\/comments?post=2272"}],"version-history":[{"count":0,"href":"https:\/\/cosechabags.com\/es\/wp-json\/wp\/v2\/pages\/2272\/revisions"}],"wp:attachment":[{"href":"https:\/\/cosechabags.com\/es\/wp-json\/wp\/v2\/media?parent=2272"}],"curies":[{"name":"wp","href":"https:\/\/api.w.org\/{rel}","templated":true}]}}