{"id":2254,"date":"2024-02-12T13:47:21","date_gmt":"2024-02-12T12:47:21","guid":{"rendered":"https:\/\/cosechabags.com\/bolsos-de-playa-wayuu\/"},"modified":"2025-08-01T21:28:28","modified_gmt":"2025-08-01T19:28:28","slug":"bolsos-de-playa-wayuu","status":"publish","type":"page","link":"https:\/\/cosechabags.com\/es\/bolsos-de-playa-wayuu\/","title":{"rendered":"Bolsos de playa Wayuu"},"content":{"rendered":"\t\t<div data-elementor-type=\"wp-page\" data-elementor-id=\"2254\" class=\"elementor elementor-2254 elementor-940\" data-elementor-post-type=\"page\">\n\t\t\t\t<div class=\"elementor-element elementor-element-5ef36a6d e-flex e-con-boxed e-con e-parent\" data-id=\"5ef36a6d\" data-element_type=\"container\" data-e-type=\"container\">\n\t\t\t\t\t<div class=\"e-con-inner\">\n\t\t\t\t\t<\/div>\n\t\t\t\t<\/div>\n\t\t<div class=\"elementor-element elementor-element-edc8fb1 e-flex e-con-boxed e-con e-parent\" data-id=\"edc8fb1\" data-element_type=\"container\" data-e-type=\"container\">\n\t\t\t\t\t<div class=\"e-con-inner\">\n\t\t\t\t<div class=\"elementor-element elementor-element-6538408b elementor-widget elementor-widget-text-editor\" data-id=\"6538408b\" data-element_type=\"widget\" data-e-type=\"widget\" data-widget_type=\"text-editor.default\">\n\t\t\t\t<div class=\"elementor-widget-container\">\n\t\t\t\t\t\t\t\t\t<p>Sum\u00e9rgete en nuestra selecci\u00f3n exclusiva de bolsos de playa para mujer en Cosecha Bags, donde los patrones r\u00edtmicos del tejido Wayuu se encuentran con el esp\u00edritu libre de la playa. Estos no son solo bolsos; son compa\u00f1eros para aventuras ba\u00f1adas por el sol y paseos tranquilos junto al mar. Confeccionados con pasi\u00f3n y precisi\u00f3n, nuestros bolsos de playa encarnan una fusi\u00f3n de t\u00e9cnicas tradicionales Wayuu y est\u00e9ticas modernas, haci\u00e9ndolos el accesorio perfecto para el amante de la playa con visi\u00f3n de moda. Son espaciosos, duraderos y vibrantes en color, capturando la esencia de la elegancia costera al tiempo que apoyan la moda sostenible. Elige un bolso Cosecha para acompa\u00f1ar tu pr\u00f3xima escapada a la playa y lleva contigo un pedazo de la herencia Wayuu.<\/p>\n\t\t\t\t\t\t\t\t<\/div>\n\t\t\t\t<\/div>\n\t\t\t\t\t<\/div>\n\t\t\t\t<\/div>\n\t\t\t\t<\/div>\n\t\t","protected":false},"excerpt":{"rendered":"<p>Sum\u00e9rgete en nuestra selecci\u00f3n exclusiva de bolsos de playa para mujer en Cosecha Bags, donde los patrones r\u00edtmicos del tejido Wayuu se encuentran con el esp\u00edritu libre de la playa. Estos no son solo bolsos; son compa\u00f1eros para aventuras ba\u00f1adas por el sol y paseos tranquilos junto al mar. Confeccionados con pasi\u00f3n y precisi\u00f3n, nuestros [&hellip;]<\/p>\n","protected":false},"author":1,"featured_media":0,"parent":0,"menu_order":0,"comment_status":"closed","ping_status":"closed","template":"","meta":{"_joinchat":[],"footnotes":""},"class_list":["post-2254","page","type-page","status-publish","hentry"],"_links":{"self":[{"href":"https:\/\/cosechabags.com\/es\/wp-json\/wp\/v2\/pages\/2254","targetHints":{"allow":["GET"]}}],"collection":[{"href":"https:\/\/cosechabags.com\/es\/wp-json\/wp\/v2\/pages"}],"about":[{"href":"https:\/\/cosechabags.com\/es\/wp-json\/wp\/v2\/types\/page"}],"author":[{"embeddable":true,"href":"https:\/\/cosechabags.com\/es\/wp-json\/wp\/v2\/users\/1"}],"replies":[{"embeddable":true,"href":"https:\/\/cosechabags.com\/es\/wp-json\/wp\/v2\/comments?post=2254"}],"version-history":[{"count":1,"href":"https:\/\/cosechabags.com\/es\/wp-json\/wp\/v2\/pages\/2254\/revisions"}],"predecessor-version":[{"id":4974,"href":"https:\/\/cosechabags.com\/es\/wp-json\/wp\/v2\/pages\/2254\/revisions\/4974"}],"wp:attachment":[{"href":"https:\/\/cosechabags.com\/es\/wp-json\/wp\/v2\/media?parent=2254"}],"curies":[{"name":"wp","href":"https:\/\/api.w.org\/{rel}","templated":true}]}}