{"id":2167,"date":"2024-02-12T14:24:38","date_gmt":"2024-02-12T13:24:38","guid":{"rendered":"https:\/\/cosechabags.com\/mochilas\/"},"modified":"2024-12-18T13:23:38","modified_gmt":"2024-12-18T12:23:38","slug":"mochilas","status":"publish","type":"page","link":"https:\/\/cosechabags.com\/es\/mochilas\/","title":{"rendered":"Mochilas"},"content":{"rendered":"\t\t<div data-elementor-type=\"wp-page\" data-elementor-id=\"2167\" class=\"elementor elementor-2167 elementor-1022\" data-elementor-post-type=\"page\">\n\t\t\t\t<div class=\"elementor-element elementor-element-36b50e0f e-flex e-con-boxed e-con e-parent\" data-id=\"36b50e0f\" data-element_type=\"container\" data-e-type=\"container\">\n\t\t\t\t\t<div class=\"e-con-inner\">\n\t\t\t\t\t<\/div>\n\t\t\t\t<\/div>\n\t\t<div class=\"elementor-element elementor-element-207c045d e-flex e-con-boxed e-con e-parent\" data-id=\"207c045d\" data-element_type=\"container\" data-e-type=\"container\">\n\t\t\t\t\t<div class=\"e-con-inner\">\n\t\t\t\t<div class=\"elementor-element elementor-element-70ce7c38 elementor-widget elementor-widget-text-editor\" data-id=\"70ce7c38\" data-element_type=\"widget\" data-e-type=\"widget\" data-widget_type=\"text-editor.default\">\n\t\t\t\t<div class=\"elementor-widget-container\">\n\t\t\t\t\t\t\t\t\t<p>Sum\u00e9rgete en la exquisita colecci\u00f3n de Mochilas de Ganchillo Hechas a Mano de Cosecha Bags. Fusionando las t\u00e9cnicas tradicionales wayuu con la durabilidad y el estilo cl\u00e1sico del cuero, estas mochilas son un testimonio de artesan\u00eda experta. Perfectas para la mujer moderna que aprecia la fusi\u00f3n de lujo y funcionalidad, cada mochila est\u00e1 confeccionada para ofrecer un accesorio elegante a la par que pr\u00e1ctico. Con dise\u00f1os intrincados y materiales de calidad, nuestras mochilas de cuero hechas a mano son un elegante testimonio de la moda sostenible, que combina la herencia cultural con las necesidades contempor\u00e1neas.<\/p>\n\t\t\t\t\t\t\t\t<\/div>\n\t\t\t\t<\/div>\n\t\t\t\t\t<\/div>\n\t\t\t\t<\/div>\n\t\t\t\t<\/div>\n\t\t","protected":false},"excerpt":{"rendered":"<p>Sum\u00e9rgete en la exquisita colecci\u00f3n de Mochilas de Ganchillo Hechas a Mano de Cosecha Bags. Fusionando las t\u00e9cnicas tradicionales wayuu con la durabilidad y el estilo cl\u00e1sico del cuero, estas mochilas son un testimonio de artesan\u00eda experta. Perfectas para la mujer moderna que aprecia la fusi\u00f3n de lujo y funcionalidad, cada mochila est\u00e1 confeccionada para [&hellip;]<\/p>\n","protected":false},"author":1,"featured_media":0,"parent":0,"menu_order":0,"comment_status":"closed","ping_status":"closed","template":"","meta":{"_joinchat":[],"footnotes":""},"class_list":["post-2167","page","type-page","status-publish","hentry"],"_links":{"self":[{"href":"https:\/\/cosechabags.com\/es\/wp-json\/wp\/v2\/pages\/2167","targetHints":{"allow":["GET"]}}],"collection":[{"href":"https:\/\/cosechabags.com\/es\/wp-json\/wp\/v2\/pages"}],"about":[{"href":"https:\/\/cosechabags.com\/es\/wp-json\/wp\/v2\/types\/page"}],"author":[{"embeddable":true,"href":"https:\/\/cosechabags.com\/es\/wp-json\/wp\/v2\/users\/1"}],"replies":[{"embeddable":true,"href":"https:\/\/cosechabags.com\/es\/wp-json\/wp\/v2\/comments?post=2167"}],"version-history":[{"count":0,"href":"https:\/\/cosechabags.com\/es\/wp-json\/wp\/v2\/pages\/2167\/revisions"}],"wp:attachment":[{"href":"https:\/\/cosechabags.com\/es\/wp-json\/wp\/v2\/media?parent=2167"}],"curies":[{"name":"wp","href":"https:\/\/api.w.org\/{rel}","templated":true}]}}