{"id":1780,"date":"2023-09-15T07:55:22","date_gmt":"2023-09-15T05:55:22","guid":{"rendered":"https:\/\/cosechabags.com\/novedades\/"},"modified":"2024-03-18T10:37:18","modified_gmt":"2024-03-18T09:37:18","slug":"novedades","status":"publish","type":"page","link":"https:\/\/cosechabags.com\/es\/novedades\/","title":{"rendered":"Novedades"},"content":{"rendered":"<p>Explora las \u00faltimas adiciones a nuestra colecci\u00f3n de bolsos Wayuu, cada uno tejido a mano con cuidado por los artesanos de la tribu Wayuu. Sum\u00e9rgete en los patrones \u00fanicos y los colores vibrantes de estos modernos y resistentes bolsos. Agrega un toque de sofisticaci\u00f3n cultural a tu vestuario con nuestros m\u00e1s recientes bolsos Wayuu.<\/p>\n<style>\/*! elementor - v3.20.0 - 13-03-2024 *\/\n.elementor-heading-title{padding:0;margin:0;line-height:1}.elementor-widget-heading .elementor-heading-title[class*=elementor-size-]>a{color:inherit;font-size:inherit;line-height:inherit}.elementor-widget-heading .elementor-heading-title.elementor-size-small{font-size:15px}.elementor-widget-heading .elementor-heading-title.elementor-size-medium{font-size:19px}.elementor-widget-heading .elementor-heading-title.elementor-size-large{font-size:29px}.elementor-widget-heading .elementor-heading-title.elementor-size-xl{font-size:39px}.elementor-widget-heading .elementor-heading-title.elementor-size-xxl{font-size:59px}<\/style>\n<h2>Lady Bolso Wayuu <\/h2>\n<p>Abraza la fusi\u00f3n del dise\u00f1o moderno y la antigua tradici\u00f3n con el bolso Lady Wayuu. Tejida a mano por artesanos colombianos, su patr\u00f3n llamativo y dise\u00f1o pr\u00e1ctico la convierten en una pieza destacada.<\/p>\n<p>\t\t\t<a href=\"https:\/\/cosechabags.com\/es\/producto\/bolso-lady-wayuu\/\"><br \/>\n\t\t\t\t\t\tComprar<br \/>\n\t\t\t\t\t<\/a><\/p>\n<style>\/*! elementor - v3.20.0 - 13-03-2024 *\/\n.elementor-widget-image{text-align:center}.elementor-widget-image a{display:inline-block}.elementor-widget-image a img[src$=\".svg\"]{width:48px}.elementor-widget-image img{vertical-align:middle;display:inline-block}<\/style>\n<p>\t\t\t\t\t\t\t\t\t\t<img fetchpriority=\"high\" decoding=\"async\" width=\"576\" height=\"1024\" src=\"https:\/\/cosechabags.com\/wp-content\/uploads\/2023\/11\/WAYUU_BAGS00539-576x1024.webp\" alt=\"\" srcset=\"https:\/\/cosechabags.com\/wp-content\/uploads\/2023\/11\/WAYUU_BAGS00539-576x1024.webp 576w, https:\/\/cosechabags.com\/wp-content\/uploads\/2023\/11\/WAYUU_BAGS00539-300x533.webp 300w, https:\/\/cosechabags.com\/wp-content\/uploads\/2023\/11\/WAYUU_BAGS00539-600x1067.webp 600w, https:\/\/cosechabags.com\/wp-content\/uploads\/2023\/11\/WAYUU_BAGS00539-169x300.webp 169w, https:\/\/cosechabags.com\/wp-content\/uploads\/2023\/11\/WAYUU_BAGS00539-768x1365.webp 768w, https:\/\/cosechabags.com\/wp-content\/uploads\/2023\/11\/WAYUU_BAGS00539-864x1536.webp 864w, https:\/\/cosechabags.com\/wp-content\/uploads\/2023\/11\/WAYUU_BAGS00539.webp 1080w\" sizes=\"(max-width: 576px) 100vw, 576px\" \/><br \/>\n\t\t\t\t\t\t\t\t\t\t\t\t\t<img decoding=\"async\" width=\"576\" height=\"1024\" src=\"https:\/\/cosechabags.com\/wp-content\/uploads\/2023\/11\/WAYUU_BAGS00513-576x1024.webp\" alt=\"\" srcset=\"https:\/\/cosechabags.com\/wp-content\/uploads\/2023\/11\/WAYUU_BAGS00513-576x1024.webp 576w, https:\/\/cosechabags.com\/wp-content\/uploads\/2023\/11\/WAYUU_BAGS00513-300x533.webp 300w, https:\/\/cosechabags.com\/wp-content\/uploads\/2023\/11\/WAYUU_BAGS00513-600x1067.webp 600w, https:\/\/cosechabags.com\/wp-content\/uploads\/2023\/11\/WAYUU_BAGS00513-169x300.webp 169w, https:\/\/cosechabags.com\/wp-content\/uploads\/2023\/11\/WAYUU_BAGS00513-768x1365.webp 768w, https:\/\/cosechabags.com\/wp-content\/uploads\/2023\/11\/WAYUU_BAGS00513-864x1536.webp 864w, https:\/\/cosechabags.com\/wp-content\/uploads\/2023\/11\/WAYUU_BAGS00513.webp 1080w\" sizes=\"(max-width: 576px) 100vw, 576px\" \/>\t\t\t\t\t\t\t\t\t\t\t\t\t<\/p>\n<h2>Kanoa: elegancia tejida a mano<\/h2>\n<p>Ad\u00e9ntrate en el legado wayuu con el bolso Kanoa, una maravilla tejida a mano que presenta un vibrante dise\u00f1o en zigzag y ofrece una combinaci\u00f3n \u00fanica de arte cultural y moda moderna. \u200b<\/p>\n<p>\t\t\t<a href=\"https:\/\/cosechabags.com\/es\/producto\/bolso-kanoa-wayuu\/\"><br \/>\n\t\t\t\t\t\tComprar<br \/>\n\t\t\t\t\t<\/a><\/p>\n<h2>Nuevo bolso para compras tejido a mano <\/h2>\n<p>Una bolsa de la compra estilo Wayuu, con gran capacidad de almacenamiento. Incluye un par de correas de cuero aut\u00e9ntico de longitud ajustable, adecuadas para llevar al hombro o en la mano.<\/p>\n<p>\t\t\t<a href=\"https:\/\/cosechabags.com\/es\/producto\/bolsa-de-la-compra-tejida-wayuu\/\"><br \/>\n\t\t\t\t\t\tComprar<br \/>\n\t\t\t\t\t<\/a><br \/>\n\t\t\t\t\t\t\t\t\t\t\t\t\t<img decoding=\"async\" width=\"576\" height=\"1024\" src=\"https:\/\/cosechabags.com\/wp-content\/uploads\/2023\/11\/WAYUU_BAGS00668-576x1024.webp\" alt=\"\" srcset=\"https:\/\/cosechabags.com\/wp-content\/uploads\/2023\/11\/WAYUU_BAGS00668-576x1024.webp 576w, https:\/\/cosechabags.com\/wp-content\/uploads\/2023\/11\/WAYUU_BAGS00668-300x533.webp 300w, https:\/\/cosechabags.com\/wp-content\/uploads\/2023\/11\/WAYUU_BAGS00668-600x1067.webp 600w, https:\/\/cosechabags.com\/wp-content\/uploads\/2023\/11\/WAYUU_BAGS00668-169x300.webp 169w, https:\/\/cosechabags.com\/wp-content\/uploads\/2023\/11\/WAYUU_BAGS00668-768x1365.webp 768w, https:\/\/cosechabags.com\/wp-content\/uploads\/2023\/11\/WAYUU_BAGS00668-864x1536.webp 864w, https:\/\/cosechabags.com\/wp-content\/uploads\/2023\/11\/WAYUU_BAGS00668.webp 1080w\" sizes=\"(max-width: 576px) 100vw, 576px\" \/><br \/>\n\t\t\t\t\t\t\t\t\t\t\t\t\t<img loading=\"lazy\" decoding=\"async\" width=\"576\" height=\"1024\" src=\"https:\/\/cosechabags.com\/wp-content\/uploads\/2023\/11\/WAYUU_BAGS00478-576x1024.webp\" alt=\"\" srcset=\"https:\/\/cosechabags.com\/wp-content\/uploads\/2023\/11\/WAYUU_BAGS00478-576x1024.webp 576w, https:\/\/cosechabags.com\/wp-content\/uploads\/2023\/11\/WAYUU_BAGS00478-300x533.webp 300w, https:\/\/cosechabags.com\/wp-content\/uploads\/2023\/11\/WAYUU_BAGS00478-600x1067.webp 600w, https:\/\/cosechabags.com\/wp-content\/uploads\/2023\/11\/WAYUU_BAGS00478-169x300.webp 169w, https:\/\/cosechabags.com\/wp-content\/uploads\/2023\/11\/WAYUU_BAGS00478-768x1365.webp 768w, https:\/\/cosechabags.com\/wp-content\/uploads\/2023\/11\/WAYUU_BAGS00478-864x1536.webp 864w, https:\/\/cosechabags.com\/wp-content\/uploads\/2023\/11\/WAYUU_BAGS00478.webp 1080w\" sizes=\"(max-width: 576px) 100vw, 576px\" \/>\t\t\t\t\t\t\t\t\t\t\t\t\t<\/p>\n<h2>Mary: vibrante y exquisitamente artesanal<\/h2>\n<p>Descubre el Bolso Wayuu Mary en exclusiva en Cosecha Bags. Tejido a mano por artesanos colombianos, este bolso presenta un dise\u00f1o v\u00edvido con divertidas borlas, que encarna un encanto de esp\u00edritu libre con una elegancia pr\u00e1ctica.<\/p>\n<p>\t\t\t<a href=\"https:\/\/cosechabags.com\/es\/producto\/mary-wayuu-bag\/\"><br \/>\n\t\t\t\t\t\tComprar<br \/>\n\t\t\t\t\t<\/a><\/p>\n<h2>Charlotte: Dise\u00f1o tradicional &amp; estilo moderno<\/h2>\n<p>Experimente la fusi\u00f3n del arte ind\u00edgena y la moda contempor\u00e1nea con el bolso Charlotte Wayuu. Su atrevido dise\u00f1o de rayas y sus divertidas borlas la convierten en una pieza destacada. Compre ahora en Cosecha Bags bolsos exclusivos tejidos a mano.<\/p>\n<p>\t\t\t<a href=\"https:\/\/cosechabags.com\/es\/producto\/charlotte-wayuu-bag\/\"><br \/>\n\t\t\t\t\t\tComprar<br \/>\n\t\t\t\t\t<\/a><br \/>\n\t\t\t\t\t\t\t\t\t\t\t\t\t<img loading=\"lazy\" decoding=\"async\" width=\"576\" height=\"1024\" src=\"https:\/\/cosechabags.com\/wp-content\/uploads\/2023\/11\/WAYUU_BAGS00577-576x1024.webp\" alt=\"\" srcset=\"https:\/\/cosechabags.com\/wp-content\/uploads\/2023\/11\/WAYUU_BAGS00577-576x1024.webp 576w, https:\/\/cosechabags.com\/wp-content\/uploads\/2023\/11\/WAYUU_BAGS00577-300x533.webp 300w, https:\/\/cosechabags.com\/wp-content\/uploads\/2023\/11\/WAYUU_BAGS00577-600x1067.webp 600w, https:\/\/cosechabags.com\/wp-content\/uploads\/2023\/11\/WAYUU_BAGS00577-169x300.webp 169w, https:\/\/cosechabags.com\/wp-content\/uploads\/2023\/11\/WAYUU_BAGS00577-768x1365.webp 768w, https:\/\/cosechabags.com\/wp-content\/uploads\/2023\/11\/WAYUU_BAGS00577-864x1536.webp 864w, https:\/\/cosechabags.com\/wp-content\/uploads\/2023\/11\/WAYUU_BAGS00577.webp 1080w\" sizes=\"(max-width: 576px) 100vw, 576px\" \/><br \/>\n\t\t\t\t\t\t\t\t\t\t\t\t\t<img loading=\"lazy\" decoding=\"async\" width=\"576\" height=\"1024\" src=\"https:\/\/cosechabags.com\/wp-content\/uploads\/2023\/11\/WAYUU_BAGS00601-576x1024.webp\" alt=\"\" srcset=\"https:\/\/cosechabags.com\/wp-content\/uploads\/2023\/11\/WAYUU_BAGS00601-576x1024.webp 576w, https:\/\/cosechabags.com\/wp-content\/uploads\/2023\/11\/WAYUU_BAGS00601-300x533.webp 300w, https:\/\/cosechabags.com\/wp-content\/uploads\/2023\/11\/WAYUU_BAGS00601-600x1067.webp 600w, https:\/\/cosechabags.com\/wp-content\/uploads\/2023\/11\/WAYUU_BAGS00601-169x300.webp 169w, https:\/\/cosechabags.com\/wp-content\/uploads\/2023\/11\/WAYUU_BAGS00601-768x1365.webp 768w, https:\/\/cosechabags.com\/wp-content\/uploads\/2023\/11\/WAYUU_BAGS00601-864x1536.webp 864w, https:\/\/cosechabags.com\/wp-content\/uploads\/2023\/11\/WAYUU_BAGS00601.webp 1080w\" sizes=\"(max-width: 576px) 100vw, 576px\" \/>\t\t\t\t\t\t\t\t\t\t\t\t\t<\/p>\n<h2>Rio bag: dise\u00f1o pata de gallo artesanal<\/h2>\n<p>Experimente el Rio Wayuu Bag, donde la herencia colombiana se une al estilo moderno. Confeccionado a mano con un dise\u00f1o \u00fanico de pata de gallo, es la combinaci\u00f3n perfecta de tradici\u00f3n artesanal y moda contempor\u00e1nea de Cosecha Bags.<\/p>\n<p>\t\t\t<a href=\"https:\/\/cosechabags.com\/es\/producto\/bolso-rio\/\"><br \/>\n\t\t\t\t\t\tComprar<br \/>\n\t\t\t\t\t<\/a><\/p>\n","protected":false},"excerpt":{"rendered":"<p>Explora las \u00faltimas adiciones a nuestra colecci\u00f3n de bolsos Wayuu, cada uno tejido a mano con cuidado por los artesanos de la tribu Wayuu. Sum\u00e9rgete en los patrones \u00fanicos y los colores vibrantes de estos modernos y resistentes bolsos. Agrega un toque de sofisticaci\u00f3n cultural a tu vestuario con nuestros m\u00e1s recientes bolsos Wayuu. Lady [&hellip;]<\/p>\n","protected":false},"author":1,"featured_media":0,"parent":0,"menu_order":0,"comment_status":"closed","ping_status":"closed","template":"","meta":{"_joinchat":[],"footnotes":""},"class_list":["post-1780","page","type-page","status-publish","hentry"],"_links":{"self":[{"href":"https:\/\/cosechabags.com\/es\/wp-json\/wp\/v2\/pages\/1780","targetHints":{"allow":["GET"]}}],"collection":[{"href":"https:\/\/cosechabags.com\/es\/wp-json\/wp\/v2\/pages"}],"about":[{"href":"https:\/\/cosechabags.com\/es\/wp-json\/wp\/v2\/types\/page"}],"author":[{"embeddable":true,"href":"https:\/\/cosechabags.com\/es\/wp-json\/wp\/v2\/users\/1"}],"replies":[{"embeddable":true,"href":"https:\/\/cosechabags.com\/es\/wp-json\/wp\/v2\/comments?post=1780"}],"version-history":[{"count":0,"href":"https:\/\/cosechabags.com\/es\/wp-json\/wp\/v2\/pages\/1780\/revisions"}],"wp:attachment":[{"href":"https:\/\/cosechabags.com\/es\/wp-json\/wp\/v2\/media?parent=1780"}],"curies":[{"name":"wp","href":"https:\/\/api.w.org\/{rel}","templated":true}]}}