{"id":1749,"date":"2024-02-12T13:25:18","date_gmt":"2024-02-12T12:25:18","guid":{"rendered":"https:\/\/cosechabags.com\/bolsos-pequenos-y-minibolsos\/"},"modified":"2025-07-29T18:40:46","modified_gmt":"2025-07-29T16:40:46","slug":"bolsos-pequenos-y-minibolsos","status":"publish","type":"page","link":"https:\/\/cosechabags.com\/es\/bolsos-pequenos-y-minibolsos\/","title":{"rendered":"Bolsos peque\u00f1os y minibolsos"},"content":{"rendered":"\t\t<div data-elementor-type=\"wp-page\" data-elementor-id=\"1749\" class=\"elementor elementor-1749 elementor-865\" data-elementor-post-type=\"page\">\n\t\t\t\t<div class=\"elementor-element elementor-element-39c541c e-flex e-con-boxed e-con e-parent\" data-id=\"39c541c\" data-element_type=\"container\" data-e-type=\"container\">\n\t\t\t\t\t<div class=\"e-con-inner\">\n\t\t\t\t\t<\/div>\n\t\t\t\t<\/div>\n\t\t<div class=\"elementor-element elementor-element-742e0f3 e-flex e-con-boxed e-con e-parent\" data-id=\"742e0f3\" data-element_type=\"container\" data-e-type=\"container\">\n\t\t\t\t\t<div class=\"e-con-inner\">\n\t\t\t\t<div class=\"elementor-element elementor-element-941dd4f elementor-widget elementor-widget-text-editor\" data-id=\"941dd4f\" data-element_type=\"widget\" data-e-type=\"widget\" data-widget_type=\"text-editor.default\">\n\t\t\t\t<div class=\"elementor-widget-container\">\n\t\t\t\t\t\t\t\t\t<p>Explora la gama de Bolsos Peque\u00f1os y Minibolsos de Cosecha Bags, donde la tradici\u00f3n se mezcla con la moda. Nuestros mini bolsos son una celebraci\u00f3n del estilo sostenible y la maestr\u00eda tejida a mano, seleccionados para la mujer moderna.<\/p>\t\t\t\t\t\t\t\t<\/div>\n\t\t\t\t<\/div>\n\t\t\t\t\t<\/div>\n\t\t\t\t<\/div>\n\t\t\t\t<\/div>\n\t\t","protected":false},"excerpt":{"rendered":"<p>Explora la gama de Bolsos Peque\u00f1os y Minibolsos de Cosecha Bags, donde la tradici\u00f3n se mezcla con la moda. Nuestros mini bolsos son una celebraci\u00f3n del estilo sostenible y la maestr\u00eda tejida a mano, seleccionados para la mujer moderna.<\/p>\n","protected":false},"author":1,"featured_media":0,"parent":0,"menu_order":0,"comment_status":"closed","ping_status":"closed","template":"","meta":{"_joinchat":[],"footnotes":""},"class_list":["post-1749","page","type-page","status-publish","hentry"],"_links":{"self":[{"href":"https:\/\/cosechabags.com\/es\/wp-json\/wp\/v2\/pages\/1749","targetHints":{"allow":["GET"]}}],"collection":[{"href":"https:\/\/cosechabags.com\/es\/wp-json\/wp\/v2\/pages"}],"about":[{"href":"https:\/\/cosechabags.com\/es\/wp-json\/wp\/v2\/types\/page"}],"author":[{"embeddable":true,"href":"https:\/\/cosechabags.com\/es\/wp-json\/wp\/v2\/users\/1"}],"replies":[{"embeddable":true,"href":"https:\/\/cosechabags.com\/es\/wp-json\/wp\/v2\/comments?post=1749"}],"version-history":[{"count":1,"href":"https:\/\/cosechabags.com\/es\/wp-json\/wp\/v2\/pages\/1749\/revisions"}],"predecessor-version":[{"id":4924,"href":"https:\/\/cosechabags.com\/es\/wp-json\/wp\/v2\/pages\/1749\/revisions\/4924"}],"wp:attachment":[{"href":"https:\/\/cosechabags.com\/es\/wp-json\/wp\/v2\/media?parent=1749"}],"curies":[{"name":"wp","href":"https:\/\/api.w.org\/{rel}","templated":true}]}}