{"id":1744,"date":"2024-02-12T14:16:17","date_gmt":"2024-02-12T13:16:17","guid":{"rendered":"https:\/\/cosechabags.com\/bolsos-de-hombro\/"},"modified":"2024-04-18T13:27:25","modified_gmt":"2024-04-18T11:27:25","slug":"bolsos-de-hombro","status":"publish","type":"page","link":"https:\/\/cosechabags.com\/es\/bolsos-de-hombro\/","title":{"rendered":"Bolsos de hombro"},"content":{"rendered":"\t\t<div data-elementor-type=\"wp-page\" data-elementor-id=\"1744\" class=\"elementor elementor-1744 elementor-983\" data-elementor-post-type=\"page\">\n\t\t\t\t<div class=\"elementor-element elementor-element-27b8472d e-flex e-con-boxed e-con e-parent\" data-id=\"27b8472d\" data-element_type=\"container\" data-e-type=\"container\">\n\t\t\t\t\t<div class=\"e-con-inner\">\n\t\t\t\t\t<\/div>\n\t\t\t\t<\/div>\n\t\t<div class=\"elementor-element elementor-element-413614c7 e-flex e-con-boxed e-con e-parent\" data-id=\"413614c7\" data-element_type=\"container\" data-e-type=\"container\">\n\t\t\t\t\t<div class=\"e-con-inner\">\n\t\t\t\t<div class=\"elementor-element elementor-element-6794d9fb elementor-widget elementor-widget-text-editor\" data-id=\"6794d9fb\" data-element_type=\"widget\" data-e-type=\"widget\" data-widget_type=\"text-editor.default\">\n\t\t\t\t<div class=\"elementor-widget-container\">\n\t\t\t\t\t\t\t\t\t<p>Ad\u00e9ntrate en el mundo de Cosecha Bags y descubre nuestra exclusiva colecci\u00f3n de Bolsos de Hombro Wayuu, donde las ancestrales tradiciones de tejido se encuentran con el chic contempor\u00e1neo. Cada bolso de hombro est\u00e1 elaborado con una mezcla de pasi\u00f3n y precisi\u00f3n, honrando el legado Wayuu a trav\u00e9s de dise\u00f1os vibrantes y una artesan\u00eda resistente. Nuestros bolsos de hombro no son simplemente un accesorio, sino un testimonio del movimiento de moda sostenible, cuidadosamente tejidos a mano para apoyar tanto al medio ambiente como al arte cultural del pueblo Wayuu. Con cada compra, adoptas una pieza de herencia, cargas una narrativa de resistencia y haces una declaraci\u00f3n que trasciende el tiempo. Dise\u00f1ados para la versatilidad y el estilo, nuestros Bolsos de Hombro Wayuu son el acompa\u00f1ante esencial para la mujer moderna que valora la moda con prop\u00f3sito.<\/p>\n\t\t\t\t\t\t\t\t<\/div>\n\t\t\t\t<\/div>\n\t\t\t\t\t<\/div>\n\t\t\t\t<\/div>\n\t\t\t\t<\/div>\n\t\t","protected":false},"excerpt":{"rendered":"<p>Ad\u00e9ntrate en el mundo de Cosecha Bags y descubre nuestra exclusiva colecci\u00f3n de Bolsos de Hombro Wayuu, donde las ancestrales tradiciones de tejido se encuentran con el chic contempor\u00e1neo. Cada bolso de hombro est\u00e1 elaborado con una mezcla de pasi\u00f3n y precisi\u00f3n, honrando el legado Wayuu a trav\u00e9s de dise\u00f1os vibrantes y una artesan\u00eda resistente. [&hellip;]<\/p>\n","protected":false},"author":1,"featured_media":0,"parent":0,"menu_order":0,"comment_status":"closed","ping_status":"closed","template":"","meta":{"_joinchat":[],"footnotes":""},"class_list":["post-1744","page","type-page","status-publish","hentry"],"_links":{"self":[{"href":"https:\/\/cosechabags.com\/es\/wp-json\/wp\/v2\/pages\/1744","targetHints":{"allow":["GET"]}}],"collection":[{"href":"https:\/\/cosechabags.com\/es\/wp-json\/wp\/v2\/pages"}],"about":[{"href":"https:\/\/cosechabags.com\/es\/wp-json\/wp\/v2\/types\/page"}],"author":[{"embeddable":true,"href":"https:\/\/cosechabags.com\/es\/wp-json\/wp\/v2\/users\/1"}],"replies":[{"embeddable":true,"href":"https:\/\/cosechabags.com\/es\/wp-json\/wp\/v2\/comments?post=1744"}],"version-history":[{"count":0,"href":"https:\/\/cosechabags.com\/es\/wp-json\/wp\/v2\/pages\/1744\/revisions"}],"wp:attachment":[{"href":"https:\/\/cosechabags.com\/es\/wp-json\/wp\/v2\/media?parent=1744"}],"curies":[{"name":"wp","href":"https:\/\/api.w.org\/{rel}","templated":true}]}}