{"id":1722,"date":"2024-02-12T13:28:37","date_gmt":"2024-02-12T12:28:37","guid":{"rendered":"https:\/\/cosechabags.com\/bolsos-medianos\/"},"modified":"2024-04-18T13:28:53","modified_gmt":"2024-04-18T11:28:53","slug":"bolsos-medianos","status":"publish","type":"page","link":"https:\/\/cosechabags.com\/es\/bolsos-medianos\/","title":{"rendered":"Bolsos medianos"},"content":{"rendered":"\t\t<div data-elementor-type=\"wp-page\" data-elementor-id=\"1722\" class=\"elementor elementor-1722 elementor-874\" data-elementor-post-type=\"page\">\n\t\t\t\t<div class=\"elementor-element elementor-element-2fc1b402 e-flex e-con-boxed e-con e-parent\" data-id=\"2fc1b402\" data-element_type=\"container\" data-e-type=\"container\">\n\t\t\t\t\t<div class=\"e-con-inner\">\n\t\t\t\t\t<\/div>\n\t\t\t\t<\/div>\n\t\t<div class=\"elementor-element elementor-element-2ed0d08 e-flex e-con-boxed e-con e-parent\" data-id=\"2ed0d08\" data-element_type=\"container\" data-e-type=\"container\">\n\t\t\t\t\t<div class=\"e-con-inner\">\n\t\t\t\t<div class=\"elementor-element elementor-element-6687f54a elementor-widget elementor-widget-text-editor\" data-id=\"6687f54a\" data-element_type=\"widget\" data-e-type=\"widget\" data-widget_type=\"text-editor.default\">\n\t\t\t\t<div class=\"elementor-widget-container\">\n\t\t\t\t\t\t\t\t\t<p>Ad\u00e9ntrate en la exquisita colecci\u00f3n de bolsos medianos de crochet de Cosecha Bags. Cada pieza est\u00e1 tejida a mano meticulosamente por artesanos Wayuu, ofreciendo un equilibrio entre practicidad y atractivo est\u00e9tico. Estos bolsos vers\u00e1tiles son perfectos para quienes valoran la artesan\u00eda y necesitan un poco m\u00e1s de espacio para sus esenciales diarios. Sum\u00e9rgete en el rico legado Wayuu con un toque moderno que complementa cualquier atuendo, en cualquier d\u00eda.<\/p>\n\t\t\t\t\t\t\t\t<\/div>\n\t\t\t\t<\/div>\n\t\t\t\t\t<\/div>\n\t\t\t\t<\/div>\n\t\t\t\t<\/div>\n\t\t","protected":false},"excerpt":{"rendered":"<p>Ad\u00e9ntrate en la exquisita colecci\u00f3n de bolsos medianos de crochet de Cosecha Bags. Cada pieza est\u00e1 tejida a mano meticulosamente por artesanos Wayuu, ofreciendo un equilibrio entre practicidad y atractivo est\u00e9tico. Estos bolsos vers\u00e1tiles son perfectos para quienes valoran la artesan\u00eda y necesitan un poco m\u00e1s de espacio para sus esenciales diarios. Sum\u00e9rgete en el [&hellip;]<\/p>\n","protected":false},"author":1,"featured_media":0,"parent":0,"menu_order":0,"comment_status":"closed","ping_status":"closed","template":"","meta":{"_joinchat":[],"footnotes":""},"class_list":["post-1722","page","type-page","status-publish","hentry"],"_links":{"self":[{"href":"https:\/\/cosechabags.com\/es\/wp-json\/wp\/v2\/pages\/1722","targetHints":{"allow":["GET"]}}],"collection":[{"href":"https:\/\/cosechabags.com\/es\/wp-json\/wp\/v2\/pages"}],"about":[{"href":"https:\/\/cosechabags.com\/es\/wp-json\/wp\/v2\/types\/page"}],"author":[{"embeddable":true,"href":"https:\/\/cosechabags.com\/es\/wp-json\/wp\/v2\/users\/1"}],"replies":[{"embeddable":true,"href":"https:\/\/cosechabags.com\/es\/wp-json\/wp\/v2\/comments?post=1722"}],"version-history":[{"count":0,"href":"https:\/\/cosechabags.com\/es\/wp-json\/wp\/v2\/pages\/1722\/revisions"}],"wp:attachment":[{"href":"https:\/\/cosechabags.com\/es\/wp-json\/wp\/v2\/media?parent=1722"}],"curies":[{"name":"wp","href":"https:\/\/api.w.org\/{rel}","templated":true}]}}