{"id":1720,"date":"2024-02-12T13:31:01","date_gmt":"2024-02-12T12:31:01","guid":{"rendered":"https:\/\/cosechabags.com\/bolsos-wayuu-grandes\/"},"modified":"2025-08-01T20:57:56","modified_gmt":"2025-08-01T18:57:56","slug":"bolsos-wayuu-grandes","status":"publish","type":"page","link":"https:\/\/cosechabags.com\/es\/bolsos-wayuu-grandes\/","title":{"rendered":"Bolsos Wayuu Grandes"},"content":{"rendered":"\t\t<div data-elementor-type=\"wp-page\" data-elementor-id=\"1720\" class=\"elementor elementor-1720 elementor-887\" data-elementor-post-type=\"page\">\n\t\t\t\t<div class=\"elementor-element elementor-element-7b5146ee e-flex e-con-boxed e-con e-parent\" data-id=\"7b5146ee\" data-element_type=\"container\" data-e-type=\"container\">\n\t\t\t\t\t<div class=\"e-con-inner\">\n\t\t\t\t\t<\/div>\n\t\t\t\t<\/div>\n\t\t<div class=\"elementor-element elementor-element-16db15ae e-flex e-con-boxed e-con e-parent\" data-id=\"16db15ae\" data-element_type=\"container\" data-e-type=\"container\">\n\t\t\t\t\t<div class=\"e-con-inner\">\n\t\t\t\t<div class=\"elementor-element elementor-element-55cc412e elementor-widget elementor-widget-text-editor\" data-id=\"55cc412e\" data-element_type=\"widget\" data-e-type=\"widget\" data-widget_type=\"text-editor.default\">\n\t\t\t\t<div class=\"elementor-widget-container\">\n\t\t\t\t\t\t\t\t\t<p>Descubre la selecci\u00f3n exclusiva de bolsos Wayuu grandes de crochet en Cosecha Bags. Dise\u00f1ados para encarnar el esp\u00edritu de la cultura Wayuu, estos amplios bolsos son m\u00e1s que una declaraci\u00f3n de moda; son una elecci\u00f3n sostenible para la mujer consciente del medio ambiente. Confeccionados meticulosamente por artesanos ind\u00edgenas, nuestros bolsos grandes ofrecen un espacio amplio para tus esenciales, manteni\u00e9ndote equipada con estilo para cualquier aventura. Celebra la uni\u00f3n perfecta de funcionalidad y arte tradicional con nuestra colecci\u00f3n totalmente artesanal.<\/p>\n\t\t\t\t\t\t\t\t<\/div>\n\t\t\t\t<\/div>\n\t\t\t\t\t<\/div>\n\t\t\t\t<\/div>\n\t\t\t\t<\/div>\n\t\t","protected":false},"excerpt":{"rendered":"<p>Descubre la selecci\u00f3n exclusiva de bolsos Wayuu grandes de crochet en Cosecha Bags. Dise\u00f1ados para encarnar el esp\u00edritu de la cultura Wayuu, estos amplios bolsos son m\u00e1s que una declaraci\u00f3n de moda; son una elecci\u00f3n sostenible para la mujer consciente del medio ambiente. Confeccionados meticulosamente por artesanos ind\u00edgenas, nuestros bolsos grandes ofrecen un espacio amplio [&hellip;]<\/p>\n","protected":false},"author":1,"featured_media":0,"parent":0,"menu_order":0,"comment_status":"closed","ping_status":"closed","template":"","meta":{"_joinchat":[],"footnotes":""},"class_list":["post-1720","page","type-page","status-publish","hentry"],"_links":{"self":[{"href":"https:\/\/cosechabags.com\/es\/wp-json\/wp\/v2\/pages\/1720","targetHints":{"allow":["GET"]}}],"collection":[{"href":"https:\/\/cosechabags.com\/es\/wp-json\/wp\/v2\/pages"}],"about":[{"href":"https:\/\/cosechabags.com\/es\/wp-json\/wp\/v2\/types\/page"}],"author":[{"embeddable":true,"href":"https:\/\/cosechabags.com\/es\/wp-json\/wp\/v2\/users\/1"}],"replies":[{"embeddable":true,"href":"https:\/\/cosechabags.com\/es\/wp-json\/wp\/v2\/comments?post=1720"}],"version-history":[{"count":1,"href":"https:\/\/cosechabags.com\/es\/wp-json\/wp\/v2\/pages\/1720\/revisions"}],"predecessor-version":[{"id":4970,"href":"https:\/\/cosechabags.com\/es\/wp-json\/wp\/v2\/pages\/1720\/revisions\/4970"}],"wp:attachment":[{"href":"https:\/\/cosechabags.com\/es\/wp-json\/wp\/v2\/media?parent=1720"}],"curies":[{"name":"wp","href":"https:\/\/api.w.org\/{rel}","templated":true}]}}