{"id":1710,"date":"2024-02-12T14:14:42","date_gmt":"2024-02-12T13:14:42","guid":{"rendered":"https:\/\/cosechabags.com\/bolsos-cilindricos\/"},"modified":"2024-04-18T13:30:46","modified_gmt":"2024-04-18T11:30:46","slug":"bolsos-cilindricos","status":"publish","type":"page","link":"https:\/\/cosechabags.com\/es\/bolsos-cilindricos\/","title":{"rendered":"Bolsos redondos"},"content":{"rendered":"\t\t<div data-elementor-type=\"wp-page\" data-elementor-id=\"1710\" class=\"elementor elementor-1710 elementor-977\" data-elementor-post-type=\"page\">\n\t\t\t\t<div class=\"elementor-element elementor-element-380fb768 e-flex e-con-boxed e-con e-parent\" data-id=\"380fb768\" data-element_type=\"container\" data-e-type=\"container\">\n\t\t\t\t\t<div class=\"e-con-inner\">\n\t\t\t\t\t<\/div>\n\t\t\t\t<\/div>\n\t\t<div class=\"elementor-element elementor-element-5b0dcf53 e-flex e-con-boxed e-con e-parent\" data-id=\"5b0dcf53\" data-element_type=\"container\" data-e-type=\"container\">\n\t\t\t\t\t<div class=\"e-con-inner\">\n\t\t\t\t<div class=\"elementor-element elementor-element-6167776e elementor-widget elementor-widget-text-editor\" data-id=\"6167776e\" data-element_type=\"widget\" data-e-type=\"widget\" data-widget_type=\"text-editor.default\">\n\t\t\t\t<div class=\"elementor-widget-container\">\n\t\t\t\t\t\t\t\t\t<p>Sum\u00e9rgete en la exclusiva selecci\u00f3n de bolsos redondos Wayuu en Cosecha Bags, una sinfon\u00eda de arte cultural y dise\u00f1o contempor\u00e1neo. Estos bolsos no son solo una declaraci\u00f3n de moda, sino un enlace con la rica herencia Wayuu, meticulosamente artesanal por artesanos habilidosos. Los bolsos cil\u00edndricos de Cosecha se erigen como una celebraci\u00f3n del meticuloso artesanado, uniendo la funcionalidad que deseas con los patrones tradicionales que cuentan una historia. Nuestra gama cuidadosamente curada habla al alma de la moda ecol\u00f3gica, abrazando un viaje de elegancia \u00e9tica y dise\u00f1o robusto. Cada bolso cil\u00edndrico de nuestra colecci\u00f3n promete una mezcla de practicidad cotidiana con la vibrante belleza del arte colombiano, perfecto para la mujer que lleva el mundo en su bolso<\/p>\n\t\t\t\t\t\t\t\t<\/div>\n\t\t\t\t<\/div>\n\t\t\t\t\t<\/div>\n\t\t\t\t<\/div>\n\t\t\t\t<\/div>\n\t\t","protected":false},"excerpt":{"rendered":"<p>Sum\u00e9rgete en la exclusiva selecci\u00f3n de bolsos redondos Wayuu en Cosecha Bags, una sinfon\u00eda de arte cultural y dise\u00f1o contempor\u00e1neo. Estos bolsos no son solo una declaraci\u00f3n de moda, sino un enlace con la rica herencia Wayuu, meticulosamente artesanal por artesanos habilidosos. Los bolsos cil\u00edndricos de Cosecha se erigen como una celebraci\u00f3n del meticuloso artesanado, [&hellip;]<\/p>\n","protected":false},"author":1,"featured_media":0,"parent":0,"menu_order":0,"comment_status":"closed","ping_status":"closed","template":"","meta":{"_joinchat":[],"footnotes":""},"class_list":["post-1710","page","type-page","status-publish","hentry"],"_links":{"self":[{"href":"https:\/\/cosechabags.com\/es\/wp-json\/wp\/v2\/pages\/1710","targetHints":{"allow":["GET"]}}],"collection":[{"href":"https:\/\/cosechabags.com\/es\/wp-json\/wp\/v2\/pages"}],"about":[{"href":"https:\/\/cosechabags.com\/es\/wp-json\/wp\/v2\/types\/page"}],"author":[{"embeddable":true,"href":"https:\/\/cosechabags.com\/es\/wp-json\/wp\/v2\/users\/1"}],"replies":[{"embeddable":true,"href":"https:\/\/cosechabags.com\/es\/wp-json\/wp\/v2\/comments?post=1710"}],"version-history":[{"count":0,"href":"https:\/\/cosechabags.com\/es\/wp-json\/wp\/v2\/pages\/1710\/revisions"}],"wp:attachment":[{"href":"https:\/\/cosechabags.com\/es\/wp-json\/wp\/v2\/media?parent=1710"}],"curies":[{"name":"wp","href":"https:\/\/api.w.org\/{rel}","templated":true}]}}