{"id":1637,"date":"2023-09-15T07:55:34","date_gmt":"2023-09-15T05:55:34","guid":{"rendered":"https:\/\/cosechabags.com\/sobre-nosotros\/"},"modified":"2024-06-18T12:48:03","modified_gmt":"2024-06-18T10:48:03","slug":"sobre-nosotros","status":"publish","type":"page","link":"https:\/\/cosechabags.com\/es\/sobre-nosotros\/","title":{"rendered":"Sobre nosotros"},"content":{"rendered":"\t\t<div data-elementor-type=\"wp-page\" data-elementor-id=\"1637\" class=\"elementor elementor-1637 elementor-11\" data-elementor-post-type=\"page\">\n\t\t\t\t<div class=\"elementor-element elementor-element-c572e57 e-flex e-con-boxed e-con e-parent\" data-id=\"c572e57\" data-element_type=\"container\" data-e-type=\"container\">\n\t\t\t\t\t<div class=\"e-con-inner\">\n\t\t\t\t<div class=\"elementor-element elementor-element-e0747ae elementor-widget elementor-widget-heading\" data-id=\"e0747ae\" data-element_type=\"widget\" data-e-type=\"widget\" data-widget_type=\"heading.default\">\n\t\t\t\t<div class=\"elementor-widget-container\">\n\t\t\t\t\t<h1 class=\"elementor-heading-title elementor-size-default\">Sobre <span style=\"font-weight: 300\">nosotros<\/span> <\/h1>\t\t\t\t<\/div>\n\t\t\t\t<\/div>\n\t\t\t\t\t<\/div>\n\t\t\t\t<\/div>\n\t\t<div class=\"elementor-element elementor-element-11d66cd e-flex e-con-boxed e-con e-parent\" data-id=\"11d66cd\" data-element_type=\"container\" data-e-type=\"container\">\n\t\t\t\t\t<div class=\"e-con-inner\">\n\t\t<div class=\"elementor-element elementor-element-07ceb82 e-con-full e-flex e-con e-child\" data-id=\"07ceb82\" data-element_type=\"container\" data-e-type=\"container\">\n\t\t\t\t<div class=\"elementor-element elementor-element-a5000f2 elementor-widget elementor-widget-heading\" data-id=\"a5000f2\" data-element_type=\"widget\" data-e-type=\"widget\" data-widget_type=\"heading.default\">\n\t\t\t\t<div class=\"elementor-widget-container\">\n\t\t\t\t\t<h2 class=\"elementor-heading-title elementor-size-default\">Wayuu <span style=\"font-weight: 300\">Cosecha Arte Colombiano <\/span> <\/h2>\t\t\t\t<\/div>\n\t\t\t\t<\/div>\n\t\t\t\t<div class=\"elementor-element elementor-element-22e1f3b elementor-widget elementor-widget-text-editor\" data-id=\"22e1f3b\" data-element_type=\"widget\" data-e-type=\"widget\" data-widget_type=\"text-editor.default\">\n\t\t\t\t<div class=\"elementor-widget-container\">\n\t\t\t\t\t\t\t\t\t<p>Cosechabags.com es una marca de \u00abWayuu Cosecha Arte Colombiano\u00bb, una empresa establecida en 2012 en Riohacha, La Guajira, Colombia.<br \/>Desde el 2012 apoyamos a las Comunidades wayuu, a trav\u00e9s del pago de un precio justo por los productos, as\u00ed como un proceso de capacitaci\u00f3n permanente en temas de calidad, que permiten la sostenibilidad de un n\u00famero importante de familias y el aseguramiento de la calidad en nuestro producto final, consolid\u00e1ndonos como l\u00edderes en la venta al por mayor de bolsos wayuu a nivel mundial.<\/p>\t\t\t\t\t\t\t\t<\/div>\n\t\t\t\t<\/div>\n\t\t\t\t<\/div>\n\t\t<div class=\"elementor-element elementor-element-6ea53af e-con-full e-flex e-con e-child\" data-id=\"6ea53af\" data-element_type=\"container\" data-e-type=\"container\">\n\t\t\t\t<div class=\"elementor-element elementor-element-b36c7fc elementor-widget elementor-widget-image\" data-id=\"b36c7fc\" data-element_type=\"widget\" data-e-type=\"widget\" data-widget_type=\"image.default\">\n\t\t\t\t<div class=\"elementor-widget-container\">\n\t\t\t\t\t\t\t\t\t\t\t\t\t\t\t<img fetchpriority=\"high\" decoding=\"async\" width=\"800\" height=\"534\" src=\"https:\/\/cosechabags.com\/wp-content\/uploads\/2024\/02\/beautiful-vibrant-handmade-bags-store-1024x683.jpg\" class=\"attachment-large size-large wp-image-1520\" alt=\"\" srcset=\"https:\/\/cosechabags.com\/wp-content\/uploads\/2024\/02\/beautiful-vibrant-handmade-bags-store-1024x683.jpg 1024w, https:\/\/cosechabags.com\/wp-content\/uploads\/2024\/02\/beautiful-vibrant-handmade-bags-store-300x200.jpg 300w, https:\/\/cosechabags.com\/wp-content\/uploads\/2024\/02\/beautiful-vibrant-handmade-bags-store-768x512.jpg 768w, https:\/\/cosechabags.com\/wp-content\/uploads\/2024\/02\/beautiful-vibrant-handmade-bags-store-1320x880.jpg 1320w, https:\/\/cosechabags.com\/wp-content\/uploads\/2024\/02\/beautiful-vibrant-handmade-bags-store-600x400.jpg 600w, https:\/\/cosechabags.com\/wp-content\/uploads\/2024\/02\/beautiful-vibrant-handmade-bags-store.jpg 1500w\" sizes=\"(max-width: 800px) 100vw, 800px\" \/>\t\t\t\t\t\t\t\t\t\t\t\t\t\t\t<\/div>\n\t\t\t\t<\/div>\n\t\t\t\t<\/div>\n\t\t\t\t\t<\/div>\n\t\t\t\t<\/div>\n\t\t<div class=\"elementor-element elementor-element-ee4bd6a e-flex e-con-boxed e-con e-parent\" data-id=\"ee4bd6a\" data-element_type=\"container\" data-e-type=\"container\">\n\t\t\t\t\t<div class=\"e-con-inner\">\n\t\t<div class=\"elementor-element elementor-element-8266689 e-con-full e-flex e-con e-child\" data-id=\"8266689\" data-element_type=\"container\" data-e-type=\"container\">\n\t\t\t\t<div class=\"elementor-element elementor-element-9012c8e elementor-widget elementor-widget-heading\" data-id=\"9012c8e\" data-element_type=\"widget\" data-e-type=\"widget\" data-widget_type=\"heading.default\">\n\t\t\t\t<div class=\"elementor-widget-container\">\n\t\t\t\t\t<h2 class=\"elementor-heading-title elementor-size-default\">Apoyando a las comunidades<\/h2>\t\t\t\t<\/div>\n\t\t\t\t<\/div>\n\t\t\t\t<div class=\"elementor-element elementor-element-504c905 elementor-widget elementor-widget-text-editor\" data-id=\"504c905\" data-element_type=\"widget\" data-e-type=\"widget\" data-widget_type=\"text-editor.default\">\n\t\t\t\t<div class=\"elementor-widget-container\">\n\t\t\t\t\t\t\t\t\t<p>Pagamos un precio justo, establecemos relaciones de largo plazo con nuestros l\u00edderes y tejedores, seguimos de cerca la evoluci\u00f3n de sus econom\u00edas y los apoyamos permanentemente, si progresan podr\u00e1n ofrecernos cada vez mejores soluciones a nuestro negocio.<\/p>\t\t\t\t\t\t\t\t<\/div>\n\t\t\t\t<\/div>\n\t\t\t\t<\/div>\n\t\t<div class=\"elementor-element elementor-element-3f532aa e-con-full e-flex e-con e-child\" data-id=\"3f532aa\" data-element_type=\"container\" data-e-type=\"container\">\n\t\t\t\t<div class=\"elementor-element elementor-element-cfd9696 elementor-widget elementor-widget-heading\" data-id=\"cfd9696\" data-element_type=\"widget\" data-e-type=\"widget\" data-widget_type=\"heading.default\">\n\t\t\t\t<div class=\"elementor-widget-container\">\n\t\t\t\t\t<h2 class=\"elementor-heading-title elementor-size-default\">Calidad<\/h2>\t\t\t\t<\/div>\n\t\t\t\t<\/div>\n\t\t\t\t<div class=\"elementor-element elementor-element-5f0b37c elementor-widget elementor-widget-text-editor\" data-id=\"5f0b37c\" data-element_type=\"widget\" data-e-type=\"widget\" data-widget_type=\"text-editor.default\">\n\t\t\t\t<div class=\"elementor-widget-container\">\n\t\t\t\t\t\t\t\t\t<p>Tenemos un alto est\u00e1ndar de Calidad, no estamos satisfechos, para nosotros nunca es suficiente, siempre podemos mejorar y ofrecer productos de mejor calidad a nuestros clientes. Nuestro combustible es un cliente satisfecho. Esto nos motiva a seguir mejorando.<\/p>\t\t\t\t\t\t\t\t<\/div>\n\t\t\t\t<\/div>\n\t\t\t\t<\/div>\n\t\t<div class=\"elementor-element elementor-element-24f79b3 e-con-full e-flex e-con e-child\" data-id=\"24f79b3\" data-element_type=\"container\" data-e-type=\"container\">\n\t\t\t\t<div class=\"elementor-element elementor-element-e39fefd elementor-widget elementor-widget-heading\" data-id=\"e39fefd\" data-element_type=\"widget\" data-e-type=\"widget\" data-widget_type=\"heading.default\">\n\t\t\t\t<div class=\"elementor-widget-container\">\n\t\t\t\t\t<h2 class=\"elementor-heading-title elementor-size-default\">Innovaci\u00f3n<\/h2>\t\t\t\t<\/div>\n\t\t\t\t<\/div>\n\t\t\t\t<div class=\"elementor-element elementor-element-46322a0 elementor-widget elementor-widget-text-editor\" data-id=\"46322a0\" data-element_type=\"widget\" data-e-type=\"widget\" data-widget_type=\"text-editor.default\">\n\t\t\t\t<div class=\"elementor-widget-container\">\n\t\t\t\t\t\t\t\t\t<p>Involucramos a todos nuestros empleados y aliados en un proceso creativo, donde el desarrollo de nuevos dise\u00f1os se premia seg\u00fan el resultado. Nos reinventamos constantemente.<\/p>\t\t\t\t\t\t\t\t<\/div>\n\t\t\t\t<\/div>\n\t\t\t\t<\/div>\n\t\t<div class=\"elementor-element elementor-element-d1a6399 e-con-full e-flex e-con e-child\" data-id=\"d1a6399\" data-element_type=\"container\" data-e-type=\"container\">\n\t\t\t\t<div class=\"elementor-element elementor-element-a4b325d elementor-widget elementor-widget-heading\" data-id=\"a4b325d\" data-element_type=\"widget\" data-e-type=\"widget\" data-widget_type=\"heading.default\">\n\t\t\t\t<div class=\"elementor-widget-container\">\n\t\t\t\t\t<h2 class=\"elementor-heading-title elementor-size-default\">Servicio<\/h2>\t\t\t\t<\/div>\n\t\t\t\t<\/div>\n\t\t\t\t<div class=\"elementor-element elementor-element-173ee41 elementor-widget elementor-widget-text-editor\" data-id=\"173ee41\" data-element_type=\"widget\" data-e-type=\"widget\" data-widget_type=\"text-editor.default\">\n\t\t\t\t<div class=\"elementor-widget-container\">\n\t\t\t\t\t\t\t\t\t<p>Buscamos siempre la satisfacci\u00f3n de nuestros clientes, entregando los productos en las cantidades requeridas, en el plazo acordado y con la mejor calidad.<\/p>\t\t\t\t\t\t\t\t<\/div>\n\t\t\t\t<\/div>\n\t\t\t\t<\/div>\n\t\t\t\t\t<\/div>\n\t\t\t\t<\/div>\n\t\t\t\t<\/div>\n\t\t","protected":false},"excerpt":{"rendered":"<p>Sobre nosotros Wayuu Cosecha Arte Colombiano Cosechabags.com es una marca de \u00abWayuu Cosecha Arte Colombiano\u00bb, una empresa establecida en 2012 en Riohacha, La Guajira, Colombia.Desde el 2012 apoyamos a las Comunidades wayuu, a trav\u00e9s del pago de un precio justo por los productos, as\u00ed como un proceso de capacitaci\u00f3n permanente en temas de calidad, que [&hellip;]<\/p>\n","protected":false},"author":1,"featured_media":0,"parent":0,"menu_order":0,"comment_status":"closed","ping_status":"closed","template":"","meta":{"_joinchat":[],"footnotes":""},"class_list":["post-1637","page","type-page","status-publish","hentry"],"_links":{"self":[{"href":"https:\/\/cosechabags.com\/es\/wp-json\/wp\/v2\/pages\/1637","targetHints":{"allow":["GET"]}}],"collection":[{"href":"https:\/\/cosechabags.com\/es\/wp-json\/wp\/v2\/pages"}],"about":[{"href":"https:\/\/cosechabags.com\/es\/wp-json\/wp\/v2\/types\/page"}],"author":[{"embeddable":true,"href":"https:\/\/cosechabags.com\/es\/wp-json\/wp\/v2\/users\/1"}],"replies":[{"embeddable":true,"href":"https:\/\/cosechabags.com\/es\/wp-json\/wp\/v2\/comments?post=1637"}],"version-history":[{"count":0,"href":"https:\/\/cosechabags.com\/es\/wp-json\/wp\/v2\/pages\/1637\/revisions"}],"wp:attachment":[{"href":"https:\/\/cosechabags.com\/es\/wp-json\/wp\/v2\/media?parent=1637"}],"curies":[{"name":"wp","href":"https:\/\/api.w.org\/{rel}","templated":true}]}}